{"id":4175,"date":"2024-04-15T19:09:09","date_gmt":"2024-04-15T19:09:09","guid":{"rendered":"https:\/\/brendanogle.ie\/politische-plattform-nur-text-version\/"},"modified":"2024-04-15T19:09:09","modified_gmt":"2024-04-15T19:09:09","slug":"politische-plattform-nur-text-version","status":"publish","type":"page","link":"https:\/\/brendanogle.ie\/de\/politische-plattform-nur-text-version\/","title":{"rendered":"Politische Plattform Nur-Text-Version"},"content":{"rendered":"<h1 class=\"p1\" style=\"color: #1b3550;\"><span class=\"s1\">POLITISCHE PLATTFORM<\/span><\/h1>\n<h2 class=\"p3\"><span class=\"s1\">Verschaffen Sie Dublin Geh\u00f6r!<\/span><\/h2>\n<p class=\"p4\"><span class=\"s1\">Mein B\u00fcro in Dublin wird ein Infor\u00adma\u00adtions- und Lernzen\u00adtrum sein, in dem man sich \u00fcber die besten Prak\u00adtiken in ganz Europa in Fra\u00adgen informieren kann, die die Men\u00adschen in Dublin grundle\u00adgend betr\u00ade\u00adf\u00adfen. Ich werde Work\u00adshops ein\u00adricht\u00aden und den Aus\u00adtausch von Infor\u00adma\u00adtio\u00adnen und F\u00e4higkeit\u00aden f\u00f6rdern. Dublin wird zum ersten Mal auf Gemein\u00adschaft\u00adsebene das Beste sehen, was Europa zu bieten hat\u201d.<\/span><\/p>\n<h3 style=\"color: #1b3550;\"><span class=\"s1\">Eine Stimme f\u00fcr Dublin<\/span><\/h3>\n<h4 class=\"p7\"><span class=\"s1\">Politische Ma\u00dfnahmen<\/span><\/h4>\n<h5 style=\"color: #1b3550;\"><span class=\"s1\"><b>Europ\u00e4ische Union<\/b><\/span><\/h5>\n<p class=\"p8\"><span class=\"s1\">Die irischen Europaab\u00adge\u00adord\u00adneten haben noch nie das Beste von Europa nach Dublin gebracht. Sie haben sich pas\u00adsiv und selb\u00adst\u00adge\u00adf\u00e4l\u00adlig ver\u00adhal\u00adten. Die Europ\u00e4is\u00adche Union hat viele Schw\u00e4chen, darunter ein Demokratiede\u00adfiz\u00adit in ihren Struk\u00adturen. Aber es ist nicht alles schlecht, und die Men\u00adschen in Dublin ver\u00adlieren das Beste von Europa<\/span><\/p>\n<p class=\"p8\"><span class=\"s1\">Warum kostet die Kinder\u00adbe\u00adtreu\u00adung in Deutsch\u00adland nur einen Bruchteil dessen, was sie in Dublin kostet, wo sie das gr\u00f6\u00dfte Hin\u00adder\u00adnis ist, das Frauen von der Arbeit abh\u00e4lt?<\/span><\/p>\n<p class=\"p8\"><span class=\"s1\">Wie kann Schwe\u00adden ein Bil\u00addungssys\u00adtem haben, das vom fr\u00fch\u00adesten Alter an wirk\u00adlich \u201clebenslang\u201d ist und auch die \u201cau\u00dfer\u00adschulis\u00adche Betreu\u00adung\u201d ein\u00adschlie\u00dft?<\/span><\/p>\n<p class=\"p8\"><span class=\"s1\">Wie kann es sein, dass Finn\u00adland die Obdachlosigkeit prak\u00adtisch beseit\u00adi\u00adgen kann?<\/span><\/p>\n<p class=\"p8\"><span class=\"s1\">W\u00e4re es nicht von Vorteil, wenn wir zumin\u00add\u00adest \u00fcber das por\u00adtugiesis\u00adche Dro\u00adgen\u00adbe\u00adhand\u00adlungssys\u00adtem disku\u00adtieren und etwas dar\u00fcber ler\u00adnen w\u00fcr\u00adden?<\/span><\/p>\n<p class=\"p8\"><span class=\"s1\">Den Iren wurde nie gezeigt, welchen Wert die Gemein\u00adschaft hat und welch\u00ades Poten\u00adzial die Europ\u00e4is\u00adche Union wirk\u00adlich hat. Als Ihr unab\u00adh\u00e4ngiger Dublin\u00ader Europaab\u00adge\u00adord\u00adneter werde ich etwas tun, was es noch nie gegeben hat.<\/span><\/p>\n<p class=\"p8\"><span class=\"s1\">PLEDGE \u2018<i>Mein Dublin\u00ader B\u00fcro wird zu einem Infor\u00adma\u00adtions- und Lernzen\u00adtrum wer\u00adden, in dem man sich \u00fcber die besten Prak\u00adtiken in ganz Europa in Fra\u00adgen informieren kann, die die Men\u00adschen in Dublin grundle\u00adgend betr\u00ade\u00adf\u00adfen. Ich werde Work\u00adshops ein\u00adricht\u00aden und den Aus\u00adtausch von Infor\u00adma\u00adtio\u00adnen und F\u00e4higkeit\u00aden f\u00f6rdern. In Dublin wird die erste Mannschaft auf Gemein\u00adschaft\u00adsebene das Beste sehen, was Europa zu bieten hat.<\/i>\u2019<\/span><\/p>\n<p class=\"p8\"><span class=\"s1\">Ich habe noch nie geh\u00f6rt, dass ein irisches Mit\u00adglied des Europ\u00e4is\u00adchen Par\u00adla\u00adments diese Frage gestellt hat:<\/span><\/p>\n<p class=\"p8\"><span class=\"s1\">\u201cWie funk\u00adtion\u00adiert der bel\u00adgis\u00adche Ansatz f\u00fcr die \u00f6ffentliche Gesund\u00adheitsvor\u00adsorge?<\/span><\/p>\n<p class=\"p8\"><span class=\"s1\">\u201cWie schaf\u00adfen es die Deutschen, die Kinder\u00adbe\u00adtreu\u00adungskosten so niedrig zu hal\u00adten?<\/span><\/p>\n<p class=\"p8\"><span class=\"s1\">\u2018Wie schaf\u00adfen es die Woh\u00adnungs\u00adbaugenossen\u00adschaften in St\u00e4dten wie Berlin und Antwer\u00adpen, bezahlbaren Wohn\u00adraum zu schaf\u00adfen\u2019.<\/span><\/p>\n<p class=\"p8\"><span class=\"s1\">Als Ihr unab\u00adh\u00e4ngiger Europaab\u00adge\u00adord\u00adneter aus Dublin stelle ich diese Fra\u00adgen und bringe die Antworten und die Men\u00adschen zu Ihnen.<\/span><\/p>\n<p class=\"p8\"><span class=\"s1\">Ich bin nicht pas\u00adsiv. Ich m\u00f6chte Ver\u00e4n\u00adderun\u00adgen bewirken. Das ist es, was ich bin und was ich immer ver\u00adsucht habe, in mein\u00ader Arbeit und in meinem Leben zu tun. Ich m\u00f6chte Ihr Europaab\u00adge\u00adord\u00adneter wer\u00adden, weil ich dazu beitra\u00adgen m\u00f6chte, die Men\u00adschen in Dublin dar\u00fcber zu informieren, wie sie dazu gebracht wur\u00adden, die derzeit\u00adige Vorge\u00adhensweise der Fian\u00adna Fail und der Fine Gael als die einzig richtige zu akzep\u00adtieren.<\/span><\/p>\n<p class=\"p8\"><span class=\"s1\">Das ist es nicht, und es ist ein Mis\u00adser\u00adfolg! Wir m\u00fcssen unseren Geist und unsere Augen f\u00fcr das Beste aus Europa \u00f6ff\u00adnen.<\/span><\/p>\n<p class=\"p8\"><span class=\"s1\">Die Europ\u00e4is\u00adche Union ist voll\u00adgepackt mit L\u00e4n\u00addern, die dem kap\u00adi\u00adtal\u00adis\u00adtis\u00adchen Mod\u00adell eben\u00adso verpflichtet sind wie Irland, und doch kann sie in der Tat :<\/span><\/p>\n<p class=\"p8\"><span class=\"s1\">-Uni\u00adverselle Gesund\u00adheitsver\u00adsorgung<\/span><\/p>\n<p class=\"p8\"><span class=\"s1\">- bil\u00adlige Kinder\u00adbe\u00adtreu\u00adung,<\/span><\/p>\n<p class=\"p8\"><span class=\"s1\">- 4\u2011Tage-Arbeitswoche<\/span><\/p>\n<p class=\"p8\"><span class=\"s1\">- 10 Wochen Urlaub f\u00fcr Arbeit\u00adnehmer<\/span><\/p>\n<p class=\"p8\"><span class=\"s1\">- eine wirk\u00adlich kosten\u00adlose Hochschu\u00adlaus\u00adbil\u00addung<\/span><\/p>\n<p class=\"p8\"><span class=\"s1\">- ein ver\u00adankertes \u201cRecht auf Wohnen<\/span><\/p>\n<p class=\"p8\"><span class=\"s1\">- g\u00fcn\u00adstige Preise f\u00fcr Kfz-Ver\u00adsicherun\u00adgen und vieles mehr.<\/span><\/p>\n<p class=\"p8\"><span class=\"s1\">Brauchen die Men\u00adschen in Dublin diese Dinge nicht? Haben wir diese Dinge nicht ver\u00addi\u00adent?<\/span><\/p>\n<p class=\"p8\"><span class=\"s1\">Ich werde nicht nur laut\u00adstark f\u00fcr Dublin sprechen und Dublin ins Zen\u00adtrum Europas r\u00fcck\u00aden, son\u00addern auch alles, was Sie \u00fcber das Beste in Europa zu all diesen The\u00admen und mehr wis\u00adsen m\u00fcssen, direkt in Ihre Gemeinde brin\u00adgen.<\/span><\/p>\n<p class=\"p8\"><span class=\"s1\">Ich biete Ihnen eine andere Sichtweise auf Ihre Europ\u00e4is\u00adche Union, einen v\u00f6l\u00adlig neuen Ansatz. Als Ihr unab\u00adh\u00e4ngiger Europaab\u00adge\u00adord\u00adneter werde ich zu 100 % f\u00fcr eine neue, frische Sichtweise auf Europa und die L\u00f6sung der Prob\u00adleme in Dublin sor\u00adgen.<\/span><\/p>\n<p class=\"p8\"><span class=\"s1\">DUBLIN IN DEN MITTELPUNKT VON EUROPA R\u00dcCKEN \u2014 DUBLIN GEH\u00d6R VERSCHAFFEN<\/span><\/p>\n<h5 style=\"color: #1b3550;\"><span class=\"s1\"><b>Geh\u00e4use<\/b><\/span><\/h5>\n<p class=\"p10\"><span class=\"s1\">Unser Woh\u00adnungsnot\u00adstand ist eine direk\u00adte Folge der Regierungspoli\u00adtik. Es han\u00addelt sich nicht um einen Unfall oder eine \u201ch\u00f6here Gewalt\u201d. Sie ist das unmit\u00adtel\u00adbare und einzig m\u00f6gliche Ergeb\u00adnis ein\u00ader klaren Entschei\u00addung der Regierung, n\u00e4m\u00adlich keine Sozial\u00adwoh\u00adnun\u00adgen zu bauen.<\/span><\/p>\n<p class=\"p10\"><span class=\"s1\">Der Ursprung dieser Entschei\u00addung liegt in der bis in die fr\u00fchen 1980er Jahre zur\u00fcck\u00adre\u00adichen\u00adden Ide\u00adolo\u00adgie der Thatch\u00ader-Regierung, die das men\u00adschliche Grundbed\u00fcrf\u00adnis und Recht auf ein Dach \u00fcber dem Kopf ohne R\u00fcck\u00adsicht auf die men\u00adschlichen Fol\u00adgen als Ware f\u00fcr den Prof\u00adit, ja sog\u00adar als Luxus behan\u00addelt. Seit\u00addem haben sich alle Regierungsparteien dieser Ide\u00adolo\u00adgie angeschlossen, und zwar in einem solchen Aus\u00adma\u00df, dass die lokalen Beh\u00f6r\u00adden ihrer F\u00e4higkeit, Woh\u00adnun\u00adgen zu bauen, sowie ihrer F\u00e4higkeit\u00aden und Ressourcen beraubt wur\u00adden, echte Sozial\u00adwoh\u00adnun\u00adgen zu schaf\u00adfen und zu erhal\u00adten. Stattdessen haben sie dieses \u00f6ffentliche Gut voll\u00adst\u00e4ndig einem gieri\u00adgen, auf Prof\u00adit aus\u00adgerichteten Pri\u00advat\u00adsek\u00adtor \u00fcber\u00adlassen, der sich nicht um das Gemein\u00adwohl oder soziale Bed\u00fcrfnisse k\u00fcm\u00admert.<\/span><\/p>\n<p class=\"p10\"><span class=\"s1\">Jahrzehnte dieser recht\u00adsex\u00adtremen Ide\u00adolo\u00adgie haben dazu gef\u00fchrt, dass es nur noch einen winzi\u00adgen \u00f6ffentlichen Woh\u00adnungs\u00adbe\u00adstand gibt. Inzwis\u00adchen gibt es Gen\u00ader\u00ada\u00adtio\u00adnen von jun\u00adgen Men\u00adschen, deren Erwartun\u00adgen an ein eigenes Haus nicht mehr als ein Wun\u00adschtraum sind, den sie bis in ihre 20er, 30er und sog\u00adar 40er Jahre hinein hegen, w\u00e4hrend sie ein bizarres Leben in Abh\u00e4ngigkeit von ihren Eltern oder anderen Fam\u00adi\u00adlien\u00admit\u00adgliedern f\u00fchren, obwohl sie eigentlich ein unab\u00adh\u00e4ngiges Leben f\u00fchren soll\u00adten. Es gibt noch viele andere bizarre und unmen\u00adschliche Fol\u00adgen dieser Ide\u00adolo\u00adgie:<\/span><\/p>\n<ul class=\"ul1\">\n<li class=\"li11\"><span class=\"s1\">Getren\u00adnte und geschiedene Paare, die zum Zusam\u00admen\u00adleben gezwun\u00adgen wer\u00adden<\/span><\/li>\n<li class=\"li11\"><span class=\"s1\">Couch\u00adsurf\u00ading\u201d und eine Kul\u00adtur der erzwun\u00adgenen Heimab\u00adh\u00e4ngigkeit<\/span><\/li>\n<li class=\"li11\"><span class=\"s1\">Men\u00adschen, die gezwun\u00adgen sind, stun\u00adden\u00adlang von ihrer Arbeit fernzubleiben, mit schw\u00ader\u00adwiegen\u00adden Fol\u00adgen f\u00fcr Gesund\u00adheit und Umwelt<\/span><\/li>\n<li class=\"li11\"><span class=\"s1\">Schock\u00adierende Aus\u00adma\u00dfe der Obdachlosigkeit, ein\u00adschlie\u00dflich der Obdachlosigkeit von Kindern, die das Leben zer\u00adst\u00f6ren und unmen\u00adschliche Lebens\u00adbe\u00addin\u00adgun\u00adgen schaf\u00adfen, die mit ein\u00ader zivil\u00adisierten Gesellschaft nicht vere\u00adin\u00adbar sind<\/span><\/li>\n<\/ul>\n<p class=\"p10\"><span class=\"s1\">Irland braucht ein mas\u00adsives \u00f6ffentlich\u00ades Woh\u00adnungs\u00adbaupro\u00adgramm, das dem gieri\u00adgen Pri\u00advat\u00adsek\u00adtor bei der Bere\u00adit\u00adstel\u00adlung von Wohn\u00adraum Konkur\u00adrenz macht. Dies wird die notwendi\u00adge dop\u00adpelte Wirkung haben, das Ange\u00adbot zu erh\u00f6hen und die Kosten zu senken und damit den Woh\u00adnungsnot\u00adstand zu lin\u00addern. Auf zen\u00adtraler Ebene und durch die lokalen Beh\u00f6r\u00adden w\u00fcrde ein solch\u00ades Pro\u00adgramm f\u00fcr die Bere\u00adit\u00adstel\u00adlung \u00f6ffentlich\u00ader H\u00e4user die Ver\u00adsorgung unser\u00ader Men\u00adschen und die Wieder\u00adher\u00adstel\u00adlung lebendi\u00adger, funk\u00adtionaler Gemein\u00adschaften \u00fcber das heutige gescheit\u00aderte Woh\u00adnungs\u00adbau\u00admod\u00adell stellen, das auss\u00adchlie\u00dflich auf Prof\u00adit und Thatch\u00ader-Ide\u00adolo\u00adgie basiert.<\/span><\/p>\n<p class=\"p8\"><span class=\"s2\">In ganz Europa kann eine gute Gesund\u00adheit\u00adspoli\u00adtik betrieben wer\u00adden, und oft gelingt dies auch, wobei Beispiele wie Wien ein Vor\u00adbild sind, das wir anstreben k\u00f6n\u00adnen. Wir m\u00fcssen die spal\u00adtende Ide\u00adolo\u00adgie aus dem Woh\u00adnungs\u00adbau her\u00adaus\u00adnehmen und jet\u00adzt Sozial\u00adwoh\u00adnun\u00adgen bauen. Nichts anderes ist in der Lage, die Not\u00adlage zu beheben.<\/span><\/p>\n<h5 style=\"color: #1b3550;\"><span class=\"s1\"><b>Migration<\/b><\/span><\/h5>\n<p class=\"p13\"><span class=\"s1\">Text fol\u00adgt noch<\/span><\/p>\n<h5 style=\"color: #1b3550;\"><span class=\"s1\"><b>Gesundheitswesen<\/b><\/span><\/h5>\n<p class=\"p15\"><span class=\"s1\">Als \u00dcber\u00adleben\u00adder von Krebs, auch aus famil\u00adi\u00e4ren Gr\u00fcn\u00adden, bin ich mit unserem Gesund\u00adheitssys\u00adtem sehr ver\u00adtraut. Es ist ein dys\u00adfunk\u00adtionales Sys\u00adtem voller hart arbei\u00adt\u00aden\u00adder, engagiert\u00ader Pflegekr\u00e4fte, die mit Prob\u00adle\u00admen, die sie nicht selb\u00adst verur\u00adsacht haben, so gut wie m\u00f6glich umge\u00adhen. Auch hier ist die Ursache der Dys\u00adfunk\u00adtion ide\u00adol\u00ado\u00adgis\u00adch\u00ader Natur. Die L\u00f6sung liegt auf der Hand und wurde vom irischen Volk bere\u00adits in Auf\u00adtrag gegeben.<\/span><\/p>\n<p class=\"p15\"><span class=\"s1\">Wir haben f\u00fcr ein ein\u00adstu\u00adfiges, kosten\u00adlos\u00ades Gesund\u00adheitssys\u00adtem ges\u00adtimmt, das auss\u00adchlie\u00dflich auf der Grund\u00adlage des Bedarfs an medi\u00adzinis\u00adch\u00ader Ver\u00adsorgung und kein\u00ader anderen Fak\u00adtoren bere\u00adit\u00adgestellt wird. Nie\u00admand sollte ster\u00adben oder krank bleiben, weil er keine Gesund\u00adheitsver\u00adsorgung erh\u00e4lt, die er bekom\u00admen w\u00fcrde, wenn er nur mehr Geld oder eine pri\u00advate Kranken\u00adver\u00adsicherung h\u00e4tte. Das ist eine Obsz\u00f6nit\u00e4t. Die notwendi\u00adge grundle\u00adgende Reform unseres Sys\u00adtems wurde von allen Parteien ver\u00adsprochen, aber von kein\u00ader einge\u00adhal\u00adten. Dies ist ein ekla\u00adtan\u00adter Ver\u00adsto\u00df gegen das Man\u00addat, das ihnen von den Men\u00adschen, die sie gew\u00e4hlt haben, erteilt wurde.<\/span><\/p>\n<p class=\"p15\"><span class=\"s1\">Die \u201cSlain\u00adte\u00adcare\u201d muss vor\u00adrangig und partei\u00fcber\u00adgreifend f\u00fcr uns alle umge\u00adset\u00adzt wer\u00adden. Die Gesund\u00adheit unser\u00ader Bev\u00f6lkerung ist zu wichtig, als dass sie den Launen poli\u00adtis\u00adch\u00ader Willk\u00fcr oder einem unangemesse\u00adnen Gewinnstreben unter\u00adwor\u00adfen wer\u00adden darf, das mitunter \u00fcber Leben und Tod entschei\u00addet, je nach\u00addem, wie gut es den Men\u00adschen geht. Das muss aufh\u00f6ren.<\/span><\/p>\n<p>F\u00fcr weit\u00adere Infor\u00adma\u00adtio\u00adnen wen\u00adden Sie sich bitte an Bren\u00addan hier info@brendanogle.ie<\/p>\n<p>Klick\u00aden Sie auf den Link, um zur Haupt\u00adseite der poli\u00adtis\u00adchen Plat\u00adtform mit Bildern und Videos zur\u00fcck\u00adzukehren <a href=\"https:\/\/brendanogle.ie\/political-platform\/\"><br>\n  <b>HIER<\/b><br>\n<\/a><\/p>\n","protected":false},"excerpt":{"rendered":"<p>POLITISCHE PLATTFORM Ver\u00adschaf\u00adfen Sie Dublin Geh\u00f6r! Mein B\u00fcro in Dublin wird ein Infor\u00ad\u00adma\u00ad\u00adtions- und Lernzen\u00adtrum sein, in dem man sich \u00fcber die besten Prak\u00adtiken in ganz Europa in Fra\u00adgen informieren kann, die die Men\u00adschen in Dublin grundle\u00adgend betr\u00ade\u00adf\u00adfen. Ich werde Work\u00adshops ein\u00adricht\u00aden und den Aus\u00adtausch von Infor\u00adma\u00adtio\u00adnen und F\u00e4higkeit\u00aden f\u00f6rdern. Dublin wird zum ersten Mal\u2026 <a class=\"continue\" href=\"https:\/\/brendanogle.ie\/de\/politische-plattform-nur-text-version\/\">Con\u00adtin\u00adue Read\u00ading<span> Poli\u00adtis\u00adche Plat\u00adtform Nur-Text-Ver\u00adsion<\/span><\/a><\/p>\n","protected":false},"author":1,"featured_media":0,"parent":0,"menu_order":0,"comment_status":"closed","ping_status":"closed","template":"","meta":{"_et_pb_use_builder":"","_et_pb_old_content":"","_et_gb_content_width":"","wp_typography_post_enhancements_disabled":false,"footnotes":""},"class_list":["post-4175","page","type-page","status-publish","hentry"],"_links":{"self":[{"href":"https:\/\/brendanogle.ie\/de\/wp-json\/wp\/v2\/pages\/4175","targetHints":{"allow":["GET"]}}],"collection":[{"href":"https:\/\/brendanogle.ie\/de\/wp-json\/wp\/v2\/pages"}],"about":[{"href":"https:\/\/brendanogle.ie\/de\/wp-json\/wp\/v2\/types\/page"}],"author":[{"embeddable":true,"href":"https:\/\/brendanogle.ie\/de\/wp-json\/wp\/v2\/users\/1"}],"replies":[{"embeddable":true,"href":"https:\/\/brendanogle.ie\/de\/wp-json\/wp\/v2\/comments?post=4175"}],"version-history":[{"count":0,"href":"https:\/\/brendanogle.ie\/de\/wp-json\/wp\/v2\/pages\/4175\/revisions"}],"wp:attachment":[{"href":"https:\/\/brendanogle.ie\/de\/wp-json\/wp\/v2\/media?parent=4175"}],"curies":[{"name":"wp","href":"https:\/\/api.w.org\/{rel}","templated":true}]}}