{"id":4178,"date":"2024-04-15T19:09:09","date_gmt":"2024-04-15T19:09:09","guid":{"rendered":"https:\/\/brendanogle.ie\/plataforma-politica-version-solo-texto\/"},"modified":"2024-04-15T19:09:09","modified_gmt":"2024-04-15T19:09:09","slug":"plataforma-politica-version-solo-texto","status":"publish","type":"page","link":"https:\/\/brendanogle.ie\/es\/plataforma-politica-version-solo-texto\/","title":{"rendered":"Plataforma pol\u00edtica Versi\u00f3n s\u00f3lo texto"},"content":{"rendered":"<h1 class=\"p1\" style=\"color: #1b3550;\"><span class=\"s1\">PLATAFORMA POL\u00cdTICA<\/span><\/h1>\n<h2 class=\"p3\"><span class=\"s1\">Haga o\u00edr su voz en Dubl\u00edn<\/span><\/h2>\n<p class=\"p4\"><span class=\"s1\">Mi Ofic\u00adi\u00adna de Dubl\u00edn se con\u00adver\u00adtir\u00e1 en un cen\u00adtro de infor\u00adma\u00adci\u00f3n y apren\u00addiza\u00adje donde se podr\u00e1n cono\u00adcer las mejores pr\u00e1c\u00adti\u00adcas de toda Europa en cues\u00adtiones que afectan fun\u00adda\u00admen\u00adtal\u00admente a los habi\u00adtantes de Dubl\u00edn. Estable\u00adcer\u00e9 talleres e inter\u00adcam\u00adbios de infor\u00adma\u00adci\u00f3n y com\u00adpe\u00adten\u00adcias. Por primera vez, Dubl\u00edn ver\u00e1 a escala comu\u00adni\u00adtaria lo mejor que Europa puede ofre\u00adcer\u201d.<\/span><\/p>\n<h3 style=\"color: #1b3550;\"><span class=\"s1\">Una voz para Dubl\u00edn<\/span><\/h3>\n<h4 class=\"p7\"><span class=\"s1\">Pol\u00edticas<\/span><\/h4>\n<h5 style=\"color: #1b3550;\"><span class=\"s1\"><b>Uni\u00f3n Europea<\/b><\/span><\/h5>\n<p class=\"p8\"><span class=\"s1\">Los eurodiputa\u00addos irlan\u00addeses nun\u00adca han tra\u00ed\u00addo lo mejor de Europa a Dubl\u00edn. Han sido pasivos y com\u00adplac\u00adi\u00adentes. La Uni\u00f3n Euro\u00adpea tiene muchos defec\u00adtos, entre ellos un d\u00e9ficit democr\u00e1ti\u00adco en sus estruc\u00adturas. Pero no todo es malo y los dubli\u00adne\u00adses se est\u00e1n per\u00addi\u00aden\u00addo lo mejor de Europa<\/span><\/p>\n<p class=\"p8\"><span class=\"s1\">\u00bfPor qu\u00e9 el cuida\u00addo de los ni\u00f1os cues\u00adta en Ale\u00adma\u00adnia una frac\u00adci\u00f3n de lo que cues\u00adta en Dubl\u00edn, donde es el may\u00ador imped\u00adi\u00admen\u00adto para que las mujeres tra\u00adba\u00adjen?<\/span><\/p>\n<p class=\"p8\"><span class=\"s1\">\u00bfC\u00f3mo puede Sue\u00adcia ten\u00ader un sis\u00adtema educa\u00adti\u00advo que sea real\u00admente \u201cinte\u00adgral\u201d des\u00adde las edades m\u00e1s tem\u00adpranas y que incluya tam\u00adbi\u00e9n la \u201caten\u00adci\u00f3n extraesco\u00adlar\u201d?<\/span><\/p>\n<p class=\"p8\"><span class=\"s1\">\u00bfC\u00f3mo puede Fin\u00adlan\u00addia erradicar pr\u00e1c\u00adti\u00adca\u00admente la fal\u00adta de vivien\u00adda?<\/span><\/p>\n<p class=\"p8\"><span class=\"s1\">\u00bfNo nos ven\u00addr\u00eda bien al menos debatir y cono\u00adcer el sis\u00adtema por\u00adtugu\u00e9s de tratamien\u00adto de la dro\u00adgode\u00adpen\u00adden\u00adcia?<\/span><\/p>\n<p class=\"p8\"><span class=\"s1\">A los irlan\u00addeses nun\u00adca se les ha mostra\u00addo el val\u00ador comu\u00adni\u00adtario transac\u00adcional y el poten\u00adcial real de la Uni\u00f3n Euro\u00adpea. Como su eurodiputa\u00addo inde\u00adpen\u00addi\u00adente de Dubl\u00edn har\u00e9 algo que nun\u00adca se ha hecho antes.<\/span><\/p>\n<p class=\"p8\"><span class=\"s1\">PLEDGE \u2018<i>Mi Ofic\u00adi\u00adna de Dubl\u00edn se con\u00adver\u00adtir\u00e1 en un cen\u00adtro de infor\u00adma\u00adci\u00f3n y apren\u00addiza\u00adje en el que se podr\u00e1n cono\u00adcer las mejores pr\u00e1c\u00adti\u00adcas de toda Europa en cues\u00adtiones que afectan fun\u00adda\u00admen\u00adtal\u00admente a los habi\u00adtantes de Dubl\u00edn. Estable\u00adcer\u00e9 talleres e inter\u00adcam\u00adbios de infor\u00adma\u00adci\u00f3n y com\u00adpe\u00adten\u00adcias. Por primera vez, Dubl\u00edn ver\u00e1 a niv\u00adel comu\u00adni\u00adtario lo mejor que puede ofre\u00adcer Europa.<\/i>\u2019<\/span><\/p>\n<p class=\"p8\"><span class=\"s1\">Nun\u00adca he o\u00eddo pre\u00adgun\u00adtar a ning\u00fan eurodiputa\u00addo irland\u00e9s:<\/span><\/p>\n<p class=\"p8\"><span class=\"s1\">c\u00f3mo fun\u00adciona el planteamien\u00adto bel\u00adga de las dis\u00adposi\u00adciones de salud p\u00fabli\u00adca\u201d, o<\/span><\/p>\n<p class=\"p8\"><span class=\"s1\">\u00bfC\u00f3mo con\u00adsiguen los ale\u00admanes man\u00adten\u00ader tan bajos los costes de las guarder\u00edas?<\/span><\/p>\n<p class=\"p8\"><span class=\"s1\">c\u00f3mo hacen las coop\u00ader\u00ada\u00adti\u00advas de vivien\u00addas de ciu\u00addades como Berl\u00edn y Amberes para ofre\u00adcer vivien\u00addas ase\u00adquibles\u201d.<\/span><\/p>\n<p class=\"p8\"><span class=\"s1\">Como su eurodiputa\u00addo inde\u00adpen\u00addi\u00adente de Dubl\u00edn, le hago estas pre\u00adgun\u00adtas y le trai\u00adgo las respues\u00adtas, y a la gente.<\/span><\/p>\n<p class=\"p8\"><span class=\"s1\">No soy pasi\u00advo. Quiero cam\u00adbiar las cosas. Eso es lo que soy y lo que siem\u00adpre he inten\u00adta\u00addo hac\u00ader en mi tra\u00adba\u00adjo y en mi vida. Quiero ser su eurodiputa\u00addo porque quiero ayu\u00addar a infor\u00admar a los ciu\u00addadanos de Dubl\u00edn de c\u00f3mo se les ha \u201cgasi\u00adfi\u00adca\u00addo\u201d para que acepten que la for\u00adma actu\u00adal de hac\u00ader las cosas, la de Fian\u00adna Fail y Fine Gael, es la \u00fani\u00adca.<\/span><\/p>\n<p class=\"p8\"><span class=\"s1\">No lo es, \u00a1y es un fra\u00adca\u00adso! Ten\u00ademos que abrir nues\u00adtras mentes y nue\u00adstros ojos a lo mejor de Europa.<\/span><\/p>\n<p class=\"p8\"><span class=\"s1\">La Uni\u00f3n Euro\u00adpea est\u00e1 reple\u00adta de pa\u00eds\u00ades tan com\u00adpro\u00admeti\u00addos con el mod\u00ade\u00adlo cap\u00adi\u00adtal\u00adista como lo ha esta\u00addo siem\u00adpre Irlan\u00adda y, sin embar\u00adgo, puede :<\/span><\/p>\n<p class=\"p8\"><span class=\"s1\">-sanidad uni\u00adver\u00adsal<\/span><\/p>\n<p class=\"p8\"><span class=\"s1\">- guarder\u00edas baratas,<\/span><\/p>\n<p class=\"p8\"><span class=\"s1\">- Sem\u00adanas lab\u00ado\u00adrales de 4 d\u00edas<\/span><\/p>\n<p class=\"p8\"><span class=\"s1\">- 10 sem\u00adanas de vaca\u00adciones para los tra\u00adba\u00adjadores<\/span><\/p>\n<p class=\"p8\"><span class=\"s1\">- ense\u00f1an\u00adza uni\u00adver\u00adsi\u00adtaria real\u00admente gra\u00adtui\u00adta<\/span><\/p>\n<p class=\"p8\"><span class=\"s1\">- un \u201cdere\u00adcho a la vivien\u00adda\u201d con\u00adsagra\u00addo<\/span><\/p>\n<p class=\"p8\"><span class=\"s1\">- pre\u00adcios com\u00adpet\u00adi\u00adtivos de seguros de coche, y mucho m\u00e1s.<\/span><\/p>\n<p class=\"p8\"><span class=\"s1\">\u00bfNo nece\u00adsi\u00adtan estas cosas los habi\u00adtantes de Dubl\u00edn? \u00bfNo nos mere\u00adce\u00admos estas cosas?<\/span><\/p>\n<p class=\"p8\"><span class=\"s1\">Adem\u00e1s de hablar en voz alta en favor de Dubl\u00edn, de situ\u00adar a Dubl\u00edn en el coraz\u00f3n de Europa, lle\u00advar\u00e9 a su comu\u00adnidad todo lo que nece\u00adsi\u00adta saber sobre lo mejor de Europa en todas estas cues\u00adtiones y m\u00e1s.<\/span><\/p>\n<p class=\"p8\"><span class=\"s1\">Ofrez\u00adco una for\u00adma difer\u00adente de ver la Uni\u00f3n Euro\u00adpea, un enfoque com\u00adple\u00adta\u00admente nue\u00advo. Como eurodiputa\u00addo inde\u00adpen\u00addi\u00adente, apor\u00adtar\u00e9 el 100% de mi con\u00adtribu\u00adci\u00f3n y una nue\u00adva y fres\u00adca for\u00adma de ver Europa, de eval\u00adu\u00adar c\u00f3mo resolver los prob\u00adle\u00admas de Dubl\u00edn.<\/span><\/p>\n<p class=\"p8\"><span class=\"s1\">SITUAR A DUBL\u00cdN EN EL CORAZ\u00d3N DE LA EUROPA \u2014 HACER O\u00cdR LA VOZ DE DUBL\u00cdN<\/span><\/p>\n<h5 style=\"color: #1b3550;\"><span class=\"s1\"><b>Vivienda<\/b><\/span><\/h5>\n<p class=\"p10\"><span class=\"s1\">Nues\u00adtra emer\u00adgen\u00adcia habita\u00adcional es con\u00adse\u00adcuen\u00adcia direc\u00adta de la pol\u00edti\u00adca del Gob\u00adier\u00adno. No es un acci\u00addente ni un \u201cacto de Dios\u201d. Es el resul\u00adta\u00addo direc\u00adto y \u00fani\u00adco posi\u00adble de una clara elec\u00adci\u00f3n del Gob\u00adier\u00adno: la de no con\u00adstru\u00adir vivien\u00addas de pro\u00adtec\u00adci\u00f3n ofi\u00adcial.<\/span><\/p>\n<p class=\"p10\"><span class=\"s1\">La g\u00e9ne\u00adsis de esta elec\u00adci\u00f3n es la ide\u00adolog\u00eda thatch\u00aderista, que se remon\u00adta a prin\u00adci\u00adp\u00adios de la d\u00e9ca\u00adda de 1980, de tratar la necesi\u00addad humana b\u00e1si\u00adca y el dere\u00adcho a un techo sobre nues\u00adtras cabezas como una mer\u00adcanc\u00eda con fines lucra\u00adtivos, inclu\u00adso como un lujo, sin ten\u00ader en cuen\u00adta las con\u00adse\u00adcuen\u00adcias humanas. Todos los par\u00adtidos que han gob\u00ader\u00adna\u00addo des\u00adde entonces se han suma\u00addo a esta ide\u00adolog\u00eda has\u00adta tal pun\u00adto que las autori\u00addades locales se han vis\u00adto pri\u00advadas de su capaci\u00addad de con\u00adstruc\u00adci\u00f3n de vivien\u00addas y de los conocimien\u00adtos y recur\u00adsos nece\u00adsar\u00adios para pro\u00adducir y man\u00adten\u00ader aut\u00e9n\u00adti\u00adcas vivien\u00addas sociales. En lugar de ello, han aban\u00addon\u00ada\u00addo por com\u00adple\u00adto este bien p\u00fabli\u00adco a un avaro sec\u00adtor pri\u00adva\u00addo \u201ccon \u00e1ni\u00admo de lucro\u201d que carece por com\u00adple\u00adto de toda pre\u00adocu\u00adpaci\u00f3n por el bien com\u00fan o las necesi\u00addades sociales.<\/span><\/p>\n<p class=\"p10\"><span class=\"s1\">D\u00e9cadas de esta ide\u00adolog\u00eda de extrema derecha han dado como resul\u00adta\u00addo que s\u00f3lo quede un min\u00fas\u00adcu\u00adlo par\u00adque de vivien\u00addas p\u00fabli\u00adcas. Mien\u00adtras tan\u00adto, aho\u00adra hay gen\u00adera\u00adciones de j\u00f3venes cuyas expec\u00adta\u00adti\u00advas de ten\u00ader su propia casa se ha con\u00adver\u00adtido en no m\u00e1s que una quimera que tienen a los 20, 30 e inclu\u00adso 40 a\u00f1os mien\u00adtras viv\u00aden vidas extra\u00f1as depen\u00addi\u00aden\u00addo de los padres u otros famil\u00adiares cuan\u00addo deber\u00edan lle\u00advar vidas inde\u00adpen\u00addi\u00adentes. Hay muchas otras con\u00adse\u00adcuen\u00adcias extra\u00f1as e inhu\u00admanas de esta ide\u00adolog\u00eda:<\/span><\/p>\n<ul class=\"ul1\">\n<li class=\"li11\"><span class=\"s1\">Pare\u00adjas sep\u00ada\u00adradas y divor\u00adci\u00adadas oblig\u00adadas a cohab\u00aditar<\/span><\/li>\n<li class=\"li11\"><span class=\"s1\">Couch\u00adsurf\u00ading\u201d y la cul\u00adtura de la depen\u00adden\u00adcia for\u00adzosa del hog\u00adar<\/span><\/li>\n<li class=\"li11\"><span class=\"s1\">La gente se ve oblig\u00ada\u00adda a vivir horas de su tra\u00adba\u00adjo con graves con\u00adse\u00adcuen\u00adcias para la salud y el medio ambi\u00adente<\/span><\/li>\n<li class=\"li11\"><span class=\"s1\">Nive\u00adles escan\u00addalosos de per\u00adsonas sin hog\u00adar, inclu\u00adi\u00addos ni\u00f1os, que arru\u00adinan vidas e impo\u00adnen condi\u00adciones de vida inhu\u00admanas incom\u00adpat\u00adi\u00adbles con una sociedad civ\u00adi\u00adliza\u00adda.<\/span><\/li>\n<\/ul>\n<p class=\"p10\"><span class=\"s1\">Irlan\u00adda nece\u00adsi\u00adta un pro\u00adgra\u00adma masi\u00advo de con\u00adstruc\u00adci\u00f3n de vivien\u00addas p\u00fabli\u00adcas que supon\u00adga una com\u00adpe\u00adten\u00adcia para el avari\u00adcioso sec\u00adtor pri\u00adva\u00addo del sum\u00adin\u00adistro de vivien\u00addas. Esto ten\u00addr\u00e1 el doble efec\u00adto nece\u00adsario de aumen\u00adtar la ofer\u00adta y abaratar los costes, ali\u00advian\u00addo as\u00ed la emer\u00adgen\u00adcia inmo\u00adbil\u00adiaria. A niv\u00adel cen\u00adtral, y a trav\u00e9s de las autori\u00addades locales, este pro\u00adgra\u00adma de pro\u00advisi\u00f3n de casas p\u00fabli\u00adcas ver\u00eda el cuida\u00addo de nues\u00adtra gente y la recreaci\u00f3n de comu\u00adnidades fun\u00adcionales vibrantes colo\u00adcadas por enci\u00adma del mod\u00ade\u00adlo de vivien\u00adda fal\u00adli\u00addo de hoy, que se basa \u00fani\u00adca\u00admente en el ben\u00adefi\u00adcio y la ide\u00adolog\u00eda thatch\u00aderi\u00adana.<\/span><\/p>\n<p class=\"p8\"><span class=\"s2\">En toda Europa se pueden con\u00adseguir, y a menudo se con\u00adsiguen, bue\u00adnas pol\u00edti\u00adcas de salud p\u00fabli\u00adca, con ejem\u00adp\u00adlos como el de Viena en par\u00adtic\u00adu\u00adlar, que demues\u00adtran ser un mod\u00ade\u00adlo al que podemos aspi\u00adrar. Ten\u00ademos que elim\u00adi\u00adnar la ide\u00adolog\u00eda divi\u00adso\u00adria de la vivien\u00adda y con\u00adstru\u00adir vivien\u00addas p\u00fabli\u00adcas ya. Nada m\u00e1s es capaz de hac\u00ader frente a la emer\u00adgen\u00adcia.<\/span><\/p>\n<h5 style=\"color: #1b3550;\"><span class=\"s1\"><b>Migraci\u00f3n<\/b><\/span><\/h5>\n<p class=\"p13\"><span class=\"s1\">Tex\u00adto por venir<\/span><\/p>\n<h5 style=\"color: #1b3550;\"><span class=\"s1\"><b>Sanidad<\/b><\/span><\/h5>\n<p class=\"p15\"><span class=\"s1\">Como super\u00adviviente de un c\u00e1ncer, y tam\u00adbi\u00e9n por razones famil\u00adiares, conoz\u00adco muy bien nue\u00adstro sis\u00adtema san\u00adi\u00adtario. Se tra\u00adta de un sis\u00adtema dis\u00adfun\u00adcional reple\u00adto de cuidadores ded\u00adi\u00adca\u00addos y tra\u00adba\u00adjadores que afrontan como pueden prob\u00adle\u00admas que no son de su incum\u00adben\u00adcia. Una vez m\u00e1s, la g\u00e9ne\u00adsis de la dis\u00adfun\u00adci\u00f3n es ide\u00adol\u00f3g\u00adi\u00adca. El reme\u00addio es obvio y ya ha sido orde\u00adna\u00addo por el pueblo irland\u00e9s.<\/span><\/p>\n<p class=\"p15\"><span class=\"s1\">Hemos vota\u00addo y se nos ha prometi\u00addo un sis\u00adtema san\u00adi\u00adtario de un solo niv\u00adel, gra\u00adtu\u00adito en el pun\u00adto de uso y presta\u00addo exclu\u00adsi\u00adva\u00admente en fun\u00adci\u00f3n de las necesi\u00addades san\u00adi\u00adtarias y de ning\u00fan otro fac\u00adtor. Nadie deber\u00eda morir, o seguir enfer\u00admo, por fal\u00adta de una asis\u00adten\u00adcia san\u00adi\u00adtaria disponible que obten\u00addr\u00eda si dis\u00adpusiera de m\u00e1s dinero o de un seguro m\u00e9di\u00adco pri\u00adva\u00addo. Es una obscenidad. Todos los par\u00adtidos han prometi\u00addo la refor\u00adma fun\u00adda\u00admen\u00adtal que nece\u00adsi\u00adta nue\u00adstro sis\u00adtema, pero ninguno la ha lle\u00adva\u00addo a cabo. Se tra\u00adta de un incumplim\u00adien\u00adto fla\u00adgrante del manda\u00adto que les otorg\u00f3 el pueblo que los eligi\u00f3.<\/span><\/p>\n<p class=\"p15\"><span class=\"s1\">Hay que dar pri\u00ador\u00adi\u00addad a la \u201cSlain\u00adte\u00adcare\u201d y pon\u00ader\u00adla al ser\u00advi\u00adcio de todos. La salud de nue\u00adstros ciu\u00addadanos es demasi\u00ada\u00addo impor\u00adtante para estar suje\u00adta a los capri\u00adchos de la pol\u00edti\u00adca o a un af\u00e1n de lucro inade\u00adcua\u00addo que, a veces, deter\u00admi\u00adna qui\u00e9n vive y qui\u00e9n muere en fun\u00adci\u00f3n de la posi\u00adci\u00f3n econ\u00f3mi\u00adca de las per\u00adsonas. Esto debe acabar.<\/span><\/p>\n<p>Para m\u00e1s infor\u00adma\u00adci\u00f3n, p\u00f3n\u00adgase en con\u00adtac\u00adto con Bren\u00addan aqu\u00ed info@brendanogle.ie<\/p>\n<p>Haga clic en el enlace para volver a la p\u00e1gi\u00adna prin\u00adci\u00adpal de la platafor\u00adma pol\u00edti\u00adca con im\u00e1\u00adgenes y v\u00eddeo <a href=\"https:\/\/brendanogle.ie\/political-platform\/\"><br>\n  <b>AQU\u00cd<\/b><br>\n<\/a><\/p>\n","protected":false},"excerpt":{"rendered":"<p>PLATAFORMA POL\u00cdTICA Haga o\u00edr su voz en Dubl\u00edn Mi Ofic\u00adi\u00adna de Dubl\u00edn se con\u00adver\u00adtir\u00e1 en un cen\u00adtro de infor\u00adma\u00adci\u00f3n y apren\u00addiza\u00adje donde se podr\u00e1n cono\u00adcer las mejores pr\u00e1c\u00adti\u00adcas de toda Europa en cues\u00adtiones que afectan fun\u00adda\u00admen\u00adtal\u00admente a los habi\u00adtantes de Dubl\u00edn. Estable\u00adcer\u00e9 talleres e inter\u00adcam\u00adbios de infor\u00adma\u00adci\u00f3n y com\u00adpe\u00adten\u00adcias. Por primera vez, Dubl\u00edn ver\u00e1 a\u2026 <a class=\"continue\" href=\"https:\/\/brendanogle.ie\/es\/plataforma-politica-version-solo-texto\/\">Con\u00adtin\u00adue Read\u00ading<span> Platafor\u00adma pol\u00edti\u00adca Ver\u00adsi\u00f3n s\u00f3lo tex\u00adto<\/span><\/a><\/p>\n","protected":false},"author":1,"featured_media":0,"parent":0,"menu_order":0,"comment_status":"closed","ping_status":"closed","template":"","meta":{"_et_pb_use_builder":"","_et_pb_old_content":"","_et_gb_content_width":"","wp_typography_post_enhancements_disabled":false,"footnotes":""},"class_list":["post-4178","page","type-page","status-publish","hentry"],"_links":{"self":[{"href":"https:\/\/brendanogle.ie\/es\/wp-json\/wp\/v2\/pages\/4178","targetHints":{"allow":["GET"]}}],"collection":[{"href":"https:\/\/brendanogle.ie\/es\/wp-json\/wp\/v2\/pages"}],"about":[{"href":"https:\/\/brendanogle.ie\/es\/wp-json\/wp\/v2\/types\/page"}],"author":[{"embeddable":true,"href":"https:\/\/brendanogle.ie\/es\/wp-json\/wp\/v2\/users\/1"}],"replies":[{"embeddable":true,"href":"https:\/\/brendanogle.ie\/es\/wp-json\/wp\/v2\/comments?post=4178"}],"version-history":[{"count":0,"href":"https:\/\/brendanogle.ie\/es\/wp-json\/wp\/v2\/pages\/4178\/revisions"}],"wp:attachment":[{"href":"https:\/\/brendanogle.ie\/es\/wp-json\/wp\/v2\/media?parent=4178"}],"curies":[{"name":"wp","href":"https:\/\/api.w.org\/{rel}","templated":true}]}}