{"id":4172,"date":"2024-04-15T19:09:09","date_gmt":"2024-04-15T19:09:09","guid":{"rendered":"https:\/\/brendanogle.ie\/plate-forme-politique-version-texte-seulement\/"},"modified":"2024-04-15T19:09:09","modified_gmt":"2024-04-15T19:09:09","slug":"plate-forme-politique-version-texte-seulement","status":"publish","type":"page","link":"https:\/\/brendanogle.ie\/fr\/plate-forme-politique-version-texte-seulement\/","title":{"rendered":"Plate-forme politique Version texte seulement"},"content":{"rendered":"<h1 class=\"p1\" style=\"color: #1b3550;\"><span class=\"s1\">PROGRAMME POLITIQUE<\/span><\/h1>\n<h2 class=\"p3\"><span class=\"s1\">Faites entendre Dublin !<\/span><\/h2>\n<p class=\"p4\"><span class=\"s1\">Mon bureau de Dublin devien\u00addra un cen\u00adtre d\u2019in\u00adfor\u00adma\u00adtion et d\u2019ap\u00adpren\u00adtis\u00adsage o\u00f9 l\u2019on pour\u00adra pren\u00addre con\u00adnais\u00adsance des meilleures pra\u00adtiques en vigueur en Europe, sur des ques\u00adtions qui touchent fon\u00adda\u00admen\u00adtale\u00adment les habi\u00adtants de Dublin. Je met\u00adtrai en place des ate\u00adliers et des \u00e9changes d\u2019in\u00adfor\u00adma\u00adtions et de com\u00adp\u00e9\u00adtences. Pour la pre\u00admi\u00e8re fois, Dublin ver\u00adra au niveau com\u00admu\u00adnau\u00adtaire ce que l\u2019Eu\u00adrope a de mieux \u00e0 offrir\u201d.<\/span><\/p>\n<h3 style=\"color: #1b3550;\"><span class=\"s1\">Une voix pour Dublin<\/span><\/h3>\n<h4 class=\"p7\"><span class=\"s1\">Politiques politiques<\/span><\/h4>\n<h5 style=\"color: #1b3550;\"><span class=\"s1\"><b>Union europ\u00e9enne<\/b><\/span><\/h5>\n<p class=\"p8\"><span class=\"s1\">Les d\u00e9put\u00e9s europ\u00e9ens irlandais n\u2019ont jamais ramen\u00e9 le meilleur de l\u2019Eu\u00adrope \u00e0 Dublin. Ils ont \u00e9t\u00e9 pas\u00adsifs et com\u00adplaisants. L\u2019U\u00adnion europ\u00e9enne pr\u00e9sente de nom\u00adbreux d\u00e9fauts, dont un d\u00e9ficit d\u00e9moc\u00adra\u00adtique dans ses struc\u00adtures. Mais tout n\u2019est pas noir et les habi\u00adtants de Dublin sont priv\u00e9s du meilleur de l\u2019Eu\u00adrope.<\/span><\/p>\n<p class=\"p8\"><span class=\"s1\">Pourquoi les ser\u00advices de garde d\u2019en\u00adfants en Alle\u00admagne co\u00fb\u00adtent-ils une frac\u00adtion de ce qu\u2019ils co\u00fb\u00adtent \u00e0 Dublin, o\u00f9 ils con\u00adstituent le prin\u00adci\u00adpal obsta\u00adcle \u00e0 l\u2019emploi des femmes ?<\/span><\/p>\n<p class=\"p8\"><span class=\"s1\">Com\u00adment la Su\u00e8de peut-elle se dot\u00ader d\u2019un sys\u00adt\u00e8me d\u2019\u00e9\u00add\u00adu\u00adca\u00adtion qui tienne v\u00e9ri\u00adta\u00adble\u00adment compte de l\u2019ensem\u00adble de la vie d\u00e8s le plus jeune \u00e2ge et qui implique \u00e9gale\u00adment la prise en charge des enfants en dehors de l\u2019\u00e9\u00adcole ?<\/span><\/p>\n<p class=\"p8\"><span class=\"s1\">Com\u00adment se fait-il que la Fin\u00adlande puisse pra\u00adtique\u00adment \u00e9radi\u00adquer le sans-abrisme ?<\/span><\/p>\n<p class=\"p8\"><span class=\"s1\">Ne pour\u00adrions-nous pas b\u00e9n\u00e9\u00adfici\u00ader au moins d\u2019une dis\u00adcus\u00adsion et d\u2019un appren\u00adtis\u00adsage sur le sys\u00adt\u00e8me de traite\u00adment de la tox\u00adi\u00adco\u00admanie au Por\u00adtu\u00adgal ?<\/span><\/p>\n<p class=\"p8\"><span class=\"s1\">On n\u2019a jamais mon\u00adtr\u00e9 aux Irlandais la valeur com\u00admu\u00adnau\u00adtaire trans\u00adac\u00adtion\u00adnelle et le poten\u00adtiel r\u00e9el de l\u2019U\u00adnion europ\u00e9enne. En tant que d\u00e9put\u00e9 europ\u00e9en ind\u00e9pen\u00addant de Dublin, je ferai quelque chose qui n\u2019a jamais \u00e9t\u00e9 fait aupar\u00ada\u00advant.<\/span><\/p>\n<p class=\"p8\"><span class=\"s1\">ENGAGEMENT \u2018<i>Mon bureau de Dublin devien\u00addra un cen\u00adtre d\u2019in\u00adfor\u00adma\u00adtion et d\u2019ap\u00adpren\u00adtis\u00adsage o\u00f9 l\u2019on pour\u00adra pren\u00addre con\u00adnais\u00adsance des meilleures pra\u00adtiques en vigueur en Europe, sur des ques\u00adtions qui affectent fon\u00adda\u00admen\u00adtale\u00adment les habi\u00adtants de Dublin. Je met\u00adtrai en place des ate\u00adliers et des \u00e9changes d\u2019in\u00adfor\u00adma\u00adtions et de com\u00adp\u00e9\u00adtences. Pour la pre\u00admi\u00e8re fois, Dublin ver\u00adra au niveau com\u00admu\u00adnau\u00adtaire ce que l\u2019Eu\u00adrope a de mieux \u00e0 offrir.<\/i>\u2019<\/span><\/p>\n<p class=\"p8\"><span class=\"s1\">Je n\u2019ai jamais enten\u00addu un d\u00e9put\u00e9 irlandais pos\u00ader la ques\u00adtion :<\/span><\/p>\n<p class=\"p8\"><span class=\"s1\">Com\u00adment fonc\u00adtionne l\u2019ap\u00adproche de la Bel\u00adgique en mati\u00e8re de san\u00adt\u00e9 publique ?<\/span><\/p>\n<p class=\"p8\"><span class=\"s1\">Com\u00adment les Alle\u00admands parvi\u00aden\u00adnent-ils \u00e0 main\u00adtenir les frais de garde d\u2019en\u00adfants \u00e0 un niveau aus\u00adsi bas ?<\/span><\/p>\n<p class=\"p8\"><span class=\"s1\">Com\u00adment les coop\u00e9ra\u00adtives d\u2019habi\u00adta\u00adtion de villes comme Berlin et Anvers four\u00adnissent-elles des loge\u00adments abor\u00add\u00adables ?<\/span><\/p>\n<p class=\"p8\"><span class=\"s1\">En tant que d\u00e9put\u00e9 europ\u00e9en ind\u00e9pen\u00addant de Dublin, je pose ces ques\u00adtions et je vous apporte les r\u00e9pons\u00ades, ain\u00adsi que les per\u00adson\u00adnes con\u00adcern\u00e9es.<\/span><\/p>\n<p class=\"p8\"><span class=\"s1\">Je ne suis pas pas\u00adsif. Je veux chang\u00ader les choses. C\u2019est ce que je suis et ce que j\u2019ai tou\u00adjours essay\u00e9 de faire dans mon tra\u00advail et dans ma vie. Je veux \u00eatre votre d\u00e9put\u00e9 europ\u00e9en parce que je veux con\u00adtribuer \u00e0 informer les habi\u00adtants de Dublin de la mani\u00e8re dont ils ont \u00e9t\u00e9 \u201c\u00e9clair\u00e9s au gaz\u201d pour qu\u2019ils acceptent que la mani\u00e8re actuelle de faire les choses, la mani\u00e8re du Fian\u00adna Fail et du Fine Gael, est la seule mani\u00e8re de faire.<\/span><\/p>\n<p class=\"p8\"><span class=\"s1\">Ce n\u2019est pas le cas, et c\u2019est un \u00e9chec ! Nous devons ouvrir nos esprits et nos yeux au meilleur de l\u2019Eu\u00adrope.<\/span><\/p>\n<p class=\"p8\"><span class=\"s1\">L\u2019U\u00adnion europ\u00e9enne est rem\u00adplie de pays aus\u00adsi attach\u00e9s au mod\u00ad\u00e8le cap\u00adi\u00adtal\u00adiste que l\u2019Ir\u00adlande l\u2019a tou\u00adjours \u00e9t\u00e9 et pour\u00adtant elle peut en fait fournir :<\/span><\/p>\n<p class=\"p8\"><span class=\"s1\">-Soins de san\u00adt\u00e9 uni\u00adversels<\/span><\/p>\n<p class=\"p8\"><span class=\"s1\">- des ser\u00advices de garde d\u2019en\u00adfants bon march\u00e9,<\/span><\/p>\n<p class=\"p8\"><span class=\"s1\">- Semaines de tra\u00advail de 4 jours<\/span><\/p>\n<p class=\"p8\"><span class=\"s1\">- 10 semaines de vacances pour les tra\u00advailleurs<\/span><\/p>\n<p class=\"p8\"><span class=\"s1\">- un enseigne\u00adment uni\u00adver\u00adsi\u00adtaire v\u00e9ri\u00adta\u00adble\u00adment gra\u00adtu\u00adit<\/span><\/p>\n<p class=\"p8\"><span class=\"s1\">- un \u201cdroit au loge\u00adment\u201d con\u00adsacr\u00e9<\/span><\/p>\n<p class=\"p8\"><span class=\"s1\">- des tar\u00adifs d\u2019as\u00adsur\u00adance auto\u00admo\u00adbile com\u00adp\u00e9ti\u00adtifs, et bien d\u2019autres choses encore.<\/span><\/p>\n<p class=\"p8\"><span class=\"s1\">Les habi\u00adtants de Dublin n\u2019ont-ils pas besoin de ces choses ? Ne m\u00e9ri\u00adtons-nous pas ces choses ?<\/span><\/p>\n<p class=\"p8\"><span class=\"s1\">En plus de par\u00adler haut et fort pour Dublin, de plac\u00ader Dublin au c\u0153ur de l\u2019Eu\u00adrope, je vous apporterai tout ce que vous avez besoin de savoir sur le meilleur de l\u2019Eu\u00adrope sur toutes ces ques\u00adtions et plus encore, directe\u00adment dans votre com\u00admu\u00adnaut\u00e9.<\/span><\/p>\n<p class=\"p8\"><span class=\"s1\">Je pro\u00adpose une autre fa\u00e7on d\u2019en\u00advis\u00adager l\u2019U\u00adnion europ\u00e9enne, une approche totale\u00adment nou\u00advelle. En tant que d\u00e9put\u00e9 europ\u00e9en ind\u00e9pen\u00addant, j\u2019ap\u00adporterai \u00e0 100% une nou\u00advelle fa\u00e7on de voir l\u2019Eu\u00adrope et d\u2019\u00e9\u00adval\u00aduer la mani\u00e8re de r\u00e9soudre les prob\u00adl\u00e8mes de Dublin.<\/span><\/p>\n<p class=\"p8\"><span class=\"s1\">PLACER DUBLIN AU C\u0152UR DE L\u2019EUROPE \u2014 FAIRE ENTENDRE DUBLIN<\/span><\/p>\n<h5 style=\"color: #1b3550;\"><span class=\"s1\"><b>Logement<\/b><\/span><\/h5>\n<p class=\"p10\"><span class=\"s1\">Notre sit\u00adu\u00ada\u00adtion d\u2019ur\u00adgence en mati\u00e8re de loge\u00adment est le r\u00e9sul\u00adtat direct de la poli\u00adtique du gou\u00adverne\u00adment. Il ne s\u2019ag\u00adit pas d\u2019un acci\u00addent ou d\u2019un \u201cacte de Dieu\u201d. C\u2019est le r\u00e9sul\u00adtat direct et le seul pos\u00adsi\u00adble d\u2019un choix clair du gou\u00adverne\u00adment \u2014 ce choix est de ne pas con\u00adstru\u00adire de loge\u00adments soci\u00adaux.<\/span><\/p>\n<p class=\"p10\"><span class=\"s1\">La gen\u00e8se de ce choix est l\u2019id\u00e9olo\u00adgie thatch\u00ad\u00e9ri\u00adenne, qui remonte au d\u00e9but des ann\u00e9es 1980, et qui con\u00adsiste \u00e0 traiter le droit et le besoin humain fon\u00adda\u00admen\u00adtal d\u2019avoir un toit au-dessus de sa t\u00eate comme une marchan\u00addise \u00e0 rentabilis\u00ader, voire comme un luxe, sans tenir compte des con\u00ads\u00e9quences humaines. Depuis, tous les par\u00adtis de gou\u00adverne\u00adment ont adh\u00e9r\u00e9 \u00e0 cette id\u00e9olo\u00adgie, \u00e0 tel point que les autorit\u00e9s locales ont \u00e9t\u00e9 priv\u00e9es de leur capac\u00adit\u00e9 \u00e0 con\u00adstru\u00adire des loge\u00adments et des com\u00adp\u00e9\u00adtences et ressources n\u00e9ces\u00adsaires \u00e0 la pro\u00adduc\u00adtion et \u00e0 l\u2019en\u00adtre\u00adtien de v\u00e9ri\u00adta\u00adbles loge\u00adments soci\u00adaux. Au lieu de cela, ils ont enti\u00e8re\u00adment aban\u00addon\u00adn\u00e9 ce bien pub\u00adlic \u00e0 un secteur priv\u00e9 avaricieux \u201c\u00e0 but lucratif\u201d, totale\u00adment d\u00e9pourvu de toute pr\u00e9oc\u00adcu\u00adpa\u00adtion pour le bien com\u00admun ou les besoins soci\u00adaux.<\/span><\/p>\n<p class=\"p10\"><span class=\"s1\">Des d\u00e9cen\u00adnies de cette id\u00e9olo\u00adgie d\u2019ex\u00adtr\u00eame droite ont abouti \u00e0 ce qu\u2019il ne reste plus qu\u2019un minus\u00adcule parc de loge\u00adments soci\u00adaux. Entre-temps, il y a des g\u00e9n\u00e9ra\u00adtions de jeunes gens dont le souhait d\u2019avoir leur pro\u00adpre loge\u00adment n\u2019est plus qu\u2019une chim\u00e8re qu\u2019ils entre\u00adti\u00aden\u00adnent dans la ving\u00adtaine, la trentaine, voire la quar\u00adan\u00adtaine, alors qu\u2019ils m\u00e8nent des vies bizarres en d\u00e9pen\u00addant de leurs par\u00adents ou d\u2019autres mem\u00adbres de leur famille, alors qu\u2019ils devraient men\u00ader une vie ind\u00e9pen\u00addante. Il existe de nom\u00adbreuses autres con\u00ads\u00e9quences bizarres et inhu\u00admaines de cette id\u00e9olo\u00adgie :<\/span><\/p>\n<ul class=\"ul1\">\n<li class=\"li11\"><span class=\"s1\">Les cou\u00adples s\u00e9par\u00e9s et divor\u00adc\u00e9s con\u00adtraints de cohab\u00aditer<\/span><\/li>\n<li class=\"li11\"><span class=\"s1\">Le \u201ccouch\u00adsurf\u00ading\u201d et la cul\u00adture de la d\u00e9pen\u00addance for\u00adc\u00e9e \u00e0 l\u2019\u00e9\u00adgard du foy\u00ader<\/span><\/li>\n<li class=\"li11\"><span class=\"s1\">Des per\u00adson\u00adnes sont oblig\u00ad\u00e9es de vivre des heures de leur tra\u00advail, ce qui a de graves con\u00ads\u00e9quences sur la san\u00adt\u00e9 et l\u2019en\u00advi\u00adron\u00adnement.<\/span><\/li>\n<li class=\"li11\"><span class=\"s1\">Des niveaux choquants de sans-abrisme, y com\u00adpris de sans-abrisme infan\u00adtile, qui g\u00e2chent la vie et imposent des con\u00addi\u00adtions de vie inhu\u00admaines, incom\u00adpat\u00adi\u00adbles avec une soci\u00e9t\u00e9 civil\u00adis\u00e9e.<\/span><\/li>\n<\/ul>\n<p class=\"p10\"><span class=\"s1\">L\u2019Ir\u00adlande a besoin d\u2019un pro\u00adgramme mas\u00adsif de con\u00adstruc\u00adtion de loge\u00adments publics pour con\u00adcur\u00adrencer le secteur priv\u00e9 avaricieux de l\u2019of\u00adfre de loge\u00adments. Cela aura le dou\u00adble effet n\u00e9ces\u00adsaire d\u2019aug\u00admenter l\u2019of\u00adfre et de faire baiss\u00ader les co\u00fbts, ce qui att\u00e9nuera l\u2019ur\u00adgence en mati\u00e8re de loge\u00adment. Au niveau cen\u00adtral et par l\u2019in\u00adter\u00adm\u00e9\u00addi\u00adaire des autorit\u00e9s locales, un tel pro\u00adgramme de mise \u00e0 dis\u00adpo\u00adsi\u00adtion de d\u00e9bits de bois\u00adsons per\u00adme\u00adt\u00adtrait de pren\u00addre soin de nos conci\u00adtoyens et de recr\u00e9er des com\u00admu\u00adnaut\u00e9s fonc\u00adtion\u00adnelles et vivantes qui seraient plac\u00e9es au-dessus du mod\u00ad\u00e8le de loge\u00adment actuel qui a \u00e9chou\u00e9 et qui est bas\u00e9 unique\u00adment sur le prof\u00adit et l\u2019id\u00e9olo\u00adgie thatch\u00ad\u00e9ri\u00adenne.<\/span><\/p>\n<p class=\"p8\"><span class=\"s2\">Dans toute l\u2019Eu\u00adrope, une bonne poli\u00adtique de san\u00adt\u00e9 publique peut \u00eatre men\u00e9e, et l\u2019est sou\u00advent, et des exem\u00adples comme celui de Vienne, en par\u00adti\u00adc\u00aduli\u00ader, s\u2019av\u00e8rent \u00eatre un mod\u00ad\u00e8le auquel nous pou\u00advons aspir\u00ader. Nous devons met\u00adtre fin \u00e0 l\u2019id\u00e9olo\u00adgie qui divise dans le domaine du loge\u00adment et con\u00adstru\u00adire des loge\u00adments soci\u00adaux d\u00e8s main\u00adtenant. Rien d\u2019autre n\u2019est en mesure de r\u00e9pon\u00addre \u00e0 l\u2019ur\u00adgence.<\/span><\/p>\n<h5 style=\"color: #1b3550;\"><span class=\"s1\"><b>Migration<\/b><\/span><\/h5>\n<p class=\"p13\"><span class=\"s1\">Texte \u00e0 venir<\/span><\/p>\n<h5 style=\"color: #1b3550;\"><span class=\"s1\"><b>Soins de sant\u00e9<\/b><\/span><\/h5>\n<p class=\"p15\"><span class=\"s1\">En tant que sur\u00advivante d\u2019un can\u00adcer, et aus\u00adsi pour des raisons famil\u00adiales, je con\u00adnais tr\u00e8s bien notre sys\u00adt\u00e8me de san\u00adt\u00e9. Il s\u2019ag\u00adit d\u2019un sys\u00adt\u00e8me dys\u00adfonc\u00adtion\u00adnel rem\u00adpli de soignants d\u00e9vou\u00e9s qui tra\u00advail\u00adlent dur et qui font de leur mieux pour r\u00e9soudre des prob\u00adl\u00e8mes dont ils ne sont pas respon\u00ads\u00adables. Une fois de plus, la gen\u00e8se du dys\u00adfonc\u00adtion\u00adnement est id\u00e9ologique. Le rem\u00e8de est \u00e9vi\u00addent et a d\u00e9j\u00e0 \u00e9t\u00e9 pre\u00adscrit par le peu\u00adple irlandais.<\/span><\/p>\n<p class=\"p15\"><span class=\"s1\">Nous avons vot\u00e9 pour, et on nous a promis, un sys\u00adt\u00e8me de soins de san\u00adt\u00e9 \u00e0 un seul niveau, gra\u00adtu\u00adit au point d\u2019u\u00adtil\u00adi\u00adsa\u00adtion et fourni unique\u00adment en fonc\u00adtion des besoins en mati\u00e8re de soins de san\u00adt\u00e9 et d\u2019au\u00adcun autre fac\u00adteur. Per\u00adson\u00adne ne devrait mourir ou rester malade parce qu\u2019il n\u2019a pas acc\u00e8s aux soins de san\u00adt\u00e9 dont il pour\u00adrait b\u00e9n\u00e9\u00adfici\u00ader s\u2019il avait plus d\u2019ar\u00adgent ou une assur\u00adance mal\u00adadie priv\u00e9e. C\u2019est une obsc\u00e9nit\u00e9. La r\u00e9forme fon\u00adda\u00admen\u00adtale n\u00e9ces\u00adsaire de notre sys\u00adt\u00e8me a \u00e9t\u00e9 promise par tous les par\u00adtis, mais n\u2019a \u00e9t\u00e9 r\u00e9al\u00adis\u00e9e par aucun d\u2019en\u00adtre eux. Il s\u2019ag\u00adit d\u2019une vio\u00adla\u00adtion fla\u00adgrante du man\u00addat qui leur a \u00e9t\u00e9 con\u00adfi\u00e9 par les per\u00adson\u00adnes qui les ont \u00e9lues.<\/span><\/p>\n<p class=\"p15\"><span class=\"s1\">Les \u201csoins aux esclaves\u201d doivent \u00eatre con\u00adsid\u00ad\u00e9r\u00e9s comme une pri\u00ador\u00adit\u00e9 et \u00eatre mis en \u0153uvre par tous les par\u00adtis, pour notre bien \u00e0 tous. La san\u00adt\u00e9 de nos conci\u00adtoyens est trop impor\u00adtante pour \u00eatre soumise aux al\u00e9as de la poli\u00adtique politi\u00adci\u00adenne ou \u00e0 une logique de prof\u00adit inap\u00adpro\u00adpri\u00e9e qui, par\u00adfois, d\u00e9ter\u00admine qui vit et qui meurt en fonc\u00adtion de l\u2019ai\u00adsance finan\u00adci\u00e8re de cha\u00adcun. Cela doit cess\u00ader.<\/span><\/p>\n<p>Pour plus d\u2019in\u00adfor\u00adma\u00adtions, veuillez con\u00adtac\u00adter Bren\u00addan \u00e0 l\u2019adresse suiv\u00adante : info@brendanogle.ie<\/p>\n<p>Cliquez sur le lien pour revenir \u00e0 la page prin\u00adci\u00adpale du pro\u00adgramme poli\u00adtique avec les images et les vid\u00e9os. <a href=\"https:\/\/brendanogle.ie\/political-platform\/\"><br>\n  <b>ICI<\/b><br>\n<\/a><\/p>\n","protected":false},"excerpt":{"rendered":"<p>PROGRAMME POLITIQUE Faites enten\u00addre Dublin ! Mon bureau de Dublin devien\u00addra un cen\u00adtre d\u2019in\u00adfor\u00adma\u00adtion et d\u2019ap\u00adpren\u00adtis\u00adsage o\u00f9 l\u2019on pour\u00adra pren\u00addre con\u00adnais\u00adsance des meilleures pra\u00adtiques en vigueur en Europe, sur des ques\u00adtions qui touchent fon\u00adda\u00admen\u00adtale\u00adment les habi\u00adtants de Dublin. Je met\u00adtrai en place des ate\u00adliers et des \u00e9changes d\u2019in\u00adfor\u00adma\u00adtions et de com\u00adp\u00e9\u00adtences. Pour la pre\u00admi\u00e8re fois,\u2026 <a class=\"continue\" href=\"https:\/\/brendanogle.ie\/fr\/plate-forme-politique-version-texte-seulement\/\">Con\u00adtin\u00adue Read\u00ading<span> Plate-forme poli\u00adtique Ver\u00adsion texte seule\u00adment<\/span><\/a><\/p>\n","protected":false},"author":1,"featured_media":0,"parent":0,"menu_order":0,"comment_status":"closed","ping_status":"closed","template":"","meta":{"_et_pb_use_builder":"","_et_pb_old_content":"","_et_gb_content_width":"","wp_typography_post_enhancements_disabled":false,"footnotes":""},"class_list":["post-4172","page","type-page","status-publish","hentry"],"_links":{"self":[{"href":"https:\/\/brendanogle.ie\/fr\/wp-json\/wp\/v2\/pages\/4172","targetHints":{"allow":["GET"]}}],"collection":[{"href":"https:\/\/brendanogle.ie\/fr\/wp-json\/wp\/v2\/pages"}],"about":[{"href":"https:\/\/brendanogle.ie\/fr\/wp-json\/wp\/v2\/types\/page"}],"author":[{"embeddable":true,"href":"https:\/\/brendanogle.ie\/fr\/wp-json\/wp\/v2\/users\/1"}],"replies":[{"embeddable":true,"href":"https:\/\/brendanogle.ie\/fr\/wp-json\/wp\/v2\/comments?post=4172"}],"version-history":[{"count":0,"href":"https:\/\/brendanogle.ie\/fr\/wp-json\/wp\/v2\/pages\/4172\/revisions"}],"wp:attachment":[{"href":"https:\/\/brendanogle.ie\/fr\/wp-json\/wp\/v2\/media?parent=4172"}],"curies":[{"name":"wp","href":"https:\/\/api.w.org\/{rel}","templated":true}]}}