{"id":4177,"date":"2024-04-15T19:09:09","date_gmt":"2024-04-15T19:09:09","guid":{"rendered":"https:\/\/brendanogle.ie\/ardan-polaitiuil-leagan-teacs-amhain\/"},"modified":"2024-04-15T19:09:09","modified_gmt":"2024-04-15T19:09:09","slug":"ardan-polaitiuil-leagan-teacs-amhain","status":"publish","type":"page","link":"https:\/\/brendanogle.ie\/ga\/ardan-polaitiuil-leagan-teacs-amhain\/","title":{"rendered":"Ard\u00e1n Polaiti\u00fail Leagan T\u00e9acs Amh\u00e1in"},"content":{"rendered":"<h1 class=\"p1\" style=\"color: #1b3550;\"><span class=\"s1\">AR\u00c1N POLAITI\u00daIL<\/span><\/h1>\n<h2 class=\"p3\"><span class=\"s1\">D\u00e9an Baile \u00c1tha Cliath a chloiste\u00e1il!<\/span><\/h2>\n<p class=\"p4\"><span class=\"s1\">\u2018Bei\u00addh m\u2019Oifig i mBaile \u00c1tha Cliath ina l\u00e1ri\u00adon\u00adad fais\u00adn\u00e9ise agus fogh\u00adla\u00adma inar f\u00e9idir fogh\u00adlaim faoi na cleach\u00adtais is fearr ar fud na hEo\u00adr\u00adpa, ar cheis\u00adtean\u00adna a bhaineann go bun\u00fasach le muin\u00adtir Bhaile \u00c1tha Cliath. Bun\u00f3idh m\u00e9 ceard\u00adlan\u00adna agus malar\u00adtu\u00adithe fais\u00adn\u00e9ise agus scilean\u00adna. Feic\u00adfidh Baile \u00c1tha Cliath, don ch\u00e9ad uair, ag leib\u00adh\u00e9al an phobail na cinn is fearr at\u00e1 le tairiscint ag an Eoraip.\u2019<\/span><\/p>\n<h3 style=\"color: #1b3550;\"><span class=\"s1\">Guth do Bhaile \u00c1tha Cliath<\/span><\/h3>\n<h4 class=\"p7\"><span class=\"s1\">Polasaithe Polait\u00edochta<\/span><\/h4>\n<h5 style=\"color: #1b3550;\"><span class=\"s1\"><b>an tAontas Eorpach<\/b><\/span><\/h5>\n<p class=\"p8\"><span class=\"s1\">N\u00edor thug Feisir\u00ed Eor\u00adpacha na h\u00c9ire\u00adann an chuid is fearr den Eoraip ar ais go Baile \u00c1tha Cliath riamh. Bh\u00ed siad \u00e9igh\u00adn\u00edomhach agus bog\u00e1sach. T\u00e1 go leor lochtan\u00adna ar an Aon\u00adtas Eor\u00adpach lena n\u2011\u00e1ir\u00edtear eas\u00adnamh daon\u00adlathach ina strucht\u00fair. Ach n\u00edl s\u00e9 go dona ar fad agus t\u00e1 muin\u00adtir Bhaile \u00c1tha Cliath ag cail\u00adleadh amach ar an gcuid is fearr den Eoraip<\/span><\/p>\n<p class=\"p8\"><span class=\"s1\">C\u00e9n f\u00e1th a chos\u00adna\u00edonn c\u00faram leana\u00ed sa Ghear\u00adm\u00e1in cod\u00e1n den mh\u00e9id a chos\u00adna\u00edonn s\u00e9 i mBaile \u00c1tha Cliath, \u00e1it a bhfuil s\u00e9 ar an gcosc is m\u00f3 mn\u00e1 a choin\u00adne\u00e1il \u00f3n obair?<\/span><\/p>\n<p class=\"p8\"><span class=\"s1\">Conas is f\u00e9idir leis an tSu\u00adalainn c\u00f3ras oideachais a bhei\u00adth ina \u2018shaol iom\u00adl\u00e1n\u2019 \u00f3 na haoisean\u00adna is luaithe agus a bhaineann le \u2018c\u00faram las\u00admuigh den scoil\u2019 freisin?<\/span><\/p>\n<p class=\"p8\"><span class=\"s1\">C\u00e9n chaoi ar f\u00e9idir leis an bhFion\u00adlainn deireadh a chur go praiti\u00adci\u00fail le hea\u00ads\u00adpa d\u00eddine?<\/span><\/p>\n<p class=\"p8\"><span class=\"s1\">N\u00e1rbh fh\u00e9idir linn tairb\u00adhe a bhaint as c\u00f3ras c\u00f3ire\u00e1la dru\u00adga\u00ed na Por\u00adtaing\u00e9ile ar a laghad a phl\u00e9 agus a fhogh\u00adlaim?<\/span><\/p>\n<p class=\"p8\"><span class=\"s1\">N\u00edor l\u00e9ir\u00edodh riamh do mhuin\u00adtir na h\u00c9ire\u00adann luach idirb\u00adhearta\u00edochta pobail agus f\u00edo\u00adracmhain\u00adneacht an Aon\u00adtais Eor\u00adpaigh. Mar do Fheisire Neamh\u00adsple\u00e1ch do Bhaile \u00c1tha Cliath d\u00e9an\u00adfaidh m\u00e9 rud \u00e9igin nach ndear\u00adnadh riamh cheana.<\/span><\/p>\n<p class=\"p8\"><span class=\"s1\">Geall\u00adtanas\u2019<i>Bei\u00addh m\u2019Oifig i mBaile \u00c1tha Cliath ina l\u00e1ri\u00adon\u00adad fais\u00adn\u00e9ise agus fogh\u00adla\u00adma inar f\u00e9idir fogh\u00adlaim faoi na cleach\u00adtais is fearr ar fud na hEo\u00adr\u00adpa, ar cheis\u00adtean\u00adna a bhaineann go bun\u00fasach le muin\u00adtir Bhaile \u00c1tha Cliath. Bun\u00f3idh m\u00e9 ceard\u00adlan\u00adna agus malar\u00adtu\u00adithe fais\u00adn\u00e9ise agus scilean\u00adna. Feic\u00adfidh \u00c1th Cliath, don ch\u00e9ad fhoire\u00adann, ag leib\u00adh\u00e9al an phobail an chuid is fearr at\u00e1 le tairiscint ag an Eoraip.<\/i>\u2019<\/span><\/p>\n<p class=\"p8\"><span class=\"s1\">N\u00edor chuala m\u00e9 riamh aon Fheisire \u00c9ire\u00adan\u00adnach ag fiafra\u00ed de:<\/span><\/p>\n<p class=\"p8\"><span class=\"s1\">\u2018conas a oibr\u00edonn cur chuige na Beilge i lei\u00adth for\u00e1lacha sl\u00e1inte poibl\u00ed\u2019, n\u00f3<\/span><\/p>\n<p class=\"p8\"><span class=\"s1\">\u2018conas a \u00e9ir\u00edonn leis na Gear\u00adm\u00e1\u00adnaigh costais ch\u00faram leana\u00ed a choin\u00adne\u00e1il chomh h\u00edseal\u2019, n\u00f3<\/span><\/p>\n<p class=\"p8\"><span class=\"s1\">\u2018conas a sheachadann comharchu\u00admainn tith\u00edochta i gcathracha cos\u00fail le Beir\u00adl\u00edn agus Antwerp tith\u00edocht inacmhainne\u2019.<\/span><\/p>\n<p class=\"p8\"><span class=\"s1\">Mar Fheisire do Bhaile \u00c1tha Cliath Neamh\u00adsple\u00e1ch cuir\u00adim na ceis\u00adtean\u00adna seo agus cuir\u00adim na frea\u00adgra\u00ed, agus na daoine, chugat.<\/span><\/p>\n<p class=\"p8\"><span class=\"s1\">N\u00edl m\u00e9 \u00e9igh\u00adn\u00edomhach. Ba mhaith liom athr\u00fa a dh\u00e9anamh. Is \u00e9 sin c\u00e9 m\u00e9 agus an rud a rinne m\u00e9 iar\u00adracht i gc\u00f3\u00adna\u00ed a dh\u00e9anamh i mo chuid oibre agus mo shaol. Ba mhaith liom a bhei\u00adth i do Fheisire mar ba mhaith liom cuidi\u00fa le muin\u00adtir Bhaile \u00c1tha Cliath a chur ar an eolas faoin gcaoi a bhfuil siad tar \u00e9is glacadh leis gurb \u00e9 an bealach reatha le ruda\u00ed a dh\u00e9anamh, Fian\u00adna F\u00e1il agus Fine Gael, an t\u2011aon bhealach amh\u00e1in.<\/span><\/p>\n<p class=\"p8\"><span class=\"s1\">N\u00edl s\u00e9, agus t\u00e1 s\u00e9 teip! N\u00ed m\u00f3r d\u00fainn \u00e1r n\u2011intinn agus \u00e1r s\u00faile a oscailt don chuid is fearr den Eoraip.<\/span><\/p>\n<p class=\"p8\"><span class=\"s1\">T\u00e1 an tAon\u00adtas Eor\u00adpach l\u00e1n de th\u00edortha chomh tioman\u00adta do mh\u00fan\u00adla caip\u00aditleach agus a bh\u00ed \u00c9ire i gc\u00f3\u00adna\u00ed agus f\u00f3s f\u00e9in is f\u00e9idir leis a chur ar f\u00e1il :<\/span><\/p>\n<p class=\"p8\"><span class=\"s1\">- c\u00faram sl\u00e1inte uil\u00edoch<\/span><\/p>\n<p class=\"p8\"><span class=\"s1\">\u2013 c\u00faram leana\u00ed saor,<\/span><\/p>\n<p class=\"p8\"><span class=\"s1\">\u2013 4 l\u00e1 seach\u00adtaine oibre<\/span><\/p>\n<p class=\"p8\"><span class=\"s1\">\u2013 10 seach\u00adtaine saoire d\u2019oibrithe<\/span><\/p>\n<p class=\"p8\"><span class=\"s1\">\u2013 oideachas ollscoile at\u00e1 saor in aisce i nd\u00e1ir\u00edre<\/span><\/p>\n<p class=\"p8\"><span class=\"s1\">\u2013 \u2018ceart chun tith\u00edochta\u2019 at\u00e1 cumh\u00addaithe<\/span><\/p>\n<p class=\"p8\"><span class=\"s1\">\u2013 pragh\u00ads\u00e1il ioma\u00edoch \u00e1rachas glu\u00adais\u00adte\u00e1n, agus go leor eile.<\/span><\/p>\n<p class=\"p8\"><span class=\"s1\">Nach bhfuil na ruda\u00ed seo ag teast\u00ad\u00e1il \u00f3 mhuin\u00adtir Bhaile \u00c1tha Cliath? Nach bhfuil na ruda\u00ed seo tuillte againn?<\/span><\/p>\n<p class=\"p8\"><span class=\"s1\">Chomh maith le bhei\u00adth ag lab\u00adhairt os ard ar son Bhaile \u00c1tha Cliath, le Baile \u00c1tha Cliath a chur i gcro\u00edl\u00e1r na hEo\u00adr\u00adpa, tab\u00adhar\u00adfaidh m\u00e9 gach eolas at\u00e1 uait faoi scoth na hEo\u00adr\u00adpa ar na saincheis\u00adtean\u00adna seo go l\u00e9ir agus n\u00edos m\u00f3, isteach i do phobal.<\/span><\/p>\n<p class=\"p8\"><span class=\"s1\">T\u00e1 bealach difri\u00fail \u00e1 thairiscint agam chun f\u00e9achaint ar d\u2019Aontas Eor\u00adpach, cur chuige iom\u00adl\u00e1n nua. Mar do Fheisire Neamh\u00adsple\u00e1ch, tab\u00adhar\u00adfaidh m\u00e9 100% agus bealach \u00far nua chun breath\u00adn\u00fa ar an Eoraip, chun meas\u00fan\u00fa a dh\u00e9anamh ar conas fad\u00adhban\u00adna Bhaile \u00c1tha Cliath a r\u00e9iteach.<\/span><\/p>\n<p class=\"p8\"><span class=\"s1\">BHAILE \u00c1THA CLIATH A CHUR I L\u00c1THAIR NA R\u00daPA \u2013 BHAILE \u00c1THA CLIATH A CHUR I L\u00c1THAIR<\/span><\/p>\n<h5 style=\"color: #1b3550;\"><span class=\"s1\"><b>Tith\u00edocht<\/b><\/span><\/h5>\n<p class=\"p10\"><span class=\"s1\">Is toradh d\u00edreach ar bheartas an Rial\u00adtais an \u00e9ige\u00adand\u00e1il tith\u00edochta at\u00e1 againn. N\u00ed timp\u00adiste \u00e9igin n\u00f3 \u2018gn\u00edomh D\u00e9\u2019 \u00e9. Is \u00e9 an toradh d\u00edreach agus an t\u2011aon toradh f\u00e9ideartha \u00e9 ar rogha shoil\u00e9ir Rial\u00adtais \u2013 is \u00e9 an rogha sin gan tith\u00edocht phoibl\u00ed a th\u00f3g\u00e1il.<\/span><\/p>\n<p class=\"p10\"><span class=\"s1\">Is \u00e9 bun\u00fas an rogha seo n\u00e1 an id\u00e9-eola\u00edocht Thatcherite, ag dul siar go dt\u00ed na 1980id\u00ed luatha, chun an bun\u00adri\u00adach\u00adtanas daon\u00adna a ch\u00f3ire\u00e1il agus an ceart chun d\u00edon a fh\u00e1il mar ear\u00adra brab\u00fais, fi\u00fa mar sh\u00f3, beag beann ar na hiarmhairt\u00ed daon\u00adna. \u00d3 shin i lei\u00adth t\u00e1 gach p\u00e1irt\u00ed den Rial\u00adtas tar \u00e9is dul isteach sa id\u00e9-eola\u00edocht seo chomh m\u00f3r sin go bhfuil \u00fadar\u00e1is \u00e1iti\u00fala cior\u00adraithe faoina gcumas t\u00f3g\u00e1la tithe agus na scilean\u00adna agus na hacmhain\u00adn\u00ed chun f\u00edor-thith\u00edocht phoibl\u00ed a th\u00e1irgeadh agus a chothab\u00adh\u00e1il. Ina \u00e1it sin t\u00e1 an leas poibl\u00ed seo tr\u00e9igthe acu go hiom\u00adl\u00e1n d\u2019earn\u00e1il phr\u00edob\u00adh\u00e1ideach \u00e9ags\u00fail \u2018ar bhrab\u00fas\u2019 nach bhfuil aon imn\u00ed ar bith uirthi maid\u00adir le leas coiteann n\u00e1 le riach\u00adtanais sh\u00f3isial\u00adta.<\/span><\/p>\n<p class=\"p10\"><span class=\"s1\">De bharr na mblianta den id\u00e9-eola\u00edocht fhoir\u00adc\u00adneach seo den eite dheis n\u00edl ach stoc beag tith\u00edochta poibl\u00ed f\u00e1gtha. Idir an d\u00e1 linn t\u00e1 gl\u00fan\u00adta de dhaoine \u00f3ga ann anois nach bhfuil s\u00fail acu lena dteach f\u00e9in a bhei\u00adth acu n\u00edos m\u00f3 n\u00e1 briongl\u00f3id mh\u00f3r at\u00e1 acu sna 20\u00ed, 30id\u00ed agus fi\u00fa 40id\u00ed agus iad ag maireacht\u00e1il saol ais\u00adteach ag brath ar thui\u00adsmitheoir\u00ed n\u00f3 ar theagh\u00adlach eile nuair ba ch\u00f3ir d\u00f3ibh a bhei\u00adth i gcean\u00adnas. saol\u00adta neamh\u00adsple\u00e1cha. T\u00e1 go leor iarmhairt\u00ed ais\u00adteacha agus m\u00edd\u00adhaon\u00adna eile ag an id\u00e9-eola\u00edocht seo:<\/span><\/p>\n<ul class=\"ul1\">\n<li class=\"li11\"><span class=\"s1\">L\u00e1n\u00faineacha scartha agus colscartha ial\u00adlach a chur le ch\u00e9ile<\/span><\/li>\n<li class=\"li11\"><span class=\"s1\">\u2018Couch\u00adsurf\u00ading\u2019 agus cult\u00far de sple\u00e1chas t\u00ed forfhei\u00addhmithe<\/span><\/li>\n<li class=\"li11\"><span class=\"s1\">Cuirtear ial\u00adlach ar dhaoine uaire\u00adan\u00adta a chaitheamh \u00f3na gcuid oibre le hiarmhairt\u00ed trom\u00adch\u00faiseacha sl\u00e1inte agus comhshaoil<\/span><\/li>\n<li class=\"li11\"><span class=\"s1\">Leib\u00adh\u00e9il uaf\u00e1sacha eas\u00adpa d\u00eddine, lena n\u2011\u00e1ir\u00edtear eas\u00adpa d\u00eddine leana\u00ed, saol\u00adta m\u00edd\u00adhaon\u00adna agus coin\u00adn\u00edol\u00adlacha maireacht\u00e1la m\u00edd\u00adhaon\u00adna ar neamhr\u00e9ir le socha\u00ed shib\u00adhial\u00adta a fhorchur<\/span><\/li>\n<\/ul>\n<p class=\"p10\"><span class=\"s1\">T\u00e1 cl\u00e1r ollmh\u00f3r t\u00f3g\u00e1la tithe t\u00e1b\u00adhairne ag teast\u00ad\u00e1il \u00f3 \u00c9irinn a shol\u00e1thra\u00edonn ioma\u00edocht don earn\u00e1il phr\u00edob\u00adh\u00e1ideach \u00e9ags\u00fail maid\u00adir le sol\u00e1thar tithe. Bei\u00addh na d\u00e9-iarmhairt\u00ed riach\u00adtanacha aige seo \u00f3 thaobh sol\u00e1thar a mh\u00e9ad\u00fa agus costais a laghd\u00fa, rud a mhaol\u00f3idh an \u00e9ige\u00adand\u00e1il tith\u00edochta. Go l\u00e1r\u00adnach, agus tr\u00ed \u00fadar\u00e1is \u00e1iti\u00fala, d\u2019fheicfeadh cl\u00e1r sol\u00e1thair tithe t\u00e1b\u00adhairne c\u00faram \u00e1r muin\u00adtire agus caitheamh aim\u00adsire na bpobal fei\u00addhme br\u00edomhar a chuirtear os cionn mh\u00fan\u00adla tith\u00edochta teipthe an lae inniu at\u00e1 bunaithe go hiom\u00adl\u00e1n ar bhrab\u00fas agus id\u00e9-eola\u00edocht Thatcherite.<\/span><\/p>\n<p class=\"p8\"><span class=\"s2\">Ar fud na hEo\u00adr\u00adpa is f\u00e9idir, agus is minic a dh\u00e9an\u00adtar, dea-bheartas sl\u00e1inte poibl\u00ed a bhaint amach le sam\u00adpla\u00ed cos\u00fail le V\u00edn go h\u00e1irithe ag cruth\u00fa gur m\u00fan\u00adla ar f\u00e9idir linn a bhei\u00adth ag dr\u00e9im l\u00e9i. N\u00ed m\u00f3r d\u00fainn an id\u00e9-eola\u00edocht deighilte a bhaint as tith\u00edocht agus tith\u00edocht phoibl\u00ed a th\u00f3g\u00e1il anois. N\u00edl aon rud eile in ann dul i ngle\u00adic leis an \u00e9ige\u00adand\u00e1il.<\/span><\/p>\n<h5 style=\"color: #1b3550;\"><span class=\"s1\"><b>Imirce<\/b><\/span><\/h5>\n<p class=\"p13\"><span class=\"s1\">T\u00e9acs le teacht<\/span><\/p>\n<h5 style=\"color: #1b3550;\"><span class=\"s1\"><b>C\u00faram sl\u00e1inte<\/b><\/span><\/h5>\n<p class=\"p15\"><span class=\"s1\">Mar mharthan\u00f3ir ailse, agus ar ch\u00faisean\u00adna teagh\u00adlaigh freisin, t\u00e1 an-eolach agam ar \u00e1r gc\u00f3ras c\u00faram sl\u00e1inte. Is c\u00f3ras m\u00edfhei\u00addhmi\u00fail \u00e9 at\u00e1 l\u00e1n de ch\u00faram\u00f3ir\u00ed d\u00edcheal\u00adlacha d\u00edo\u00adgraiseacha a dh\u00e9ile\u00e1lann le fad\u00adhban\u00adna nach bhfuil d\u00e9an\u00adta acu chomh maith agus is f\u00e9idir. Ar\u00eds eile t\u00e1 gen\u00ade\u00adsis an mh\u00edfhei\u00addhm id\u00e9-eola\u00edoch. Is l\u00e9ir an leigheas agus t\u00e1 s\u00e9 sain\u00ador\u00addaithe cheana f\u00e9in ag muin\u00adtir na h\u00c9ire\u00adann.<\/span><\/p>\n<p class=\"p15\"><span class=\"s1\">T\u00e1imid tar \u00e9is v\u00f3t\u00e1il ar son, agus geall\u00adta, c\u00f3ras c\u00faram sl\u00e1inte sraithe amh\u00e1in saor in aisce ag an bpointe \u00fas\u00e1ide agus a sheachad\u00adtar bunaithe ar riach\u00adtanais ch\u00faram sl\u00e1inte amh\u00e1in agus gan aon fhacht\u00f3ir eile. N\u00edor cheart go mbeadh aon duine ag f\u00e1il bh\u00e1is, n\u00f3 ag fanacht tinn, mar gheall ar an eas\u00adpa c\u00faram sl\u00e1inte a bheadh \u200b\u200bar f\u00e1il d\u00f3ibh d\u00e1 mbeadh n\u00edos m\u00f3 air\u00adgid n\u00f3 \u00e1rachas sl\u00e1inte pr\u00edob\u00adh\u00e1ideach acu. Is graostacht \u00e9. T\u00e1 an t\u2011athch\u00f3iri\u00fa bun\u00fasach at\u00e1 ag teast\u00ad\u00e1il in\u00e1r gc\u00f3ras geall\u00adta ag na p\u00e1ir\u00adtithe go l\u00e9ir go f\u00f3ill nach bhfuil seachad\u00adta. Is s\u00e1r\u00fa sun\u00adtasach \u00e9 seo ar a mand\u00e1id \u00f3 na daoine a thogh iad.<\/span><\/p>\n<p class=\"p15\"><span class=\"s1\">N\u00ed m\u00f3r t\u00fas \u00e1ite a thab\u00adhairt do \u2018Sl\u00e1in\u00adte\u00adcare\u2019 agus \u00e9 a sheachadadh ar bhonn tras\u00adph\u00e1irt\u00ed d\u00fainn go l\u00e9ir. T\u00e1 sl\u00e1inte \u00e1r muin\u00adtire r\u00f3-th\u00e1b\u00adhachtach le bhei\u00adth faoi r\u00e9ir na n\u2011uathbh\u00e1sanna a bhaineann leis an bpo\u00adlait\u00edocht n\u00f3 le sprea\u00adgadh brab\u00fais m\u00edchu\u00ed a chin\u00adneann, uaire\u00adan\u00adta, c\u00e9 a mhaire\u00adann agus c\u00e9 a fhaigheann b\u00e1s bunaithe ar c\u00e9 chomh maith is at\u00e1 daoine. Caith\u00adfidh s\u00e9 seo stopadh.<\/span><\/p>\n<p>Le haghaidh tuil\u00adleadh eolais d\u00e9an teagmh\u00e1il le Bren\u00addan anseo info@brendanogle.ie<\/p>\n<p>Clice\u00e1il ar an nasc chun dul ar ais go dt\u00ed an pr\u00edomh\u00adleathanach ard\u00e1n polait\u00edochta le h\u00edomh\u00e1n\u00adna agus f\u00edse\u00e1in <a href=\"https:\/\/brendanogle.ie\/political-platform\/\"><b>ANSEO<\/b><\/a><\/p>\n","protected":false},"excerpt":{"rendered":"<p>AR\u00c1N POLAITI\u00daIL D\u00e9an Baile \u00c1tha Cliath a chlois\u00adte\u00e1il! \u2018Bei\u00addh m\u2019Oifig i mBaile \u00c1tha Cliath ina l\u00e1ri\u00adon\u00adad fais\u00adn\u00e9ise agus fogh\u00adla\u00adma inar f\u00e9idir fogh\u00adlaim faoi na cleach\u00adtais is fearr ar fud na hEo\u00adr\u00adpa, ar cheis\u00adtean\u00adna a bhaineann go bun\u00fasach le muin\u00adtir Bhaile \u00c1tha Cliath. Bun\u00f3idh m\u00e9 ceard\u00adlan\u00adna agus malar\u00adtu\u00adithe fais\u00adn\u00e9ise agus scilean\u00adna. Feic\u00adfidh Baile \u00c1tha Cliath, don\u2026 <a class=\"continue\" href=\"https:\/\/brendanogle.ie\/ga\/ardan-polaitiuil-leagan-teacs-amhain\/\">Con\u00adtin\u00adue Read\u00ading<span> Ard\u00e1n Polaiti\u00fail Lea\u00adgan T\u00e9acs Amh\u00e1in<\/span><\/a><\/p>\n","protected":false},"author":1,"featured_media":0,"parent":0,"menu_order":0,"comment_status":"closed","ping_status":"closed","template":"","meta":{"_et_pb_use_builder":"","_et_pb_old_content":"","_et_gb_content_width":"","wp_typography_post_enhancements_disabled":false,"footnotes":""},"class_list":["post-4177","page","type-page","status-publish","hentry"],"_links":{"self":[{"href":"https:\/\/brendanogle.ie\/ga\/wp-json\/wp\/v2\/pages\/4177","targetHints":{"allow":["GET"]}}],"collection":[{"href":"https:\/\/brendanogle.ie\/ga\/wp-json\/wp\/v2\/pages"}],"about":[{"href":"https:\/\/brendanogle.ie\/ga\/wp-json\/wp\/v2\/types\/page"}],"author":[{"embeddable":true,"href":"https:\/\/brendanogle.ie\/ga\/wp-json\/wp\/v2\/users\/1"}],"replies":[{"embeddable":true,"href":"https:\/\/brendanogle.ie\/ga\/wp-json\/wp\/v2\/comments?post=4177"}],"version-history":[{"count":0,"href":"https:\/\/brendanogle.ie\/ga\/wp-json\/wp\/v2\/pages\/4177\/revisions"}],"wp:attachment":[{"href":"https:\/\/brendanogle.ie\/ga\/wp-json\/wp\/v2\/media?parent=4177"}],"curies":[{"name":"wp","href":"https:\/\/api.w.org\/{rel}","templated":true}]}}