{"id":4179,"date":"2024-04-15T19:09:09","date_gmt":"2024-04-15T19:09:09","guid":{"rendered":"https:\/\/brendanogle.ie\/politine-platforma-tik-teksto-versija\/"},"modified":"2024-04-15T19:09:09","modified_gmt":"2024-04-15T19:09:09","slug":"politine-platforma-tik-teksto-versija","status":"publish","type":"page","link":"https:\/\/brendanogle.ie\/lt\/politine-platforma-tik-teksto-versija\/","title":{"rendered":"Politin\u0117 platforma Tik teksto versija"},"content":{"rendered":"<h1 class=\"p1\" style=\"color: #1b3550;\"><span class=\"s1\">POLITIN\u0116 PLATFORMA<\/span><\/h1>\n<h2 class=\"p3\"><span class=\"s1\">I\u0161girskite Dublin\u0105!<\/span><\/h2>\n<p class=\"p4\"><span class=\"s1\">\u201cMano Dubli\u00adno biuras taps infor\u00adma\u00adci\u00adjos ir moky\u00admosi cen\u00adtru, kuri\u00adame bus gal\u00adi\u00adma susi\u00adpa\u017ein\u00adti su geri\u00adau\u00adsia Euro\u00adpos patir\u00adti\u00admi Dubli\u00adno gyven\u00adto\u00adjams svar\u00adbiais klausi\u00admais. Reng\u00adsiu sem\u00adi\u00adnarus ir kei\u00adsi\u00adu\u00adosi infor\u00adma\u00adci\u00adja bei \u012fg\u016bd\u017ei\u00adais. Dubline pir\u00adm\u0105 kart\u0105 ben\u00addruomen\u0117s lyg\u00adme\u00adniu bus gal\u00adi\u00adma i\u0161vysti tai, k\u0105 Europa gali pasi\u016b\u00adlyti geri\u00adau\u00adsio.<\/span><\/p>\n<h3 style=\"color: #1b3550;\"><span class=\"s1\">Dublino balsas<\/span><\/h3>\n<h4 class=\"p7\"><span class=\"s1\">Politin\u0117 politika<\/span><\/h4>\n<h5 style=\"color: #1b3550;\"><span class=\"s1\"><b>Europos S\u0105junga<\/b><\/span><\/h5>\n<p class=\"p8\"><span class=\"s1\">Air\u00adi\u00adjos europar\u00adla\u00admen\u00adtarai nieka\u00adda nesug\u00adr\u0105\u017ei\u00adno \u012f Dublin\u0105 geri\u00adausi\u0173 Euro\u00adpos dalyk\u0173. Jie buvo pasyv\u016bs ir patik\u00adl\u016bs. Euro\u00adpos S\u0105jun\u00adga turi daug tr\u016bkum\u0173, \u012fskai\u00adtant demokrati\u00adjos tr\u016bkum\u0105 jos struk\u00adt\u016brose. Ta\u010di\u00adau ne viskas yra blo\u00adgai, ir Dubli\u00adno gyven\u00adto\u00adjai praran\u00adda geri\u00adau\u00adsius Euro\u00adpos pasi\u016b\u00adly\u00admus.<\/span><\/p>\n<p class=\"p8\"><span class=\"s1\">Kod\u0117l Vok\u00adi\u00adeti\u00adjo\u00adje vaik\u0173 prie\u017ei\u016bra kain\u00aduo\u00adja tik dal\u012f to, kas kain\u00aduo\u00adja Dubline, kur ji yra did\u017ei\u00adau\u00adsia kli\u016btis, truk\u00addan\u00adti moter\u00adims dirbti?<\/span><\/p>\n<p class=\"p8\"><span class=\"s1\">Kaip \u0160vedi\u00adjo\u00adje gal\u00adi\u00adma sukur\u00adti \u0161vi\u00adeti\u00admo sis\u00adtem\u0105, kuri i\u0161 ties\u0173 b\u016bt\u0173 \u201cvis\u0105 gyven\u00adim\u0105 api\u00adman\u00adti\u201d nuo ankstyvo\u00adjo am\u017ei\u00adaus ir kuri apimt\u0173 ir \u201cu\u017ek\u00adlas\u00adin\u0119 prie\u017ei\u016br\u0105\u201d?<\/span><\/p>\n<p class=\"p8\"><span class=\"s1\">Kaip Suomi\u00adja gali prak\u00adti\u0161kai i\u0161naik\u00adin\u00adti benamys\u00adt\u0119?<\/span><\/p>\n<p class=\"p8\"><span class=\"s1\">Ar mums neb\u016bt\u0173 naudin\u00adga bent jau aptar\u00adti ir su\u017einoti apie Por\u00adtu\u00adgal\u00adi\u00adjos gydy\u00admo nuo narkotik\u0173 sis\u00adtem\u0105?<\/span><\/p>\n<p class=\"p8\"><span class=\"s1\">Air\u00adi\u00adjos \u017emon\u0117ms nieka\u00adda neb\u00adu\u00advo par\u00ado\u00addy\u00adta Euro\u00adpos S\u0105jun\u00adgos san\u00addori\u0173 ben\u00addruomenin\u0117 vert\u0117 ir tikra\u00adsis poten\u00adcialas. B\u016bdamas j\u016bs\u0173 neprik\u00adlau\u00adso\u00admu Dubli\u00adno EP nar\u00adiu padary\u00adsiu tai, ko dar niekas nedar\u0117.<\/span><\/p>\n<p class=\"p8\"><span class=\"s1\">PLEDGE \u2018<i>Mano Dubli\u00adno biuras taps infor\u00adma\u00adci\u00adjos ir moky\u00admosi cen\u00adtru, kuri\u00adame bus gal\u00adi\u00adma susi\u00adpa\u017ein\u00adti su geri\u00adau\u00adsia Euro\u00adpos patir\u00adti\u00admi, susi\u00adju\u00adsia su Dubli\u00adno gyven\u00adto\u00adjams svar\u00adbiais klausi\u00admais. Reng\u00adsiu sem\u00adi\u00adnarus ir kei\u00adsi\u00adu\u00adosi infor\u00adma\u00adci\u00adja bei \u012fg\u016bd\u017ei\u00adais. Pir\u00adm\u0105 kart\u0105 Dubli\u00adno koman\u00adda ben\u00addruomen\u0117s lyg\u00adme\u00adniu pamatys pa\u010dius geri\u00adau\u00adsius Euro\u00adpos atstovus.<\/i>\u2019<\/span><\/p>\n<p class=\"p8\"><span class=\"s1\">Nieka\u00adda negird\u0117\u00adjau, kad kuris nors Air\u00adi\u00adjos europar\u00adla\u00admen\u00adtaras b\u016bt\u0173 klaus\u0119s:<\/span><\/p>\n<p class=\"p8\"><span class=\"s1\">\u201ckaip veikia Bel\u00adgi\u00adjos po\u017ei\u016bris \u012f visuomen\u0117s sveikatos nuostatas\u201d arba<\/span><\/p>\n<p class=\"p8\"><span class=\"s1\">\u201ckaip vok\u00adie\u010di\u00adams pavyk\u00ads\u00adta i\u0161laikyti tokias ma\u017eas vaik\u0173 prie\u017ei\u016bros i\u0161laidas\u201d arba<\/span><\/p>\n<p class=\"p8\"><span class=\"s1\">\u201ckaip b\u016bs\u00adto koop\u00ader\u00adaty\u00advai tok\u00adi\u00adu\u00adose mies\u00adtu\u00adose kaip Berly\u00adnas ir Antver\u00adpe\u00adnas teikia \u012fperkam\u0105 b\u016bst\u0105\u201d.<\/span><\/p>\n<p class=\"p8\"><span class=\"s1\">A\u0161, kaip j\u016bs\u0173 Dubli\u00adno neprik\u00adlau\u00adso\u00admas EP narys, u\u017eduo\u00addu \u0161iu\u00ados klausimus ir pateik\u00adiu jums atsaky\u00admus bei \u017emones.<\/span><\/p>\n<p class=\"p8\"><span class=\"s1\">Nesu pasyvus. Noriu dary\u00adti poky\u010dius. Toks esu ir visa\u00adda sten\u00adgiausi tai dary\u00adti savo darbe ir gyven\u00adime. Noriu b\u016bti j\u016bs\u0173 EP nar\u00adiu, nes noriu pad\u0117ti infor\u00admuoti Dubli\u00adno gyven\u00adto\u00adjus apie tai, kaip jie buvo \u201capn\u00aduodyti\u201d, kad dabar\u00adti\u00adnis \u201cFian\u00adna Fail\u201d ir \u201cFine Gael\u201d veiki\u00admo b\u016bdas yra vien\u00adin\u00adtelis.<\/span><\/p>\n<p class=\"p8\"><span class=\"s1\">Taip n\u0117ra, ir tai yra nes\u0117k\u00adm\u0117! Turime atver\u00adti savo pro\u00adtus ir akis geri\u00adausiems Euro\u00adpos pavyzd\u017ei\u00adams.<\/span><\/p>\n<p class=\"p8\"><span class=\"s1\">Euro\u00adpos S\u0105jun\u00adgo\u00adje gausu \u0161al\u00adi\u0173, kurios taip pat kaip ir Air\u00adi\u00adja visa\u00adda buvo atsi\u00addavu\u00adsios kap\u00adi\u00adtal\u00adis\u00adtini\u00adam mod\u00adeliui, ta\u010di\u00adau i\u0161 ties\u0173 ji gali suteik\u00adti :<\/span><\/p>\n<p class=\"p8\"><span class=\"s1\">-visuomenin\u0117 sveikatos prie\u017ei\u016bra<\/span><\/p>\n<p class=\"p8\"><span class=\"s1\">- pigi vaik\u0173 prie\u017ei\u016bra,<\/span><\/p>\n<p class=\"p8\"><span class=\"s1\">- 4 dien\u0173 dar\u00adbo savait\u0117s<\/span><\/p>\n<p class=\"p8\"><span class=\"s1\">- 10 savai\u010di\u0173 atostog\u0173 dar\u00adbuo\u00adto\u00adjams<\/span><\/p>\n<p class=\"p8\"><span class=\"s1\">- tikrai nemoka\u00admas uni\u00adver\u00adsite\u00adti\u00adnis i\u0161silavin\u00adi\u00admas.<\/span><\/p>\n<p class=\"p8\"><span class=\"s1\">- \u012ftvirt\u00adin\u00adta \u201cteis\u0117 \u012f b\u016bst\u0105\u201d.<\/span><\/p>\n<p class=\"p8\"><span class=\"s1\">- konkurencin\u00adgos auto\u00admo\u00adbil\u00adi\u0173 draudi\u00admo kain\u00ados ir dar dau\u00adgiau.<\/span><\/p>\n<p class=\"p8\"><span class=\"s1\">Ar Dubli\u00adno gyven\u00adto\u00adjams \u0161i\u0173 dalyk\u0173 nereikia? Argi mes to nenusipel\u00adn\u0117me?<\/span><\/p>\n<p class=\"p8\"><span class=\"s1\">Be to, kad gar\u00adsi\u00adai pasisaky\u00adsiu u\u017e Dublin\u0105, kad Dubli\u00adnas tap\u00adt\u0173 Euro\u00adpos cen\u00adtru, visk\u0105, k\u0105 jums reikia \u017einoti apie geri\u00adau\u00adsius Euro\u00adpos atstovus visais \u0161iais ir kitais klausi\u00admais, pris\u00adtaty\u00adsiu j\u016bs\u0173 ben\u00addruomen\u0117\u00adje.<\/span><\/p>\n<p class=\"p8\"><span class=\"s1\">Si\u016blau kitok\u012f po\u017ei\u016br\u012f \u012f Euro\u00adpos S\u0105jung\u0105, visi\u0161kai nau\u00adj\u0105 po\u017ei\u016br\u012f. B\u016bdamas j\u016bs\u0173 neprik\u00adlau\u00adso\u00admu EP nar\u00adiu, 100 proc. siek\u00adsiu nau\u00adj\u0173 rezul\u00adtat\u0173 ir nau\u00adjo, \u0161vie\u017eio po\u017ei\u016brio \u012f Europ\u0105, \u012fver\u00adtin\u00adi\u00admo, kaip spr\u0119sti Dubli\u00adno prob\u00adle\u00admas.<\/span><\/p>\n<p class=\"p8\"><span class=\"s1\">DUBLINAS \u2014 EUROPOS CENTRE \u2014 TEGUL DUBLINAS B\u016aNA I\u0160GIRSTAS<\/span><\/p>\n<h5 style=\"color: #1b3550;\"><span class=\"s1\"><b>B\u016bstas<\/b><\/span><\/h5>\n<p class=\"p10\"><span class=\"s1\">B\u016bs\u00adto kriz\u0117 yra tiesiogi\u00adnis vyr\u00adi\u00adausy\u00adb\u0117s poli\u00adtikos rezul\u00adtatas. Tai n\u0117ra atsi\u00adtik\u00adt\u00adinu\u00admas ar \u201cDie\u00advo veiks\u00admas\u201d. Tai tiesiogi\u00adnis ir vien\u00adin\u00adtelis gal\u00adi\u00admas ai\u0161kaus Vyr\u00adi\u00adausy\u00adb\u0117s pasirinki\u00admo rezul\u00adtatas, t. y. atsisakyti val\u00adsty\u00adbini\u0173 b\u016bst\u0173 staty\u00adbos.<\/span><\/p>\n<p class=\"p10\"><span class=\"s1\">Tokio pasirinki\u00admo i\u0161takos \u2014 dar a\u0161tun\u00adto\u00adjo de\u0161imt\u00adme\u010dio prad\u017eio\u00adje \u012fsi\u00adgal\u0117jusi M. Thatch\u00adery\u00adt\u0117s ide\u00adologi\u00adja, pagal kuri\u0105 pagrin\u00addi\u00adnis \u017emo\u00adgaus por\u00adeikis ir teis\u0117 \u012f stog\u0105 vir\u0161 galvos, neat\u00adsi\u017evel\u00adgiant \u012f \u017emogi\u0161k\u0105sias pasekmes, yra laiko\u00adma pel\u00adno siekian\u010dia preke, net\u00adgi pra\u00adban\u00adga. Nuo to laiko visos vyr\u00adi\u00adausy\u00adb\u0117s par\u00adti\u00adjos pri\u00adtar\u0117 \u0161iai ide\u00adologi\u00adjai tiek, kad vietos vald\u017eios insti\u00adtu\u00adci\u00adjos neteko b\u016bs\u00adto staty\u00adbos geb\u0117jim\u0173, \u012fg\u016bd\u017ei\u0173 ir i\u0161tek\u00adli\u0173, reikaling\u0173 tikram vie\u0161a\u00adjam b\u016bs\u00adtui statyti ir pri\u017ei\u016br\u0117ti. Vietoj to jie visi\u0161kai atsisak\u0117 \u0161ios vie\u0161o\u00adsios g\u0117ry\u00adb\u0117s ir per\u00addav\u0117 j\u0105 gob\u00ad\u0161i\u00adam \u201cpel\u00adno siekian\u010di\u00adam\u201d pri\u00adva\u010di\u00adam sek\u00adto\u00adriui, kuris visi\u0161kai nesir\u016bpina ben\u00addruo\u00adju g\u0117riu ar socialini\u00adais por\u00adeiki\u00adais.<\/span><\/p>\n<p class=\"p10\"><span class=\"s1\">De\u0161imt\u00adme\u010dius besi\u00adlaikant \u0161ios kra\u0161\u00adtutin\u0117s de\u0161in\u00adio\u00adsios ide\u00adologi\u00adjos, liko tik nedidelis val\u00adsty\u00adbini\u0173 b\u016bst\u0173 fon\u00addas. Tuo tarpu dabar yra jaun\u0173 \u017emoni\u0173 kar\u00adtos, kuri\u0173 l\u016bkes\u010di\u00adai tur\u0117ti nuosav\u0105 b\u016bst\u0105 tapo tik ne\u012f\u00adgyven\u00add\u00adi\u00adna\u00adma sva\u00adjone, kuri\u0105 jie \u012fgyven\u00add\u00adi\u00adna iki 20, 30 ir net 40 met\u0173, kol gyve\u00adna keist\u0105 gyven\u00adim\u0105, prik\u00adlausy\u00adda\u00admi nuo t\u0117v\u0173 ar kit\u0173 \u0161eimos nar\u00adi\u0173, nors tur\u0117t\u0173 gyven\u00adti savaranki\u0161kai. Yra dau\u00adgy\u00adb\u0117 kit\u0173 keist\u0173 ir ne\u017e\u00admoni\u0161k\u0173 \u0161ios ide\u00adologi\u00adjos pasek\u00admi\u0173:<\/span><\/p>\n<ul class=\"ul1\">\n<li class=\"li11\"><span class=\"s1\">I\u0161siskyru\u00adsios ir i\u0161siskyru\u00adsios poros priver\u00adstos gyven\u00adti kar\u00adtu<\/span><\/li>\n<li class=\"li11\"><span class=\"s1\">\u201cCouch\u00adsurf\u00ading\u201d ir priver\u00adstin\u0117s prik\u00adlau\u00adsomy\u00adb\u0117s nuo nam\u0173 kult\u016bra<\/span><\/li>\n<li class=\"li11\"><span class=\"s1\">\u017dmon\u0117s priver\u00adsti gyven\u00adti ne vis\u0105 dar\u00adbo dien\u0105, o tai turi rimt\u0173 pasek\u00admi\u0173 sveikatai ir aplinkai.<\/span><\/li>\n<li class=\"li11\"><span class=\"s1\">\u0160okiruo\u00adjan\u00adtis benamys\u00adt\u0117s, \u012fskai\u00adtant vaik\u0173 benamys\u00adt\u0119, lygis gri\u00adau\u00adna \u017emoni\u0173 gyven\u00adimus ir sukuria ne\u017e\u00admoni\u0161kas gyven\u00adi\u00admo s\u0105ly\u00adgas, neatitinkan\u010dias civ\u00adi\u00adlizuo\u00adtos visuomen\u0117s reikalav\u00adim\u0173.<\/span><\/li>\n<\/ul>\n<p class=\"p10\"><span class=\"s1\">Air\u00adi\u00adjai reikalin\u00adga plataus mas\u00adto val\u00adsty\u00adbini\u0173 nam\u0173 staty\u00adbos pro\u00adgra\u00adma, kuri sudary\u00adt\u0173 konkuren\u00adci\u00adj\u0105 god\u017ei\u00adam pri\u00adva\u010di\u00adam b\u016bs\u00adto tieki\u00admo sek\u00adto\u00adriui. Tai tur\u0117s dve\u00adjop\u0105 b\u016bt\u00adin\u0105 poveik\u012f \u2014 padid\u0117s pasi\u016bla ir suma\u017e\u0117s s\u0105nau\u00addos, tod\u0117l bus su\u0161vel\u00adnin\u00adta b\u016bs\u00adto kriz\u0117. Cen\u00adtral\u00adizuo\u00adtai ir per vietos vald\u017eios insti\u00adtu\u00adci\u00adjas \u012fgyvend\u00adi\u00adnus tok\u00adi\u0105 vie\u0161\u0173j\u0173 nam\u0173 apr\u016bpin\u00adi\u00admo pro\u00adgram\u0105 m\u016bs\u0173 \u017emoni\u0173 prie\u017ei\u016bra ir gyvy\u00adbing\u0173 funkcional\u00adi\u0173 ben\u00addruomeni\u0173 atk\u016bri\u00admas tap\u00adt\u0173 svarbesni u\u017e \u0161ian\u00addi\u00aden\u00adin\u012f nevykus\u012f b\u016bs\u00adto mod\u00adel\u012f, kuris grind\u017eia\u00admas tik pel\u00adnu ir M. Thatch\u00adery\u00adt\u0117s ide\u00adologi\u00adja.<\/span><\/p>\n<p class=\"p8\"><span class=\"s2\">Viso\u00adje Europo\u00adje gali b\u016bti ir da\u017e\u00adnai yra \u012fgyven\u00add\u00adi\u00adna\u00adma gera visuomen\u0117s sveikatos poli\u00adti\u00adka, o tok\u00adie pavyzd\u017ei\u00adai, kaip Viena, yra pavyzdys, kurio gal\u00adime siek\u00adti. Turime atsisakyti skaldan\u010dios ide\u00adologi\u00adjos b\u016bs\u00adto sri\u00adty\u00adje ir dabar statyti vie\u0161u\u00ado\u00adsius b\u016bs\u00adtus. Niekas kitas negali pad\u0117ti i\u0161spr\u0119sti ekstremalios situaci\u00adjos.<\/span><\/p>\n<h5 style=\"color: #1b3550;\"><span class=\"s1\"><b>Migracija<\/b><\/span><\/h5>\n<p class=\"p13\"><span class=\"s1\">B\u016bsi\u00admas tek\u00adstas<\/span><\/p>\n<h5 style=\"color: #1b3550;\"><span class=\"s1\"><b>Sveikatos prie\u017ei\u016bra<\/b><\/span><\/h5>\n<p class=\"p15\"><span class=\"s1\">Kadan\u00adgi esu i\u0161gyvenusi v\u0117\u017e\u012f, taip pat ir d\u0117l \u0161eimynini\u0173 prie\u017eas\u010di\u0173, esu gerai susi\u00adpa\u017ei\u00adnusi su m\u016bs\u0173 sveikatos prie\u017ei\u016bros sis\u00adtema. Tai neveik\u00adsni sis\u00adtema, kuri\u00ado\u00adje dir\u00adba sunki\u00adai dirban\u00adtys ir atsi\u00addav\u0119 slau\u00adgy\u00adto\u00adjai, sprend\u017eiantys ne nuo j\u0173 prik\u00adlau\u00adsan\u010dias prob\u00adle\u00admas taip gerai, kaip tik gali. Dis\u00adfunkci\u00adjos prie\u017eastis v\u0117l\u00adgi yra ide\u00adologin\u0117. Priemon\u0117 yra aki\u00advaiz\u00addi ir Air\u00adi\u00adjos gyven\u00adto\u00adjai j\u0105 jau patvirti\u00adno.<\/span><\/p>\n<p class=\"p15\"><span class=\"s1\">Mes bal\u00adsavome u\u017e vieno lygio sveikatos prie\u017ei\u016bros sis\u00adtem\u0105, kuri b\u016bt\u0173 nemoka\u00adma ir teikia\u00adma tik pagal sveikatos prie\u017ei\u016bros por\u00adeik\u00adius, o ne pagal kok\u00adius nors kitus veik\u00adsnius, ir mums buvo pa\u017ead\u0117\u00adta tokia sis\u00adtema. Niekas netur\u0117t\u0173 mir\u00adti ar lik\u00adti ser\u00adgan\u00adtis d\u0117l to, kad neturi sveikatos prie\u017ei\u016bros paslaug\u0173, kurias gal\u0117t\u0173 gau\u00adti, jei tik tur\u0117t\u0173 dau\u00adgiau pinig\u0173 ar pri\u00advat\u0173 sveikatos draudim\u0105. Tai nepado\u00adru\u00admas. Visos par\u00adti\u00adjos \u017ead\u0117jo esmin\u0119 m\u016bs\u0173 sis\u00adte\u00admos refor\u00adm\u0105, ta\u010di\u00adau n\u0117 viena i\u0161 j\u0173 jos ne\u012fvykd\u0117. Tai \u0161iurk\u0161\u00adtus juos i\u0161rinkusi\u0173 \u017emoni\u0173 manda\u00adto pa\u017eei\u00addi\u00admas.<\/span><\/p>\n<p class=\"p15\"><span class=\"s1\">\u201cSlain\u00adte\u00adcare\u201d turi b\u016bti teikia\u00adma pir\u00admeny\u00adb\u0117 ir \u012fgyven\u00add\u00adi\u00adna\u00adma tarp\u00adpar\u00adtiniu pagrindu mums visiems. M\u016bs\u0173 \u017emoni\u0173 sveika\u00adta yra per\u00adne\u00adlyg svar\u00adbi, kad prik\u00adlausyt\u0173 nuo poli\u00adtini\u0173 rieten\u0173 ar netinkamo pel\u00adno moty\u00advo, kuris kar\u00adtais lemia, kas gyve\u00adna, o kas mir\u0161\u00adta, atsi\u017evel\u00adgiant \u012f tai, kaip gerai gyve\u00adna \u017emon\u0117s. Tai turi liautis.<\/span><\/p>\n<p>Nor\u0117\u00adda\u00admi gau\u00adti dau\u00adgiau infor\u00adma\u00adci\u00adjos, susisiekite su Bren\u00addanu \u010dia info@brendanogle.ie<\/p>\n<p>Spustel\u0117kite nuorod\u0105, kad gr\u012f\u017e\u00adtum\u0117te \u012f pagrind\u00adin\u012f polit\u00adin\u0117s plat\u00adfor\u00admos pus\u00adlap\u012f su vaiz\u00addais ir vaiz\u00addo \u012fra\u0161ais. <a href=\"https:\/\/brendanogle.ie\/political-platform\/\"><br>\n  <b>\u010cIA<\/b><br>\n<\/a><\/p>\n","protected":false},"excerpt":{"rendered":"<p>POLITIN\u0116 PLATFORMA I\u0161girskite Dublin\u0105! \u201cMano Dubli\u00adno biuras taps infor\u00adma\u00adci\u00adjos ir moky\u00admosi cen\u00adtru, kuri\u00adame bus gal\u00adi\u00adma susi\u00adpa\u017ein\u00adti su geri\u00adau\u00adsia Euro\u00adpos patir\u00adti\u00admi Dubli\u00adno gyven\u00adto\u00adjams svar\u00adbiais klausi\u00admais. Reng\u00adsiu sem\u00adi\u00adnarus ir kei\u00adsi\u00adu\u00adosi infor\u00adma\u00adci\u00adja bei \u012fg\u016bd\u017ei\u00adais. Dubline pir\u00adm\u0105 kart\u0105 ben\u00addruomen\u0117s lyg\u00adme\u00adniu bus gal\u00adi\u00adma i\u0161vysti tai, k\u0105 Europa gali pasi\u016b\u00adlyti geri\u00adau\u00adsio. Dubli\u00adno bal\u00adsas Polit\u00adin\u0117 poli\u00adti\u00adka Euro\u00adpos S\u0105jun\u00adga Air\u00adi\u00adjos europar\u00adla\u00admen\u00adtarai nieka\u00adda nesug\u00adr\u0105\u017ei\u00adno\u2026 <a class=\"continue\" href=\"https:\/\/brendanogle.ie\/lt\/politine-platforma-tik-teksto-versija\/\">Con\u00adtin\u00adue Read\u00ading<span> Polit\u00adin\u0117 plat\u00adfor\u00adma Tik tek\u00adsto ver\u00adsi\u00adja<\/span><\/a><\/p>\n","protected":false},"author":1,"featured_media":0,"parent":0,"menu_order":0,"comment_status":"closed","ping_status":"closed","template":"","meta":{"_et_pb_use_builder":"","_et_pb_old_content":"","_et_gb_content_width":"","wp_typography_post_enhancements_disabled":false,"footnotes":""},"class_list":["post-4179","page","type-page","status-publish","hentry"],"_links":{"self":[{"href":"https:\/\/brendanogle.ie\/lt\/wp-json\/wp\/v2\/pages\/4179","targetHints":{"allow":["GET"]}}],"collection":[{"href":"https:\/\/brendanogle.ie\/lt\/wp-json\/wp\/v2\/pages"}],"about":[{"href":"https:\/\/brendanogle.ie\/lt\/wp-json\/wp\/v2\/types\/page"}],"author":[{"embeddable":true,"href":"https:\/\/brendanogle.ie\/lt\/wp-json\/wp\/v2\/users\/1"}],"replies":[{"embeddable":true,"href":"https:\/\/brendanogle.ie\/lt\/wp-json\/wp\/v2\/comments?post=4179"}],"version-history":[{"count":0,"href":"https:\/\/brendanogle.ie\/lt\/wp-json\/wp\/v2\/pages\/4179\/revisions"}],"wp:attachment":[{"href":"https:\/\/brendanogle.ie\/lt\/wp-json\/wp\/v2\/media?parent=4179"}],"curies":[{"name":"wp","href":"https:\/\/api.w.org\/{rel}","templated":true}]}}