{"id":4180,"date":"2024-04-15T19:09:09","date_gmt":"2024-04-15T19:09:09","guid":{"rendered":"https:\/\/brendanogle.ie\/verzjoni-test-biss-tal-pjattaforma-politika\/"},"modified":"2024-04-15T19:09:09","modified_gmt":"2024-04-15T19:09:09","slug":"verzjoni-test-biss-tal-pjattaforma-politika","status":"publish","type":"page","link":"https:\/\/brendanogle.ie\/mt\/verzjoni-test-biss-tal-pjattaforma-politika\/","title":{"rendered":"Ver\u017cjoni Test biss tal-Pjattaforma Politika"},"content":{"rendered":"<h1 class=\"p1\" style=\"color: #1b3550;\"><span class=\"s1\">PJATTAFORMA POLITIKA<\/span><\/h1>\n<h2 class=\"p3\"><span class=\"s1\">Issemma Dublin!<\/span><\/h2>\n<p class=\"p4\"><span class=\"s1\">\u2018L\u2011Uffi\u010b\u010bju tieg\u0127i ta\u2019 Dublin se jsir \u010ben\u00adtru ta\u2019 infor\u00admaz\u00adzjoni u tag\u0127lim fejn jist\u00adg\u0127u jit\u00adg\u0127all\u00admu dwar l\u2011a\u0127jar prat\u00adti\u00adki mad\u00adwar l\u2011Ewropa, dwar kwistjoni\u00adji\u00adet li jolq\u00adtu b\u2019mod fun\u00adda\u00admen\u00adtali lin-nies ta\u2019 Dublin. Se nistab\u00adbil\u00adixxi work\u00adshops u skam\u00adb\u00adji ta\u2019 infor\u00admaz\u00adzjoni u \u0127ili\u00adet. Dublin, g\u0127all-ewwel dar\u00adba, se tara fil-liv\u00adell tal-komu\u00adnit\u00e0 l\u2011aqwa li g\u0127and\u00adha x\u2019tof\u00adfri l\u2011Ewropa.\u2019<\/span><\/p>\n<h3 style=\"color: #1b3550;\"><span class=\"s1\">Le\u0127en g\u0127al Dublin<\/span><\/h3>\n<h4 class=\"p7\"><span class=\"s1\">Politiki Politi\u010bi<\/span><\/h4>\n<h5 style=\"color: #1b3550;\"><span class=\"s1\"><b>Unjoni Ewropea<\/b><\/span><\/h5>\n<p class=\"p8\"><span class=\"s1\">L\u2011MEPs Irlandi\u017ci qatt ma \u0121abu l\u2011aqwa mill-Ewropa lura f\u2019Dublin. Kienu pas\u00adsivi u kom\u00adp\u00adja\u010ben\u00adti. L\u2011Unjoni Ewro\u00adpea g\u0127and\u00adha \u0127af\u00adna difet\u00adti fos\u00adthom defi\u010bit demokratiku fl-istrut\u00adturi tag\u0127ha. I\u017cda mhux kol\u00adlox \u0127a\u017cin u n\u2011nies ta\u2019 Dublin qed jitil\u00adfu l\u2011a\u0127jar mill-Ewropa<\/span><\/p>\n<p class=\"p8\"><span class=\"s1\">G\u0127aliex il-kura tat-tfal fil-\u0120er\u00adman\u00adja tiswa fraz\u00adzjoni ta\u2019 dak li tiswa f\u2019Dublin fejn hija l\u2011akbar imped\u00adi\u00adtur li j\u017comm lin-nisa mix-xog\u0127ol?<\/span><\/p>\n<p class=\"p8\"><span class=\"s1\">Kif jista\u2019 l\u2011Isvezja jkoll\u00adha sis\u00adtema edukat\u00adti\u00adva li hija tassew \u2018il-\u0127aj\u00adja koll\u00adha\u2019 sa mill-eta\u00adji\u00adet l\u2011aktar bikri\u00adja u li tin\u00advolvi wkoll \u2018kura bar\u00adra mill-isko\u00adla\u2019?<\/span><\/p>\n<p class=\"p8\"><span class=\"s1\">Kif il-Fin\u00adland\u00adja tista\u2019 prat\u00adtika\u00adment teqred il-per\u00adsuni ming\u0127a\u00adjr dar?<\/span><\/p>\n<p class=\"p8\"><span class=\"s1\">Ma nist\u00adg\u0127ux nibbene\u00adfikaw mill-inqas li nid\u00addisku\u00adtu u nit\u00adg\u0127all\u00admu dwar is-sis\u00adtema ta\u2019 trat\u00adta\u00adment tad-dro\u00adga tal-Por\u00adtu\u00adgall?<\/span><\/p>\n<p class=\"p8\"><span class=\"s1\">L\u2011Irlandi\u017ci qatt ma ntwerew il-val\u00adur transaz\u00adzjon\u00adali tal-komu\u00adnit\u00e0 u l\u2011potenzjal reali tal-Unjoni Ewro\u00adpea. B\u0127ala l\u2011MEP Indipen\u00adden\u00adti tieg\u0127ek ta\u2019 Dublin jien se nag\u0127mel xi \u0127a\u0121a li qatt ma saret qabel.<\/span><\/p>\n<p class=\"p8\"><span class=\"s1\">WEG\u0126DA \u2018<i>L\u2011Uffi\u010b\u010bju tieg\u0127i ta\u2019 Dublin se jsir \u010ben\u00adtru ta\u2019 infor\u00admaz\u00adzjoni u tag\u0127lim fejn l\u2011a\u0127jar prat\u00adti\u00adki mad\u00adwar l\u2011Ewropa, dwar kwistjoni\u00adji\u00adet li jolq\u00adtu fun\u00adda\u00admen\u00adtal\u00adment lin-nies ta\u2019 Dublin, jist\u00adg\u0127u ji\u0121u mg\u0127all\u00adma dwarhom. Se nistab\u00adbil\u00adixxi work\u00adshops u skam\u00adb\u00adji ta\u2019 infor\u00admaz\u00adzjoni u \u0127ili\u00adet. Dublin, g\u0127all-ewwel tim, se tara fil-liv\u00adell tal-komu\u00adnit\u00e0 l\u2011aqwa li g\u0127and\u00adha x\u2019tof\u00adfri l\u2011Ewropa.<\/i>\u2019<\/span><\/p>\n<p class=\"p8\"><span class=\"s1\">Qatt ma sma\u00adjt lil xi MEP Irlandi\u017c jis\u00adtaqsi:<\/span><\/p>\n<p class=\"p8\"><span class=\"s1\">\u2018kif ja\u0127\u00addem l\u2011appro\u010b\u010b tal-Bel\u0121ju lejn id-dis\u00adpo\u017ciz\u00adzjoni\u00adji\u00adet tas-sa\u0127\u0127a pub\u00adb\u00adli\u00adka\u2019, jew<\/span><\/p>\n<p class=\"p8\"><span class=\"s1\">\u2018kif il-\u0120er\u00admani\u017ci jirnexxil\u00adhom i\u017com\u00admu l\u2011ispejje\u017c tal-kura tat-tfal daqshekk baxxi\u2019, jew<\/span><\/p>\n<p class=\"p8\"><span class=\"s1\">\u2018kif il-koop\u00ader\u00adat\u00adtivi tad-djar fi bli\u00adet b\u0127al Berlin u Antwerp iwass\u00adlu akko\u00admodaz\u00adzjoni afford\u00adab\u00adbli\u2019.<\/span><\/p>\n<p class=\"p8\"><span class=\"s1\">B\u0127ala l\u2011MEP Indipen\u00adden\u00adti ta\u2019 Dublin tieg\u0127ek u jien nistaq\u00adsu dawn il-mis\u00adto\u00adqsi\u00adji\u00adet u n\u0121ibu t\u2011twe\u0121ibiet, u n\u2011nies, lilek.<\/span><\/p>\n<p class=\"p8\"><span class=\"s1\">Jien mhux pas\u00adsiv. Irrid nag\u0127mel bid\u00adla. Hekk jien u dak li dej\u00adjem ippru\u00adva\u00adjt nag\u0127mel fix-xog\u0127ol tieg\u0127i u f\u2019\u0127ajti. Irrid inkun il-MPE tieg\u0127ek g\u0127ax irrid ng\u0127in biex jin\u00adfor\u00adma lin-nies ta\u2019 Dublin kif \u0121ew \u2018gaslit\u2019 biex ja\u010b\u010bet\u00adtaw li l\u2011mod attwali ta\u2019 kif isiru l\u2011affarijiet, il-mod Fian\u00adna Fail u Fine Gael, huwa l\u2011uniku mod.<\/span><\/p>\n<p class=\"p8\"><span class=\"s1\">Mhuwiex, u huwa fal\u00adli\u00adment! Irridu nift\u0127u mo\u0127\u0127\u00adna u g\u0127a\u00adjne\u00adj\u00adna g\u0127all-aqwa tal-Ewropa.<\/span><\/p>\n<p class=\"p8\"><span class=\"s1\">L\u2011Unjoni Ewro\u00adpea hija mim\u00adli\u00adja b\u2019pa\u00adjji\u017ci impen\u00adjati g\u0127al mudell kap\u00adi\u00adtal\u00adist kif dej\u00adjem kienet l\u2011Irlanda u madankol\u00adlu tista\u2019 fil-fatt tip\u00adprov\u00addi:<\/span><\/p>\n<p class=\"p8\"><span class=\"s1\">-kura tas-sa\u0127\u0127a uni\u00adver\u00adsali<\/span><\/p>\n<p class=\"p8\"><span class=\"s1\">\u2013 kura tat-tfal ir\u0127as,<\/span><\/p>\n<p class=\"p8\"><span class=\"s1\">\u2013 4 ijiem \u0121img\u0127at tax-xog\u0127ol<\/span><\/p>\n<p class=\"p8\"><span class=\"s1\">\u2013 10 \u0121img\u0127at vaganzi g\u0127all-\u0127ad\u00addiema<\/span><\/p>\n<p class=\"p8\"><span class=\"s1\">\u2013 edukaz\u00adzjoni uni\u00adver\u00adsi\u00adtar\u00adja \u0121en\u00adwina\u00adment \u0127iel\u00adsa<\/span><\/p>\n<p class=\"p8\"><span class=\"s1\">\u2013 \u2018dritt g\u0127all-akko\u00admodaz\u00adzjoni\u2019 min\u00adqux<\/span><\/p>\n<p class=\"p8\"><span class=\"s1\">\u2013 prezzi\u00adji\u00adet kom\u00adpetit\u00adtivi tal-assig\u00adu\u00adraz\u00adzjoni tal-karoz\u00adza, u \u0127af\u00adna aktar.<\/span><\/p>\n<p class=\"p8\"><span class=\"s1\">In-nies ta\u2019 Dublin m\u2019g\u0127andhomx b\u017conn dawn l\u2011affarijiet? Ma \u0127aqqniex dawn l\u2011affarijiet?<\/span><\/p>\n<p class=\"p8\"><span class=\"s1\">Min\u00adbar\u00adra li nitkellem b\u2019le\u0127en g\u0127oli g\u0127al Dublin, biex inpo\u0121\u0121i lil Dublin fil-qal\u00adba tal-Ewropa, ser in\u0121ib dak kol\u00adlu li g\u0127an\u00addek b\u017conn tkun taf dwar l\u2011a\u0127jar tal-Ewropa dwar dawn il-kwistjoni\u00adji\u00adet koll\u00adha u aktar, dritt fil-komu\u00adnit\u00e0 tieg\u0127ek.<\/span><\/p>\n<p class=\"p8\"><span class=\"s1\">Qed nof\u00adfri mod dif\u00adfer\u00aden\u00adti ta\u2019 kif t\u0127ares lejn l\u2011Unjoni Ewro\u00adpea tieg\u0127ek, appro\u010b\u010b kom\u00adple\u00adta\u00adment \u0121did. B\u0127ala l\u2011MPE Indipen\u00adden\u00adti tieg\u0127ek ser inwas\u00adsal 100% u mod \u0121did \u0121did ta\u2019 kif in\u0127ares lejn l\u2011Ewropa, ta\u2019 kif niv\u00adva\u00adl\u00adu\u00adta kif issolvi l\u2011problemi ta\u2019 Dublin.<\/span><\/p>\n<p class=\"p8\"><span class=\"s1\">PO\u0120\u0120I DUBLIN FIL-QALB TA\u2019 RUROPE \u2014 JAG\u0126MEL DUBLIN IS-SIMG\u0126A<\/span><\/p>\n<h5 style=\"color: #1b3550;\"><span class=\"s1\"><b>Djar<\/b><\/span><\/h5>\n<p class=\"p10\"><span class=\"s1\">L\u2011emer\u0121enza tad-djar tag\u0127\u00adna hija ri\u017cul\u00adtat dirett tal-poli\u00adti\u00adka tal-Gvern. Mhux xi in\u010bi\u00addent jew \u2018att ta\u2019 Alla\u2019. Huwa r\u2011ri\u017cultat dirett u l\u2011uniku pos\u00adsib\u00adbli ta\u2019 g\u0127a\u017cla \u010bara tal-Gvern \u2013 dik l\u2011g\u0127a\u017cla hi li ma jinbnewx akko\u00admodaz\u00adzjoni pub\u00adb\u00adli\u00adka.<\/span><\/p>\n<p class=\"p10\"><span class=\"s1\">Il-\u0121en\u00ade\u00adsi ta\u2019 din l\u2011g\u0127a\u017cla hija l\u2011ideolo\u0121ija Thatcheri\u00adta, li tmur lura g\u0127all-bidu tas-snin tmenin, li l\u2011\u0127tie\u0121a umana ba\u017ci\u00adka u d\u2011dritt ta\u2019 saqaf fuq ras\u00adna ti\u0121i ttrat\u00adta\u00adta b\u0127ala merkanz\u00adi\u00adja g\u0127all-prof\u00aditt, anke b\u0127ala lus\u00adsu, irrispet\u00adti\u00adva\u00adment mill-kon\u00adseg\u00adwen\u00adzi umani. Il-par\u00adti\u00adti koll\u00adha tal-Gvern minn dak i\u017c-\u017cmien xtraw f\u2019din l\u2011ideolo\u0121ija tant li l\u2011awtoritajiet lokali tne\u0127\u0127ew mill-kapa\u010bit\u00e0 tag\u0127hom ta\u2019 bini ta\u2019 dar u l\u2011\u0127iliet u r\u2011ri\u017corsi biex jip\u00adpro\u00addu\u010bu u j\u017com\u00admu akko\u00admodaz\u00adzjoni pub\u00adb\u00adli\u00adka \u0121en\u00adwina. Min\u00adflok abban\u00addunaw dan il-\u0121id pub\u00adb\u00adliku g\u0127al kol\u00adlox f\u2019idejn set\u00adtur pri\u00advat avari \u2018g\u0127all-prof\u00aditt\u2019 li huwa kom\u00adple\u00adta\u00adment nieqes minn kull t\u0127as\u00adsib g\u0127all-\u0121id komu\u00adni jew b\u017con\u00adni\u00adji\u00adet so\u010b\u00adjali.<\/span><\/p>\n<p class=\"p10\"><span class=\"s1\">G\u0127ex\u00adieren ta\u2019 snin ta\u2019 din l\u2011ideolo\u0121ija tal-lemin estrem irri\u017cultaw li kien fadal biss stock \u017cg\u0127ir ta\u2019 djar pub\u00adbli\u010bi. Sadanit\u00adtant issa hemm \u0121en\u00ader\u00adaz\u00adzjoni\u00adji\u00adet ta\u2019 \u017cg\u0127a\u017cag\u0127 li l\u2011aspettattivi tag\u0127hom li jkoll\u00adhom id-dar tag\u0127hom ma sarux aktar minn \u0127ol\u00adma li g\u0127and\u00adhom fl-20, 30 u anke 40 waqt li jg\u0127ixu \u0127aj\u00adja stram\u00adba jid\u00adde\u00adpen\u00addu fuq \u0121en\u00adi\u00adturi jew famil\u00adja o\u0127ra meta g\u0127and\u00adhom ikunu qed imexxu. \u0127aj\u00adja indipen\u00adden\u00adti. Hemm \u0127af\u00adna kon\u00adseg\u00adwen\u00adzi stram\u00adbi u inu\u00admani o\u0127ra ta\u2019 din l\u2011ideolo\u0121ija:<\/span><\/p>\n<ul class=\"ul1\">\n<li class=\"li11\"><span class=\"s1\">Kop\u00adpji sep\u00ada\u00adrati u divorz\u00adjati m\u0121ieg\u0127la jikkoabitaw<\/span><\/li>\n<li class=\"li11\"><span class=\"s1\">\u2018Couch\u00adsurf\u00ading\u2019 u kul\u00adtura ta\u2019 dipen\u00adden\u00adza tad-dar infurza\u00adta<\/span><\/li>\n<li class=\"li11\"><span class=\"s1\">Nies li jkunu sfurza\u00adti jg\u0127ix sig\u0127at mix-xog\u0127ol tag\u0127hom b\u2019kon\u00adseg\u00adwen\u00adzi ser\u00adji fuq is-sa\u0127\u0127a u l\u2011ambjent<\/span><\/li>\n<li class=\"li11\"><span class=\"s1\">Liv\u00adel\u00adli xokkan\u00adti ta\u2019 per\u00adsuni bla dar, inklu\u017c nuqqas ta\u2019 dar tat-tfal, t\u0127as\u00adsir tal-\u0127ajji\u00adet u tim\u00adponi kun\u00addiz\u00adzjoni\u00adji\u00adet inu\u00admani ta\u2019 g\u0127a\u00adjx\u00adien inkon\u00adsis\u00adten\u00adti ma\u2019 so\u010b\u00adjet\u00e0 \u010biv\u00adi\u00adliz\u00adza\u00adta<\/span><\/li>\n<\/ul>\n<p class=\"p10\"><span class=\"s1\">L\u2011Irlanda te\u0127tie\u0121 pro\u00adgramm mas\u00adsiv ta\u2019 bini ta\u2019 djar pub\u00adbli\u010bi li jip\u00adprov\u00addi kom\u00adpe\u00adtiz\u00adzjoni lis-set\u00adtur pri\u00advat avari tal-provvista tad-dar. Dan ikol\u00adlu l\u2011effetti doppji me\u0127tie\u0121a li ti\u017cdied il-provvista u jit\u00adnaqq\u00adsu l\u2011ispejje\u017c biex b\u2019hekk tittaffa l\u2011emer\u0121enza tad-djar. \u010aen\u00adtral\u00adment, u per\u00adme\u00adzz ta\u2019 awtori\u00adta\u00adji\u00adet lokali, pro\u00adgramm b\u0127al dan ta\u2019 forn\u00adi\u00adment ta\u2019 djar pub\u00adbli\u010bi jara l\u2011kura tan-nies tag\u0127\u00adna u r\u2011rikreazzjoni ta\u2019 komu\u00adni\u00adta\u00adji\u00adet fun\u00adzjon\u00adali vibran\u00adti mqieg\u0127\u00adda \u2018l fuq mill-mudell ta\u2019 akko\u00admodaz\u00adzjoni fal\u00adlut tal-lum li huwa bba\u017cat biss fuq il-prof\u00aditt u l\u2011ideolo\u0121ija Thatcheri\u00adta.<\/span><\/p>\n<p class=\"p8\"><span class=\"s2\">Mad\u00adwar l\u2011Ewropa poli\u00adti\u00adka taj\u00adba tas-sa\u0127\u0127a pub\u00adb\u00adli\u00adka tista\u2019, u \u0127af\u00adna dra\u00adbi tin\u00adkiseb, b\u2019e\u017cem\u00adpji b\u0127al Vjen\u00adna b\u2019mod par\u00adtiko\u00adlari li juru li huma mudell li nist\u00adg\u0127u naspi\u00adraw g\u0127al\u00adih. Irridu nie\u0127\u00addu l\u2011ideolo\u0121ija divi\u017ci\u00adva mid-djar u nib\u00adnu akko\u00admodaz\u00adzjoni pub\u00adb\u00adli\u00adka issa. Xejn aktar mhu kapa\u010bi jind\u00adi\u00adriz\u00adza l\u2011emer\u0121enza.<\/span><\/p>\n<h5 style=\"color: #1b3550;\"><span class=\"s1\"><b>Migrazzjoni<\/b><\/span><\/h5>\n<p class=\"p13\"><span class=\"s1\">Test li \u0121ej<\/span><\/p>\n<h5 style=\"color: #1b3550;\"><span class=\"s1\"><b>Kura tas-sa\u0127\u0127a<\/b><\/span><\/h5>\n<p class=\"p15\"><span class=\"s1\">B\u0127ala super\u00adsti\u00adti tal-kan\u010ber, u g\u0127al ra\u0121u\u00adni\u00adji\u00adet famil\u00adjari wkoll, jien famil\u00adjari \u0127af\u00adna mas-sis\u00adtema tal-kura tas-sa\u0127\u0127a tag\u0127\u00adna. Hija sis\u00adtema li ma tif\u00adfun\u00adzjon\u00adax taj\u00adjeb ippakk\u00adja\u00adta b\u2019car\u00aders dedikati li ja\u0127d\u00admu iebes li jit\u00adtrat\u00adtaw prob\u00adle\u00admi mhux ma\u0127\u00addu\u00adma minnhom kif jist\u00adg\u0127u. G\u0127al dar\u00adb\u2019o\u0127ra l\u2011\u0121enesi tad-dis\u00adfun\u00adzjoni hija ide\u00adolo\u0121i\u00adka. Ir-rimed\u00adju huwa ovvju u di\u0121\u00e0 ng\u0127a\u00adta man\u00addat mill-poplu Irlandi\u017c.<\/span><\/p>\n<p class=\"p15\"><span class=\"s1\">A\u0127na vvu\u00adta\u00adj\u00adna g\u0127al, u \u0121ej\u00adna mwieg\u0127\u00adda, sis\u00adtema tal-kura tas-sa\u0127\u0127a b\u2019liv\u00adell wie\u0127ed bla \u0127las fil-punt tal-u\u017cu u mog\u0127ti\u00adja biss ibba\u017ca\u00adta fuq il-\u0127ti\u0121i\u00adji\u00adet tal-kura tas-sa\u0127\u0127a u l\u2011ebda fat\u00adtur ie\u0127or. \u0126add m\u2019g\u0127an\u00addu jkun qed imut, jew jibqa\u2019 marid, min\u0127ab\u00adba n\u2011nuqqas ta\u2019 kura tas-sa\u0127\u0127a disponib\u00adbli li kien jie\u0127u kieku kel\u00adlu biss aktar flus jew assig\u00adu\u00adraz\u00adzjoni tas-sa\u0127\u0127a pri\u00adva\u00adta. Huwa oxxen\u00adit\u00e0. Ir-rifor\u00adma fun\u00adda\u00admen\u00adtali me\u0127tie\u0121a fis-sis\u00adtema tag\u0127\u00adna \u0121iet imwieg\u0127\u00adda mill-par\u00adti\u00adji\u00adet koll\u00adha li g\u0127ad\u00adha ma twasslet minn \u0127add. Dan ksur fla\u00adgranti tal-man\u00addat tag\u0127hom min-nies li ele\u0121\u0121i\u00adhom.<\/span><\/p>\n<p class=\"p15\"><span class=\"s1\">\u2018Slain\u00adte\u00adcare\u2019 g\u0127and\u00adha tkun pri\u00adjori\u00adtiz\u00adza\u00adta u mog\u0127ti\u00adja fuq ba\u017ci ta\u2019 bejn par\u00adti\u00adji\u00adet g\u0127ali\u00adna lkoll. Is-sa\u0127\u0127a tal-poplu tag\u0127\u00adna hija impor\u00adtan\u00adti wisq biex tkun su\u0121\u0121et\u00adta g\u0127all-vagari tal-brinkman\u00adship poli\u00adtiku jew g\u0127al skop ta\u2019 prof\u00aditt mhux xier\u00adaq li, xi dra\u00adbi, jid\u00adde\u00adter\u00admi\u00adna min jg\u0127ix u min imut abba\u017ci ta\u2019 kemm in-nies ikunu f\u2019qag\u0127da taj\u00adba. Dan irid jieqaf.<\/span><\/p>\n<p>G\u0127al aktar infor\u00admaz\u00adzjoni jekk jog\u0127\u0121bok ikkun\u00adtat\u00adt\u00adja lil Bren\u00addan hawn info@brendanogle.ie<\/p>\n<p>Ikklikk\u00adja l\u2011link biex tmur lura g\u0127all-pa\u0121\u00adna ewleni\u00adja tal-pjattafor\u00adma poli\u00adti\u00adka bi stampi u vid\u00adjo <a href=\"https:\/\/brendanogle.ie\/political-platform\/\"><b>HAWN<\/b><\/a><\/p>\n","protected":false},"excerpt":{"rendered":"<p>PJATTAFORMA POLITIKA Issem\u00adma Dublin! \u2018L\u2011Uffi\u010b\u010bju tieg\u0127i ta\u2019 Dublin se jsir \u010ben\u00adtru ta\u2019 infor\u00admaz\u00adzjoni u tag\u0127lim fejn jist\u00adg\u0127u jit\u00adg\u0127all\u00admu dwar l\u2011a\u0127jar prat\u00adti\u00adki mad\u00adwar l\u2011Ewropa, dwar kwistjoni\u00adji\u00adet li jolq\u00adtu b\u2019mod fun\u00adda\u00admen\u00adtali lin-nies ta\u2019 Dublin. Se nistab\u00adbil\u00adixxi work\u00adshops u skam\u00adb\u00adji ta\u2019 infor\u00admaz\u00adzjoni u \u0127ili\u00adet. Dublin, g\u0127all-ewwel dar\u00adba, se tara fil-liv\u00adell tal-komu\u00adnit\u00e0 l\u2011aqwa li g\u0127and\u00adha x\u2019tof\u00adfri l\u2011Ewropa.\u2019 Le\u0127en g\u0127al\u2026 <a class=\"continue\" href=\"https:\/\/brendanogle.ie\/mt\/verzjoni-test-biss-tal-pjattaforma-politika\/\">Con\u00adtin\u00adue Read\u00ading<span> Ver\u017cjoni Test biss tal-Pjattafor\u00adma Poli\u00adti\u00adka<\/span><\/a><\/p>\n","protected":false},"author":1,"featured_media":0,"parent":0,"menu_order":0,"comment_status":"closed","ping_status":"closed","template":"","meta":{"_et_pb_use_builder":"","_et_pb_old_content":"","_et_gb_content_width":"","wp_typography_post_enhancements_disabled":false,"footnotes":""},"class_list":["post-4180","page","type-page","status-publish","hentry"],"_links":{"self":[{"href":"https:\/\/brendanogle.ie\/mt\/wp-json\/wp\/v2\/pages\/4180","targetHints":{"allow":["GET"]}}],"collection":[{"href":"https:\/\/brendanogle.ie\/mt\/wp-json\/wp\/v2\/pages"}],"about":[{"href":"https:\/\/brendanogle.ie\/mt\/wp-json\/wp\/v2\/types\/page"}],"author":[{"embeddable":true,"href":"https:\/\/brendanogle.ie\/mt\/wp-json\/wp\/v2\/users\/1"}],"replies":[{"embeddable":true,"href":"https:\/\/brendanogle.ie\/mt\/wp-json\/wp\/v2\/comments?post=4180"}],"version-history":[{"count":0,"href":"https:\/\/brendanogle.ie\/mt\/wp-json\/wp\/v2\/pages\/4180\/revisions"}],"wp:attachment":[{"href":"https:\/\/brendanogle.ie\/mt\/wp-json\/wp\/v2\/media?parent=4180"}],"curies":[{"name":"wp","href":"https:\/\/api.w.org\/{rel}","templated":true}]}}