{"id":4173,"date":"2024-04-15T19:09:09","date_gmt":"2024-04-15T19:09:09","guid":{"rendered":"https:\/\/brendanogle.ie\/politisk-plattform-kun-tekstversjon\/"},"modified":"2024-04-15T19:09:09","modified_gmt":"2024-04-15T19:09:09","slug":"politisk-plattform-kun-tekstversjon","status":"publish","type":"page","link":"https:\/\/brendanogle.ie\/no\/politisk-plattform-kun-tekstversjon\/","title":{"rendered":"Politisk plattform Kun tekstversjon"},"content":{"rendered":"<h1 class=\"p1\" style=\"color: #1b3550;\"><span class=\"s1\">POLITISK PLATTFORM<\/span><\/h1>\n<h2 class=\"p3\"><span class=\"s1\">La Dublin bli h\u00f8rt!<\/span><\/h2>\n<p class=\"p4\"><span class=\"s1\">\u201cMitt Dublin-kon\u00adtor vil bli et sen\u00adter for infor\u00admasjon og l\u00e6ring, der man kan l\u00e6re om beste prak\u00adsis i hele Europa i sp\u00f8rsm\u00e5l som har stor betyd\u00adning for Dublins befolkn\u00ading. Jeg vil etablere work\u00adshops og utvek\u00adsle infor\u00admasjon og kom\u00adpetanse. Dublin vil for f\u00f8rste gang f\u00e5 se det aller beste Europa har \u00e5 by p\u00e5.<\/span><\/p>\n<h3 style=\"color: #1b3550;\"><span class=\"s1\">En stemme for Dublin<\/span><\/h3>\n<h4 class=\"p7\"><span class=\"s1\">Politiske retningslinjer<\/span><\/h4>\n<h5 style=\"color: #1b3550;\"><span class=\"s1\"><b>Den europeiske union<\/b><\/span><\/h5>\n<p class=\"p8\"><span class=\"s1\">Irske EU-par\u00adla\u00admen\u00adtarikere har aldri brakt det beste av Europa tilbake til Dublin. De har v\u00e6rt pas\u00adsive og selvtil\u00adfredse. EU har mange man\u00adgler, blant annet et demokratisk under\u00adskudd i sine struk\u00adtur\u00ader. Men alt er ikke s\u00e5 ille, og Dublins innbyg\u00adgere g\u00e5r glipp av det beste av Europa.<\/span><\/p>\n<p class=\"p8\"><span class=\"s1\">Hvor\u00adfor koster barnepass i Tysk\u00adland bare en br\u00f8kdel av hva det koster i Dublin, der det er den st\u00f8rste hin\u00addrin\u00adgen for at kvin\u00adner kan jobbe?<\/span><\/p>\n<p class=\"p8\"><span class=\"s1\">Hvor\u00addan kan Sverige ha et utdan\u00adningssys\u00adtem som virke\u00adlig er \u201chele livet\u201d fra de tidlig\u00adste alder\u00adstrinnene og som ogs\u00e5 omfat\u00adter \u201comsorg uten\u00adfor skolen\u201d?<\/span><\/p>\n<p class=\"p8\"><span class=\"s1\">Hvor\u00addan kan Fin\u00adland i prak\u00adsis utry\u00addde hjem\u00adl\u00f8sheten?<\/span><\/p>\n<p class=\"p8\"><span class=\"s1\">Kunne vi ikke i det min\u00adste ha nytte av \u00e5 diskutere og l\u00e6re om Por\u00adtu\u00adgals narkotik\u00adabehan\u00addlingssys\u00adtem?<\/span><\/p>\n<p class=\"p8\"><span class=\"s1\">Irene har aldri blitt vist den transak\u00adsjonelle fel\u00adlesskapsver\u00addi\u00aden og det reelle poten\u00adsialet i EU. Som din uavhengige EU-par\u00adla\u00admen\u00adtarik\u00ader i Dublin vil jeg gj\u00f8re noe som aldri har blitt gjort f\u00f8r.<\/span><\/p>\n<p class=\"p8\"><span class=\"s1\">L\u00d8FTE \u2018<i>Dublin-kon\u00adtoret mitt skal bli et sen\u00adter for infor\u00admasjon og l\u00e6ring, der man kan l\u00e6re om beste prak\u00adsis i hele Europa i sp\u00f8rsm\u00e5l som har stor betyd\u00adning for Dublins befolkn\u00ading. Jeg vil etablere work\u00adshops og utvek\u00adsle infor\u00admasjon og kom\u00adpetanse. Dublin vil for f\u00f8rste gang f\u00e5 se det aller beste Europa har \u00e5 by p\u00e5.<\/i>\u2019<\/span><\/p>\n<p class=\"p8\"><span class=\"s1\">Jeg har aldri h\u00f8rt noen irsk MEP sp\u00f8rre:<\/span><\/p>\n<p class=\"p8\"><span class=\"s1\">\u201chvor\u00addan fun\u00adger\u00ader Bel\u00adgias tiln\u00e6rm\u00ading til folke\u00adhelsetil\u00adtak\u201d, eller<\/span><\/p>\n<p class=\"p8\"><span class=\"s1\">\u201cHvor\u00addan klar\u00ader tyskerne \u00e5 holde bar\u00adneom\u00adsorgskost\u00adnadene s\u00e5 lave?\u201d, eller<\/span><\/p>\n<p class=\"p8\"><span class=\"s1\">\u201cHvor\u00addan lev\u00ader\u00ader borettsla\u00adgene i byer som Berlin og Antwer\u00adpen rimelige boliger?\u201d.<\/span><\/p>\n<p class=\"p8\"><span class=\"s1\">Som din uavhengige EU-par\u00adla\u00admen\u00adtarik\u00ader i Dublin stiller jeg disse sp\u00f8rsm\u00e5\u00adlene og bringer svarene, og men\u00adneskene, til deg.<\/span><\/p>\n<p class=\"p8\"><span class=\"s1\">Jeg er ikke pas\u00adsiv. Jeg \u00f8nsker \u00e5 skape foran\u00addring. Det er den jeg er, og det er det jeg alltid har fors\u00f8kt \u00e5 gj\u00f8re i mitt arbeid og mitt liv. Jeg \u00f8nsker \u00e5 bli din MEP for\u00addi jeg vil bidra til \u00e5 informere Dublins befolkn\u00ading om hvor\u00addan de har blitt \u201cgas\u00adset\u201d til \u00e5 akseptere at den n\u00e5v\u00e6rende m\u00e5ten \u00e5 gj\u00f8re ting p\u00e5, Fian\u00adna Fail og Fine Gaels m\u00e5te, er den eneste m\u00e5ten.<\/span><\/p>\n<p class=\"p8\"><span class=\"s1\">Det er det ikke, og det er en fiasko! Vi m\u00e5 \u00e5pne sin\u00adnet og \u00f8ynene v\u00e5re for det beste av Europa.<\/span><\/p>\n<p class=\"p8\"><span class=\"s1\">EU er stapp\u00adfullt av land som er like for\u00adp\u00adlik\u00adtet til en kap\u00adi\u00adtal\u00adis\u00adtisk mod\u00adell som Irland alltid har v\u00e6rt, og likev\u00adel kan det fak\u00adtisk gi :<\/span><\/p>\n<p class=\"p8\"><span class=\"s1\">-uni\u00adverselle helset\u00adjen\u00adester<\/span><\/p>\n<p class=\"p8\"><span class=\"s1\">- bil\u00adlig barnepass,<\/span><\/p>\n<p class=\"p8\"><span class=\"s1\">- 4 dagers arbei\u00add\u00adsuke<\/span><\/p>\n<p class=\"p8\"><span class=\"s1\">- 10 ukers ferie for arbei\u00add\u00adstakere<\/span><\/p>\n<p class=\"p8\"><span class=\"s1\">- reelt gratis uni\u00adver\u00adsitet\u00adsut\u00addan\u00adning<\/span><\/p>\n<p class=\"p8\"><span class=\"s1\">- en lovfestet \u201crett til bolig<\/span><\/p>\n<p class=\"p8\"><span class=\"s1\">- konkur\u00adransedyk\u00adtige pris\u00ader p\u00e5 bil\u00adfor\u00adsikring og mye mer.<\/span><\/p>\n<p class=\"p8\"><span class=\"s1\">Trenger ikke innbyg\u00adgerne i Dublin disse tin\u00adgene? Fort\u00adjen\u00ader vi ikke disse tin\u00adgene?<\/span><\/p>\n<p class=\"p8\"><span class=\"s1\">I til\u00adlegg til \u00e5 tale h\u00f8yt for Dublin og sette Dublin i hjertet av Europa, vil jeg bringe alt du trenger \u00e5 vite om det beste Europa har \u00e5 by p\u00e5 i alle disse sp\u00f8rsm\u00e5\u00adlene og mer til, rett inn i lokalsam\u00adfun\u00adnet ditt.<\/span><\/p>\n<p class=\"p8\"><span class=\"s1\">Jeg tilbyr en helt ny m\u00e5te \u00e5 se p\u00e5 EU p\u00e5, en helt ny tiln\u00e6rm\u00ading. Som din uavhengige EU-par\u00adla\u00admen\u00adtarik\u00ader kom\u00admer jeg til \u00e5 levere 100 % og en ny og frisk m\u00e5te \u00e5 se p\u00e5 Europa og vur\u00addere hvor\u00addan vi kan l\u00f8se Dublins prob\u00adle\u00admer p\u00e5.<\/span><\/p>\n<p class=\"p8\"><span class=\"s1\">PLASSER DUBLIN I HJERTET AV EUROPA \u2014 LA DUBLIN BLI H\u00d8RT<\/span><\/p>\n<h5 style=\"color: #1b3550;\"><span class=\"s1\"><b>Boliger<\/b><\/span><\/h5>\n<p class=\"p10\"><span class=\"s1\">Boligkrisen er et direk\u00adte resul\u00adtat av reg\u00adjerin\u00adgens poli\u00adtikk. Det er ikke en til\u00adfeldighet eller \u201cGuds vil\u00adje\u201d. Det er det direk\u00adte og eneste mulige resul\u00adtatet av reg\u00adjerin\u00adgens klare valg om ikke \u00e5 bygge offentlige boliger.<\/span><\/p>\n<p class=\"p10\"><span class=\"s1\">Bak\u00adgrun\u00adnen for dette val\u00adget er Thatch\u00ader-ide\u00adolo\u00adgien, som g\u00e5r tilbake til beg\u00adyn\u00adnelsen av 1980-tal\u00adlet, og som g\u00e5r ut p\u00e5 \u00e5 behan\u00addle det grunn\u00adleggende men\u00adneske\u00adlige behovet og ret\u00adten til tak over hodet som en prof\u00adittvare, til og med som en luk\u00adsus, uten hen\u00adsyn til de men\u00adneske\u00adlige kon\u00adsekvensene. Alle reg\u00adjer\u00adingspar\u00adtiene siden den gang har slut\u00adtet seg til denne ide\u00adolo\u00adgien i en slik grad at de lokale myn\u00addighetene er blitt fratatt evnen til \u00e5 bygge boliger og kom\u00adpetansen og ressursene til \u00e5 pro\u00addusere og ved\u00adlike\u00adholde ekte offentlige boliger. I stedet har de over\u00adlatt dette felles\u00adgodet helt og hold\u00adent til en gr\u00e5dig pri\u00advat sek\u00adtor som er full\u00ads\u00adtendig blot\u00adtet for omtanke for fel\u00adlesskapets beste og sosiale behov.<\/span><\/p>\n<p class=\"p10\"><span class=\"s1\">Flere ti\u00e5r med denne h\u00f8yreek\u00adstreme ide\u00adolo\u00adgien har resul\u00adtert i at det bare er en bit\u00adteliten offentlig bolig\u00admasse igjen. I mel\u00adlomti\u00adden er det gen\u00aderasjon\u00ader av unge men\u00adnesker som har for\u00advent\u00adninger om \u00e5 eie sin egen bolig, noe som ikke er mer enn en \u00f8nske\u00addr\u00f8m som de lever i 20\u2011, 30- og til og med 40-\u00e5rene, mens de lever bis\u00adarre liv og er avhengige av forel\u00addre eller annen fam\u00adi\u00adlie n\u00e5r de burde leve selvs\u00adtendi\u00adge liv. Det finnes mange andre bis\u00adarre og umen\u00adneske\u00adlige kon\u00adsekvenser av denne ide\u00adolo\u00adgien:<\/span><\/p>\n<ul class=\"ul1\">\n<li class=\"li11\"><span class=\"s1\">Sep\u00ada\u00adr\u00aderte og skilte par som er tvunget til \u00e5 bo sam\u00admen<\/span><\/li>\n<li class=\"li11\"><span class=\"s1\">\u201cCouch\u00adsurf\u00ading\u201d og en kul\u00adtur av p\u00e5tvunget hjem\u00admeavhengighet<\/span><\/li>\n<li class=\"li11\"><span class=\"s1\">Men\u00adnesker tvinges til \u00e5 bo flere timer borte fra jobben, med alvorlige helse- og milj\u00f8kon\u00adsekvenser til f\u00f8lge.<\/span><\/li>\n<li class=\"li11\"><span class=\"s1\">Sjokkerende niv\u00e5er av hjem\u00adl\u00f8shet, inklud\u00adert hjem\u00adl\u00f8shet blant barn, \u00f8de\u00adleg\u00adger liv og skaper umen\u00adneske\u00adlige lev\u00adek\u00e5r som er uforen\u00adlige med et sivilis\u00adert sam\u00adfunn.<\/span><\/li>\n<\/ul>\n<p class=\"p10\"><span class=\"s1\">Irland trenger et mas\u00adsivt pro\u00adgram for offentlig bolig\u00adbyg\u00adging som kan konkur\u00adrere med den gr\u00e5di\u00adge pri\u00advate boligsek\u00adtoren. Dette vil ha den n\u00f8d\u00advendi\u00adge dobbelte effek\u00adten av \u00e5 \u00f8ke tilbudet og redusere kost\u00adnadene, og dermed avh\u00adjelpe boligkrisen. Sen\u00adtralt, og gjen\u00adnom lokale myn\u00addigheter, ville et slikt pro\u00adgram for offentlige hus inneb\u00e6re at omsor\u00adgen for befolknin\u00adgen og gjenopp\u00adbyg\u00adgin\u00adgen av lev\u00adende, funksjonelle lokalsam\u00adfunn ble satt over dagens mis\u00adlykkede bolig\u00admod\u00adell, som utelukkende er basert p\u00e5 prof\u00aditt og Thatch\u00ader-ide\u00adolo\u00adgi.<\/span><\/p>\n<p class=\"p8\"><span class=\"s2\">Over hele Europa er det mulig \u00e5 f\u00e5 til en god folke\u00adhelse\u00adpoli\u00adtikk, og eksem\u00adpler som Wien har vist seg \u00e5 v\u00e6re et for\u00adbilde til etter\u00adf\u00f8l\u00adgelse. Vi m\u00e5 fjerne den split\u00adtende ide\u00adolo\u00adgien fra bolig\u00admarkedet og bygge offentlige boliger n\u00e5. Ingent\u00ading annet er i stand til \u00e5 h\u00e5ndtere n\u00f8d\u00adsi\u00adtu\u00adasjo\u00adnen.<\/span><\/p>\n<h5 style=\"color: #1b3550;\"><span class=\"s1\"><b>Migrasjon<\/b><\/span><\/h5>\n<p class=\"p13\"><span class=\"s1\">Tekst kom\u00admer<\/span><\/p>\n<h5 style=\"color: #1b3550;\"><span class=\"s1\"><b>Helsetjenester<\/b><\/span><\/h5>\n<p class=\"p15\"><span class=\"s1\">Som kreftover\u00adlever, og ogs\u00e5 av famil\u00adi\u00e6re \u00e5rsak\u00ader, er jeg godt kjent med hel\u00adsevesenet v\u00e5rt. Det er et dys\u00adfunksjonelt sys\u00adtem fullt av hard\u00adtar\u00adbei\u00addende, dedik\u00aderte omsorgsper\u00adson\u00ader som h\u00e5ndter\u00ader prob\u00adle\u00admer de ikke selv har skapt s\u00e5 godt de kan. Nok en gang er \u00e5rsak\u00aden til dys\u00adfunksjo\u00adnen ide\u00adol\u00ado\u00adgisk. L\u00f8s\u00adnin\u00adgen er \u00e5pen\u00adbar og er allerede ved\u00adtatt av det irske folket.<\/span><\/p>\n<p class=\"p15\"><span class=\"s1\">Vi har stemt for, og blitt lovet, et enstrenget hel\u00adsevesen som er gratis der det brukes, og som utelukkende er basert p\u00e5 helse\u00adbe\u00adhov og ingen andre fak\u00adtor\u00ader. Ingen skal d\u00f8 eller for\u00adbli syke p\u00e5 grunn av man\u00adgel p\u00e5 helset\u00adjen\u00adester som de kunne f\u00e5tt hvis de bare hadde hatt mer penger eller en pri\u00advat helse\u00adfor\u00adsikring. Det er en uans\u00adtendighet. Alle parti\u00ader har lovet den grunn\u00adleggende refor\u00admen som trengs i sys\u00adtemet v\u00e5rt, men ingen har lev\u00adert. Dette er et \u00e5pen\u00adbart brudd p\u00e5 man\u00addatet de har f\u00e5tt av folket som har val\u00adgt dem.<\/span><\/p>\n<p class=\"p15\"><span class=\"s1\">\u201cSlain\u00adte\u00adcare\u201d m\u00e5 pri\u00ador\u00aditeres og leveres p\u00e5 tvers av par\u00adtiene for oss alle. Befolknin\u00adgens helse er for vik\u00adtig til \u00e5 v\u00e6re gjen\u00adstand for poli\u00adtiske til\u00adfeldigheter eller et uhen\u00adsik\u00adtsmes\u00adsig prof\u00adittmo\u00adtiv som til tider avgj\u00f8r hvem som lever og hvem som d\u00f8r basert p\u00e5 hvor vel\u00adst\u00e5ende folk er. Dette m\u00e5 f\u00e5 en slutt.<\/span><\/p>\n<p>For mer infor\u00admasjon, kon\u00adtakt Bren\u00addan her info@brendanogle.ie<\/p>\n<p>Klikk p\u00e5 lenken for \u00e5 g\u00e5 tilbake til hov\u00aded\u00adsi\u00adden for den poli\u00adtiske plat\u00adtfor\u00admen med bilder og video. <a href=\"https:\/\/brendanogle.ie\/political-platform\/\"><br>\n  <b>HER<\/b><br>\n<\/a><\/p>\n","protected":false},"excerpt":{"rendered":"<p>POLITISK PLATTFORM La Dublin bli h\u00f8rt! \u201cMitt Dublin-kon\u00ad\u00adtor vil bli et sen\u00adter for infor\u00admasjon og l\u00e6ring, der man kan l\u00e6re om beste prak\u00adsis i hele Europa i sp\u00f8rsm\u00e5l som har stor betyd\u00adning for Dublins befolkn\u00ading. Jeg vil etablere work\u00adshops og utvek\u00adsle infor\u00admasjon og kom\u00adpetanse. Dublin vil for f\u00f8rste gang f\u00e5 se det aller beste Europa\u2026 <a class=\"continue\" href=\"https:\/\/brendanogle.ie\/no\/politisk-plattform-kun-tekstversjon\/\">Con\u00adtin\u00adue Read\u00ading<span> Poli\u00adtisk plat\u00adtform Kun tek\u00adstver\u00adsjon<\/span><\/a><\/p>\n","protected":false},"author":1,"featured_media":0,"parent":0,"menu_order":0,"comment_status":"closed","ping_status":"closed","template":"","meta":{"_et_pb_use_builder":"","_et_pb_old_content":"","_et_gb_content_width":"","wp_typography_post_enhancements_disabled":false,"footnotes":""},"class_list":["post-4173","page","type-page","status-publish","hentry"],"_links":{"self":[{"href":"https:\/\/brendanogle.ie\/no\/wp-json\/wp\/v2\/pages\/4173","targetHints":{"allow":["GET"]}}],"collection":[{"href":"https:\/\/brendanogle.ie\/no\/wp-json\/wp\/v2\/pages"}],"about":[{"href":"https:\/\/brendanogle.ie\/no\/wp-json\/wp\/v2\/types\/page"}],"author":[{"embeddable":true,"href":"https:\/\/brendanogle.ie\/no\/wp-json\/wp\/v2\/users\/1"}],"replies":[{"embeddable":true,"href":"https:\/\/brendanogle.ie\/no\/wp-json\/wp\/v2\/comments?post=4173"}],"version-history":[{"count":0,"href":"https:\/\/brendanogle.ie\/no\/wp-json\/wp\/v2\/pages\/4173\/revisions"}],"wp:attachment":[{"href":"https:\/\/brendanogle.ie\/no\/wp-json\/wp\/v2\/media?parent=4173"}],"curies":[{"name":"wp","href":"https:\/\/api.w.org\/{rel}","templated":true}]}}