{"id":4174,"date":"2024-04-15T19:09:09","date_gmt":"2024-04-15T19:09:09","guid":{"rendered":"https:\/\/brendanogle.ie\/platforma-polityczna-wersja-wylacznie-tekstowa\/"},"modified":"2024-04-15T19:09:09","modified_gmt":"2024-04-15T19:09:09","slug":"platforma-polityczna-wersja-wylacznie-tekstowa","status":"publish","type":"page","link":"https:\/\/brendanogle.ie\/pl\/platforma-polityczna-wersja-wylacznie-tekstowa\/","title":{"rendered":"Platforma polityczna Wersja wy\u0142\u0105cznie tekstowa"},"content":{"rendered":"<h1 class=\"p1\" style=\"color: #1b3550;\"><span class=\"s1\">PLATFORMA POLITYCZNA<\/span><\/h1>\n<h2 class=\"p3\"><span class=\"s1\">Niech Dublin zostanie us\u0142yszany!<\/span><\/h2>\n<p class=\"p4\"><span class=\"s1\">\u201cMoje biuro w Dublin\u00adie stanie si\u0119 cen\u00adtrum infor\u00adma\u00adcji i nau\u00adki, w kt\u00f3rym b\u0119dzie mo\u017c\u00adna zapoz\u00adna\u0107 si\u0119 z najlep\u00adszy\u00admi prak\u00adtyka\u00admi w ca\u0142ej Europie w kwes\u00adt\u00adi\u00adach maj\u0105\u00adcych zasad\u00adniczy wp\u0142yw na mieszka\u0144c\u00f3w Dubli\u00adna. Zor\u00adga\u00adnizu\u00adj\u0119 warsz\u00adtaty i wymi\u00adan\u0119 infor\u00adma\u00adcji oraz umiej\u0119t\u00adno\u015b\u00adci. Dublin po raz pier\u00adwszy zobaczy na poziomie spo\u0142eczno\u015b\u00adci to, co Europa ma najlep\u00adszego do zaofer\u00adowa\u00adnia\u201d.<\/span><\/p>\n<h3 style=\"color: #1b3550;\"><span class=\"s1\">G\u0142os dla Dublina<\/span><\/h3>\n<h4 class=\"p7\"><span class=\"s1\">Polityka polityczna<\/span><\/h4>\n<h5 style=\"color: #1b3550;\"><span class=\"s1\"><b>Unia Europejska<\/b><\/span><\/h5>\n<p class=\"p8\"><span class=\"s1\">Irlandz\u00adcy pos\u0142owie do PE nigdy nie przy\u00adwie\u017ali do Dubli\u00adna tego, co najlep\u00adsze w Europie. Byli bierni i zad\u00adowoleni z siebie. Unia Europe\u00adjs\u00adka ma wiele wad, w tym defi\u00adcyt demokracji w swoich struk\u00adtu\u00adrach. Ale nie wszys\u00adtko jest z\u0142e, a mieszka\u0144\u00adcy Dubli\u00adna trac\u0105 to, co najlep\u00adsze w Europie<\/span><\/p>\n<p class=\"p8\"><span class=\"s1\">Dlaczego opieka nad dzie\u0107\u00admi w Niem\u00adczech kosz\u00adtu\u00adje u\u0142amek tego, co w Dublin\u00adie, gdzie jest najwi\u0119k\u00adszym czyn\u00adnikiem pow\u00adstrzy\u00admu\u00adj\u0105\u00adcym kobi\u00adety od pra\u00adcy?<\/span><\/p>\n<p class=\"p8\"><span class=\"s1\">W jaki spos\u00f3b Szwec\u00adja mo\u017ce mie\u0107 sys\u00adtem edukacji, kt\u00f3ry jest naprawd\u0119 \u201cca\u0142ym \u017cyciem\u201d od najm\u0142od\u00adszych lat i kt\u00f3ry obe\u00adj\u00admu\u00adje r\u00f3wnie\u017c \u201copiek\u0119 poza\u00adszkol\u00adn\u0105\u201d?<\/span><\/p>\n<p class=\"p8\"><span class=\"s1\">W jaki spos\u00f3b Fin\u00adlan\u00addia mo\u017ce prak\u00adty\u00adcznie wye\u00adlim\u00adi\u00adnowa\u0107 bez\u00addom\u00adno\u015b\u0107?<\/span><\/p>\n<p class=\"p8\"><span class=\"s1\">Czy nie mogliby\u015bmy sko\u00adrzys\u00adta\u0107 przy\u00adna\u00adjm\u00adniej z om\u00f3wienia i poz\u00adna\u00adnia por\u00adtu\u00adgal\u00adskiego sys\u00adte\u00admu leczenia uza\u00adle\u017cnie\u0144 od narko\u00adtyk\u00f3w?<\/span><\/p>\n<p class=\"p8\"><span class=\"s1\">Irland\u00adczykom nigdy nie pokazano warto\u015b\u00adci wsp\u00f3l\u00adno\u00adty transak\u00adcyjnej i prawdzi\u00adwego potenc\u00adja\u0142u Unii Europe\u00adjskiej. Jako nieza\u00adle\u017cny pose\u0142 do PE z Dubli\u00adna zro\u00adbi\u0119 co\u015b, czego nigdy wcze\u015bniej nie zro\u00adbiono.<\/span><\/p>\n<p class=\"p8\"><span class=\"s1\">PLEDGE \u2018<i>Moje biuro w Dublin\u00adie stanie si\u0119 cen\u00adtrum infor\u00adma\u00adcji i nau\u00adki, w kt\u00f3rym b\u0119dzie mo\u017c\u00adna zapoz\u00adna\u0107 si\u0119 z najlep\u00adszy\u00admi prak\u00adtyka\u00admi w ca\u0142ej Europie w kwes\u00adt\u00adi\u00adach maj\u0105\u00adcych zasad\u00adniczy wp\u0142yw na mieszka\u0144c\u00f3w Dubli\u00adna. Zor\u00adga\u00adnizu\u00adj\u0119 warsz\u00adtaty i wymi\u00adan\u0119 infor\u00adma\u00adcji oraz umiej\u0119t\u00adno\u015b\u00adci. Dublin, jako pier\u00adwsza dru\u017cy\u00adna, zobaczy na poziomie spo\u0142eczno\u015b\u00adci to, co Europa ma najlep\u00adszego do zaofer\u00adowa\u00adnia.<\/i>\u2019<\/span><\/p>\n<p class=\"p8\"><span class=\"s1\">Nigdy nie s\u0142ysza\u00ad\u0142em, by jakikol\u00adwiek irlandz\u00adki eurodeputowany o to pyta\u0142:<\/span><\/p>\n<p class=\"p8\"><span class=\"s1\">\u201cjak dzi\u00ada\u0142a bel\u00adgi\u00adjskie pode\u00adj\u015b\u00adcie do przepis\u00f3w doty\u00adcz\u0105\u00adcych zdrowia pub\u00adlicznego\u201d lub<\/span><\/p>\n<p class=\"p8\"><span class=\"s1\">\u201cJak Niem\u00adcom uda\u00adje si\u0119 utrzy\u00adma\u0107 kosz\u00adty opie\u00adki nad dzie\u0107\u00admi na tak niskim poziomie\u201d, lub<\/span><\/p>\n<p class=\"p8\"><span class=\"s1\">\u201cW jaki spos\u00f3b sp\u00f3\u0142dziel\u00adnie mieszkan\u00adiowe w mias\u00adtach takich jak Berlin i Antwer\u00adpia zapew\u00adni\u00ada\u00adj\u0105 przys\u00adt\u0119p\u00adne cenowo mieszka\u00adnia\u201d.<\/span><\/p>\n<p class=\"p8\"><span class=\"s1\">Jako nieza\u00adle\u017cny pose\u0142 do PE z Dubli\u00adna zada\u00adj\u0119 te pyta\u00adnia i przed\u00adstaw\u00adiam odpowiedzi oraz ludzi.<\/span><\/p>\n<p class=\"p8\"><span class=\"s1\">Nie jestem bierny. Chc\u0119 wp\u0142y\u00adwa\u0107 na zmi\u00adany. To jest to, kim jestem i co zawsze stara\u0142em si\u0119 robi\u0107 w mojej pra\u00adcy i \u017cyciu. Chc\u0119 by\u0107 waszym pos\u0142em do PE, poniewa\u017c chc\u0119 pom\u00f3c poin\u00adfor\u00admowa\u0107 mieszka\u0144c\u00f3w Dubli\u00adna, w jaki spos\u00f3b zostali \u201czaga\u00adzowani\u201d, aby zaak\u00adcep\u00adtowali, \u017ce obec\u00adny spos\u00f3b robi\u00adenia rzeczy, spos\u00f3b Fian\u00adna Fail i Fine Gael, jest jedynym sposobem.<\/span><\/p>\n<p class=\"p8\"><span class=\"s1\">Nie jest i jest pora\u017ck\u0105! Musimy otworzy\u0107 nasze umys\u0142y i oczy na to, co najlep\u00adsze w Europie.<\/span><\/p>\n<p class=\"p8\"><span class=\"s1\">Unia Europe\u00adjs\u00adka jest pe\u0142\u00adna kra\u00adj\u00f3w tak przy\u00adwi\u0105zanych do mod\u00adelu kap\u00adi\u00adtal\u00adisty\u00adcznego, jak Irlan\u00addia, a mimo to jest w stanie go zapewni\u0107:<\/span><\/p>\n<p class=\"p8\"><span class=\"s1\">-powszech\u00adna opieka zdrowot\u00adna<\/span><\/p>\n<p class=\"p8\"><span class=\"s1\">- tania opieka nad dzie\u0107\u00admi,<\/span><\/p>\n<p class=\"p8\"><span class=\"s1\">- 4\u2011dniowy tydzie\u0144 pra\u00adcy<\/span><\/p>\n<p class=\"p8\"><span class=\"s1\">- 10 tygod\u00adni urlopu dla pra\u00adcown\u00adik\u00f3w<\/span><\/p>\n<p class=\"p8\"><span class=\"s1\">- prawdzi\u00adwie bezp\u0142at\u00adna edukac\u00adja uni\u00adw\u00ader\u00adsytec\u00adka<\/span><\/p>\n<p class=\"p8\"><span class=\"s1\">- zapisane \u201cpra\u00adwo do mieszka\u00adnia<\/span><\/p>\n<p class=\"p8\"><span class=\"s1\">- konkuren\u00adcyjne ceny ubez\u00adpiecze\u0144 samo\u00adchodowych i wiele wi\u0119cej.<\/span><\/p>\n<p class=\"p8\"><span class=\"s1\">Czy mieszka\u0144\u00adcy Dubli\u00adna nie potrze\u00adbu\u00adj\u0105 tych rzeczy? Czy nie zas\u0142ugu\u00adje\u00admy na te rzeczy?<\/span><\/p>\n<p class=\"p8\"><span class=\"s1\">Opr\u00f3cz g\u0142o\u015bnego prze\u00admaw\u00adia\u00adnia w imie\u00adniu Dubli\u00adna, umieszczenia Dubli\u00adna w ser\u00adcu Europy, przynios\u0119 wszys\u00adtko, co musisz wiedzie\u0107 o tym, co najlep\u00adsze w Europie we wszys\u00adt\u00adkich tych kwes\u00adt\u00adi\u00adach i nie tylko, bezpo\u015bred\u00adnio do Two\u00adjej spo\u0142eczno\u015b\u00adci.<\/span><\/p>\n<p class=\"p8\"><span class=\"s1\">Ofer\u00adu\u00adj\u0119 inny spos\u00f3b patrzenia na Uni\u0119 Europe\u00adjsk\u0105, zupe\u0142nie nowe pode\u00adj\u015b\u00adcie. Jako nieza\u00adle\u017cny pose\u0142 do PE w 100% dostar\u00adcz\u0119 nowy, \u015bwie\u017cy spos\u00f3b patrzenia na Europ\u0119 i oce\u00adny, jak rozwi\u0105za\u0107 prob\u00adle\u00admy Dubli\u00adna.<\/span><\/p>\n<p class=\"p8\"><span class=\"s1\">UMIE\u015a\u0106 DUBLIN W SERCU EUROPY \u2014 SPRAW, BY DUBLIN ZOSTA\u0141 US\u0141YSZANY<\/span><\/p>\n<h5 style=\"color: #1b3550;\"><span class=\"s1\"><b>Obudowa<\/b><\/span><\/h5>\n<p class=\"p10\"><span class=\"s1\">Nasz kryzys mieszkan\u00adiowy jest bezpo\u015bred\u00adnim wynikiem poli\u00adty\u00adki rz\u0105\u00addu. Nie jest to przy\u00adpadek ani \u201czrz\u0105dze\u00adnie losu\u201d. Jest to bezpo\u015bred\u00adni i jedyny mo\u017cli\u00adwy rezul\u00adtat wyra\u017anego wyboru rz\u0105\u00addu, kt\u00f3ry nie zde\u00adcy\u00addowa\u0142 si\u0119 na budow\u0119 mieszka\u0144 komu\u00adnal\u00adnych.<\/span><\/p>\n<p class=\"p10\"><span class=\"s1\">Genez\u0105 tego wyboru jest ide\u00adolo\u00adgia Thatcherite, si\u0119\u00adga\u00adj\u0105\u00adca wczes\u00adnych lat 80-tych, trak\u00adtu\u00adj\u0105\u00adca pod\u00adsta\u00adwow\u0105 ludzk\u0105 potrze\u00adb\u0119 i pra\u00adwo do dachu nad g\u0142ow\u0105 jako towar przynosz\u0105\u00adcy zysk, a nawet luk\u00adsus, bez wzgl\u0119\u00addu na ludzkie kon\u00adsek\u00adwenc\u00adje. Od tego cza\u00adsu wszys\u00adtkie par\u00adtie rz\u0105dz\u0105ce przyj\u0119\u0142y t\u0119 ide\u00adologi\u0119 w takim stop\u00adniu, \u017ce w\u0142adze lokalne zosta\u0142y pozbaw\u00adione zdol\u00adno\u015b\u00adci do budowa\u00adnia dom\u00f3w oraz umiej\u0119t\u00adno\u015b\u00adci i zasob\u00f3w do pro\u00addukcji i utrzy\u00adma\u00adnia prawdzi\u00adwych mieszka\u0144 komu\u00adnal\u00adnych. Zami\u00adast tego ca\u0142kowicie porzu\u00adcili to dobro pub\u00adliczne na rzecz chci\u00adwego sek\u00adto\u00adra pry\u00adwat\u00adnego \u201cdla zysku\u201d, kt\u00f3ry jest ca\u0142kowicie pozbaw\u00adiony jakiejkol\u00adwiek tros\u00adki o dobro wsp\u00f3lne lub potrze\u00adby spo\u0142eczne.<\/span><\/p>\n<p class=\"p10\"><span class=\"s1\">Dziesi\u0119\u00adci\u00adole\u00adcia tej skra\u00adjnie praw\u00adicowej ide\u00adologii doprowadz\u00adi\u0142y do tego, \u017ce pozosta\u0142y tylko niewielkie pub\u00adliczne zaso\u00adby mieszkan\u00adiowe. W mi\u0119dzy\u00adcza\u00adsie s\u0105 ter\u00adaz pokole\u00adnia m\u0142odych ludzi, kt\u00f3rych oczeki\u00adwa\u00adnia posi\u00adada\u00adnia w\u0142as\u00adnego domu sta\u0142y si\u0119 niczym wi\u0119cej ni\u017c mrzonk\u0105, kt\u00f3r\u0105 maj\u0105 w wieku 20, 30, a nawet 40 lat, pod\u00adczas gdy prowadz\u0105 dzi\u00adwaczne \u017cycie pole\u00adga\u00adj\u0105c na rodz\u00adi\u00adcach lub innej rodzinie, kiedy powin\u00adni prowadz\u00adi\u0107 nieza\u00adle\u017cne \u017cycie. Ist\u00adnieje wiele innych dzi\u00adwacznych i nie\u00adludz\u00adkich kon\u00adsek\u00adwencji tej ide\u00adologii:<\/span><\/p>\n<ul class=\"ul1\">\n<li class=\"li11\"><span class=\"s1\">Pary w sep\u00ada\u00adracji i rozwiedzione zmus\u00adzone do wsp\u00f3l\u00adnego zamieszka\u00adnia<\/span><\/li>\n<li class=\"li11\"><span class=\"s1\">\u201cCouch\u00adsurf\u00ading\u201d i kul\u00adtura wymus\u00adzonej zale\u017cno\u015b\u00adci od domu<\/span><\/li>\n<li class=\"li11\"><span class=\"s1\">Ludzie zmuszani s\u0105 do rezy\u00adgnacji z pra\u00adcy, co ma powa\u017cne kon\u00adsek\u00adwenc\u00adje dla zdrowia i \u015brodowiska.<\/span><\/li>\n<li class=\"li11\"><span class=\"s1\">Szoku\u00adj\u0105\u00adcy poziom bez\u00addom\u00adno\u015b\u00adci, w tym bez\u00addom\u00adno\u015b\u00adci dzieci, niszcz\u0105\u00adcy \u017cycie i narzu\u00adca\u00adj\u0105\u00adcy nie\u00adludzkie warun\u00adki \u017cycia niez\u00adgodne z cywili\u00adzowanym spo\u0142ecze\u0144st\u00adwem.<\/span><\/li>\n<\/ul>\n<p class=\"p10\"><span class=\"s1\">Irlan\u00addia potrze\u00adbu\u00adje masowego pro\u00adgra\u00admu budowy dom\u00f3w pub\u00adlicznych, stanow\u00adi\u0105cego konkurencj\u0119 dla chci\u00adwego sek\u00adto\u00adra pry\u00adwat\u00adnego. B\u0119dzie to mia\u0142o niezb\u0119d\u00adny pod\u00adw\u00f3jny skutek w postaci zwi\u0119k\u00adszenia poda\u017cy i obni\u017ce\u00adnia koszt\u00f3w, \u0142agodz\u0105c w ten spos\u00f3b kryzys mieszkan\u00adiowy. Na szczeblu cen\u00adtral\u00adnym i za po\u015bred\u00adnictwem w\u0142adz lokalnych taki pro\u00adgram zapew\u00adni\u00ada\u00adnia dom\u00f3w pub\u00adlicznych umo\u017cli\u00adwi\u0142\u00adby opiek\u0119 nad naszy\u00admi mieszka\u0144\u00adca\u00admi i odt\u00adworze\u00adnie t\u0119t\u00adni\u0105\u00adcych \u017cyciem funkcjon\u00adal\u00adnych spo\u0142eczno\u015b\u00adci pon\u00adad dzisiejszym nieu\u00addanym mod\u00adelem mieszkan\u00adiowym, kt\u00f3ry opiera si\u0119 wy\u0142\u0105cznie na zysku i ide\u00adologii Thatcherite.<\/span><\/p>\n<p class=\"p8\"><span class=\"s2\">W ca\u0142ej Europie dobra poli\u00adty\u00adka zdrowia pub\u00adlicznego mo\u017ce by\u0107, i cz\u0119s\u00adto jest, osi\u0105\u00adgana, a przyk\u0142ady takie jak Wiede\u0144 w szczeg\u00f3l\u00adno\u015b\u00adci okazu\u00adj\u0105 si\u0119 by\u0107 mod\u00adelem, do kt\u00f3rego mo\u017ce\u00admy aspirowa\u0107. Musimy usun\u0105\u0107 dziel\u0105c\u0105 ide\u00adologi\u0119 z mieszkalnict\u00adwa i budowa\u0107 mieszka\u00adnia komu\u00adnalne ju\u017c ter\u00adaz. Nic innego nie jest w stanie zaradz\u00adi\u0107 sytu\u00adacji kryzysowej.<\/span><\/p>\n<h5 style=\"color: #1b3550;\"><span class=\"s1\"><b>Migracja<\/b><\/span><\/h5>\n<p class=\"p13\"><span class=\"s1\">Tekst w przysz\u0142o\u015b\u00adci<\/span><\/p>\n<h5 style=\"color: #1b3550;\"><span class=\"s1\"><b>Opieka zdrowotna<\/b><\/span><\/h5>\n<p class=\"p15\"><span class=\"s1\">Jako oso\u00adba, kt\u00f3ra prze\u017cy\u0142a raka, a tak\u017ce z powod\u00f3w rodzin\u00adnych, bard\u00adzo dobrze znam nasz sys\u00adtem opie\u00adki zdrowot\u00adnej. Jest to dys\u00adfunkcyjny sys\u00adtem pe\u0142en ci\u0119\u017cko pracu\u00adj\u0105\u00adcych, odd\u00adanych opiekun\u00f3w, kt\u00f3rzy radz\u0105 sobie z prob\u00adle\u00adma\u00admi nie ze swo\u00adjej winy najlepiej jak potrafi\u0105. Po raz kole\u00adjny geneza dys\u00adfunkcji jest ide\u00ado\u00adlog\u00adicz\u00adna. Rozwi\u0105zanie jest oczy\u00adwiste i zosta\u0142o ju\u017c zatwierd\u00adzone przez Irland\u00adczyk\u00f3w.<\/span><\/p>\n<p class=\"p15\"><span class=\"s1\">G\u0142osowal\u00adi\u015bmy i obiecano nam, \u017ce jednopoziomowy sys\u00adtem opie\u00adki zdrowot\u00adnej b\u0119dzie bezp\u0142at\u00adny w miejs\u00adcu korzys\u00adta\u00adnia z niego i dostar\u00adczany wy\u0142\u0105cznie w opar\u00adciu o potrze\u00adby zdrowotne i \u017cadne inne czyn\u00adni\u00adki. Nikt nie powinien umier\u00ada\u0107 lub chorowa\u0107 z powodu braku dost\u0119p\u00adnej opie\u00adki zdrowot\u00adnej, kt\u00f3r\u0105 m\u00f3g\u0142\u00adby uzyska\u0107, gdy\u00adby tylko mia\u0142 wi\u0119cej pieni\u0119dzy lub pry\u00adwatne ubez\u00adpiecze\u00adnie zdrowotne. To nieprzyz\u00adwoito\u015b\u0107. Fun\u00adda\u00admen\u00adtal\u00adna refor\u00adma potrzeb\u00adna w naszym sys\u00adtemie zosta\u0142a obiecana przez wszys\u00adtkie par\u00adtie, ale przez \u017cad\u00adn\u0105 nie zosta\u0142a zre\u00adal\u00adi\u00adzowana. To ra\u017c\u0105ce narusze\u00adnie ich man\u00addatu przez ludzi, kt\u00f3rzy ich wybrali.<\/span><\/p>\n<p class=\"p15\"><span class=\"s1\">\u201cSlain\u00adte\u00adcare\u201d musi by\u0107 trak\u00adtowane pri\u00ado\u00adry\u00adte\u00adtowo i real\u00adi\u00adzowane na zasadzie pon\u00adad\u00adpar\u00adtyjnej dla nas wszys\u00adt\u00adkich. Zdrowie naszych oby\u00adwa\u00adteli jest zbyt wa\u017cne, by podle\u00adga\u0107 kaprysom poli\u00adty\u00adcznego brinkman\u00adship lub niew\u0142a\u015b\u00adci\u00adwe\u00admu moty\u00adwowi zysku, kt\u00f3ry cza\u00adsa\u00admi decy\u00addu\u00adje o tym, kto \u017cyje, a kto umiera, w opar\u00adciu o to, jak dobrze maj\u0105 si\u0119 ludzie. To musi si\u0119 sko\u0144czy\u0107.<\/span><\/p>\n<p>Aby uzyska\u0107 wi\u0119cej infor\u00adma\u00adcji, skon\u00adtak\u00adtuj si\u0119 z Bren\u00addanem tutaj info@brendanogle.ie<\/p>\n<p>Kliknij link, aby wr\u00f3\u00adci\u0107 do g\u0142\u00f3wnej strony plat\u00adformy poli\u00adty\u00adcznej z obraza\u00admi i wideo <a href=\"https:\/\/brendanogle.ie\/political-platform\/\"><br>\n  <b>TUTAJ<\/b><br>\n<\/a><\/p>\n","protected":false},"excerpt":{"rendered":"<p>PLATFORMA POLITYCZNA Niech Dublin zostanie us\u0142yszany! \u201cMoje biuro w Dublin\u00adie stanie si\u0119 cen\u00adtrum infor\u00adma\u00adcji i nau\u00adki, w kt\u00f3rym b\u0119dzie mo\u017c\u00adna zapoz\u00adna\u0107 si\u0119 z najlep\u00adszy\u00admi prak\u00adtyka\u00admi w ca\u0142ej Europie w kwes\u00adt\u00adi\u00adach maj\u0105\u00adcych zasad\u00adniczy wp\u0142yw na mieszka\u0144c\u00f3w Dubli\u00adna. Zor\u00adga\u00adnizu\u00adj\u0119 warsz\u00adtaty i wymi\u00adan\u0119 infor\u00adma\u00adcji oraz umiej\u0119t\u00adno\u015b\u00adci. Dublin po raz pier\u00adwszy zobaczy na poziomie spo\u0142eczno\u015b\u00adci to, co Europa ma\u2026 <a class=\"continue\" href=\"https:\/\/brendanogle.ie\/pl\/platforma-polityczna-wersja-wylacznie-tekstowa\/\">Con\u00adtin\u00adue Read\u00ading<span> Plat\u00adfor\u00adma poli\u00adty\u00adcz\u00adna Wer\u00ads\u00adja wy\u0142\u0105cznie tek\u00adstowa<\/span><\/a><\/p>\n","protected":false},"author":1,"featured_media":0,"parent":0,"menu_order":0,"comment_status":"closed","ping_status":"closed","template":"","meta":{"_et_pb_use_builder":"","_et_pb_old_content":"","_et_gb_content_width":"","wp_typography_post_enhancements_disabled":false,"footnotes":""},"class_list":["post-4174","page","type-page","status-publish","hentry"],"_links":{"self":[{"href":"https:\/\/brendanogle.ie\/pl\/wp-json\/wp\/v2\/pages\/4174","targetHints":{"allow":["GET"]}}],"collection":[{"href":"https:\/\/brendanogle.ie\/pl\/wp-json\/wp\/v2\/pages"}],"about":[{"href":"https:\/\/brendanogle.ie\/pl\/wp-json\/wp\/v2\/types\/page"}],"author":[{"embeddable":true,"href":"https:\/\/brendanogle.ie\/pl\/wp-json\/wp\/v2\/users\/1"}],"replies":[{"embeddable":true,"href":"https:\/\/brendanogle.ie\/pl\/wp-json\/wp\/v2\/comments?post=4174"}],"version-history":[{"count":0,"href":"https:\/\/brendanogle.ie\/pl\/wp-json\/wp\/v2\/pages\/4174\/revisions"}],"wp:attachment":[{"href":"https:\/\/brendanogle.ie\/pl\/wp-json\/wp\/v2\/media?parent=4174"}],"curies":[{"name":"wp","href":"https:\/\/api.w.org\/{rel}","templated":true}]}}