{"id":4176,"date":"2024-04-15T19:09:09","date_gmt":"2024-04-15T19:09:09","guid":{"rendered":"https:\/\/brendanogle.ie\/platforma-politica-versiune-doar-text\/"},"modified":"2024-04-15T19:09:09","modified_gmt":"2024-04-15T19:09:09","slug":"platforma-politica-versiune-doar-text","status":"publish","type":"page","link":"https:\/\/brendanogle.ie\/ro\/platforma-politica-versiune-doar-text\/","title":{"rendered":"Platforma politic\u0103 Versiune doar text"},"content":{"rendered":"<h1 class=\"p1\" style=\"color: #1b3550;\"><span class=\"s1\">PLATFORM\u0102 POLITIC\u0102<\/span><\/h1>\n<h2 class=\"p3\"><span class=\"s1\">Face\u021bi ca Dublin s\u0103 fie auzit!<\/span><\/h2>\n<p class=\"p4\"><span class=\"s1\">\u2018Biroul meu de la Dublin va deveni un cen\u00adtru de infor\u00admare \u0219i \u00eenv\u0103\u021bare, unde se vor putea cunoa\u0219te cele mai bune prac\u00adti\u00adci din \u00eentrea\u00adga Europ\u0103, \u00een prob\u00adleme care afecteaz\u0103 \u00een mod fun\u00adda\u00admen\u00adtal pop\u00adu\u00adla\u021bia din Dublin. Voi orga\u00adni\u00adza ate\u00adliere de lucru \u0219i schim\u00adburi de infor\u00adma\u021bii \u0219i de com\u00adpe\u00adten\u021be. Dublin va vedea, pen\u00adtru pri\u00adma dat\u0103, la niv\u00adel comu\u00adni\u00adtar, tot ce are mai bun de ofer\u00adit Europa.<\/span><\/p>\n<h3 style=\"color: #1b3550;\"><span class=\"s1\">O voce pentru Dublin<\/span><\/h3>\n<h4 class=\"p7\"><span class=\"s1\">Politici politice<\/span><\/h4>\n<h5 style=\"color: #1b3550;\"><span class=\"s1\"><b>Uniunea European\u0103<\/b><\/span><\/h5>\n<p class=\"p8\"><span class=\"s1\">Europar\u00adla\u00admen\u00adtarii irlan\u00addezi nu au adus nicio\u00addat\u0103 ce este mai bun din Europa \u00eenapoi la Dublin. Ei au fost pasivi \u0219i mul\u021bu\u00admi\u021bi. Uni\u00adunea Euro\u00adpean\u0103 are multe defecte, inclu\u00adsiv un deficit demo\u00adc\u00adra\u00adt\u00adic \u00een struc\u00adturile sale. Dar nu este totul r\u0103u, iar locuitorii din Dublin pierd tot ce este mai bun \u00een Europa.<\/span><\/p>\n<p class=\"p8\"><span class=\"s1\">De ce cost\u0103 \u00eengri\u00adjirea copi\u00adilor \u00een Ger\u00adma\u00adnia o frac\u021bi\u00adune din ceea ce cost\u0103 \u00een Dublin, unde este cel mai mare inhibitor care le \u00eempiedic\u0103 pe femei s\u0103 lucreze?<\/span><\/p>\n<p class=\"p8\"><span class=\"s1\">Cum poate Sue\u00addia s\u0103 aib\u0103 un sis\u00adtem de edu\u00adca\u021bie care s\u0103 fie cu ade\u00adv\u0103rat \u201cpe tot par\u00adcur\u00adsul vie\u021bii\u201d de la cele mai fragede v\u00e2rste \u0219i care s\u0103 implice \u0219i \u201c\u00eengri\u00adjirea \u00een afara \u0219col\u00adii\u201d?<\/span><\/p>\n<p class=\"p8\"><span class=\"s1\">Cum se face c\u0103 Fin\u00adlan\u00adda poate erad\u00adi\u00adca prac\u00adtic lip\u00adsa de ad\u0103\u00adpost?<\/span><\/p>\n<p class=\"p8\"><span class=\"s1\">Nu am putea oare s\u0103 ben\u00ade\u00adfi\u00adciem m\u0103car de o dis\u00adcu\u021bie \u0219i de o cunoa\u0219tere a sis\u00adtemu\u00adlui por\u00adtughez de tratare a drogurilor?<\/span><\/p>\n<p class=\"p8\"><span class=\"s1\">Cet\u0103\u021be\u00adnilor irlan\u00addezi nu li s\u2011a ar\u0103\u00adtat nicio\u00addat\u0103 val\u00adoarea comu\u00adni\u00adtar\u0103 tran\u00adza\u00adc\u021bion\u00adal\u0103 \u0219i poten\u021bialul real al Uni\u00adu\u00adnii Europene. \u00cen cal\u00adi\u00adtate de europar\u00adla\u00admen\u00adtar inde\u00adpen\u00addent din Dublin, voi face ceva ce nu a mai fost f\u0103cut p\u00e2n\u0103 acum.<\/span><\/p>\n<p class=\"p8\"><span class=\"s1\">PLEDOARIE \u2018<i>Biroul meu de la Dublin va deveni un cen\u00adtru de infor\u00admare \u0219i \u00eenv\u0103\u021bare, unde se vor putea cunoa\u0219te cele mai bune prac\u00adti\u00adci din \u00eentrea\u00adga Europ\u0103, \u00een prob\u00adleme care afecteaz\u0103 \u00een mod fun\u00adda\u00admen\u00adtal pop\u00adu\u00adla\u021bia din Dublin. Voi orga\u00adni\u00adza ate\u00adliere de lucru \u0219i schim\u00adburi de infor\u00adma\u021bii \u0219i de com\u00adpe\u00adten\u021be. Dublin va vedea, pen\u00adtru pri\u00adma echip\u0103, la niv\u00adel comu\u00adni\u00adtar, tot ce are mai bun de ofer\u00adit Europa.<\/i>\u2019<\/span><\/p>\n<p class=\"p8\"><span class=\"s1\">Nu am auz\u00adit nicio\u00addat\u0103 vre\u00adun europar\u00adla\u00admen\u00adtar irlan\u00addez s\u0103 \u00eentrebe acest lucru:<\/span><\/p>\n<p class=\"p8\"><span class=\"s1\">\u201ccum func\u021bioneaz\u0103 abor\u00addarea Bel\u00adgiei \u00een ceea ce prive\u0219te dis\u00adpoz\u00adi\u021bi\u00adile de s\u0103n\u0103\u00adtate pub\u00adlic\u0103\u201d, sau<\/span><\/p>\n<p class=\"p8\"><span class=\"s1\">\u201ccum reu\u0219esc ger\u00admanii s\u0103 men\u021bin\u0103 cos\u00adturile de \u00eengri\u00adjire a copi\u00adilor la un niv\u00adel at\u00e2t de sc\u0103zut\u201d sau<\/span><\/p>\n<p class=\"p8\"><span class=\"s1\">\u201ccum ofer\u0103 coop\u00ader\u00ada\u00adtivele de locuin\u021be din ora\u0219e pre\u00adcum Berlin \u0219i Anvers locuin\u021be la pre\u021buri acce\u00adsi\u00adbile\u201d.<\/span><\/p>\n<p class=\"p8\"><span class=\"s1\">\u00cen cal\u00adi\u00adtate de europar\u00adla\u00admen\u00adtar inde\u00adpen\u00addent din Dublin, eu pun aces\u00adte \u00eentre\u00adb\u0103ri \u0219i v\u0103 aduc r\u0103spun\u00adsurile \u0219i oamenii.<\/span><\/p>\n<p class=\"p8\"><span class=\"s1\">Nu sunt pasiv. Vreau s\u0103 pro\u00adduc schim\u00adb\u0103ri. Asta sunt eu \u0219i asta am \u00eencer\u00adcat \u00eentot\u00addeau\u00adna s\u0103 fac \u00een munca \u0219i \u00een via\u021ba mea. Vreau s\u0103 fiu europar\u00adla\u00admen\u00adtarul dum\u00adneav\u00adoas\u00adtr\u0103 pen\u00adtru c\u0103 vreau s\u0103 ajut la infor\u00admarea locuito\u00adrilor din Dublin despre cum au fost \u201cgaza\u00ad\u021bi\u201d pen\u00adtru a accep\u00adta c\u0103 mod\u00adul actu\u00adal de a face lucrurile, cel al Fian\u00adna Fail \u0219i Fine Gael, este sin\u00adgu\u00adrul mod.<\/span><\/p>\n<p class=\"p8\"><span class=\"s1\">Nu este, \u0219i este un e\u0219ec! Tre\u00adbuie s\u0103 ne deschi\u00addem mintea \u0219i ochii la tot ce este mai bun \u00een Europa.<\/span><\/p>\n<p class=\"p8\"><span class=\"s1\">Uni\u00adunea Euro\u00adpean\u0103 este plin\u0103 de \u021b\u0103ri la fel de anga\u00adjate \u00een mod\u00adelul cap\u00adi\u00adtal\u00adist ca \u0219i Irlan\u00adda, dar care, de fapt, poate oferi :<\/span><\/p>\n<p class=\"p8\"><span class=\"s1\">-asis\u00adten\u021b\u0103 med\u00adical\u0103 uni\u00adver\u00adsal\u0103<\/span><\/p>\n<p class=\"p8\"><span class=\"s1\">- \u00eengri\u00adjire ieft\u00adin\u0103 a copi\u00adilor,<\/span><\/p>\n<p class=\"p8\"><span class=\"s1\">- S\u0103p\u00adt\u0103m\u00e2ni de lucru de 4 zile<\/span><\/p>\n<p class=\"p8\"><span class=\"s1\">- 10 s\u0103p\u00adt\u0103m\u00e2ni de con\u00adcediu pen\u00adtru lucr\u0103\u00adtori<\/span><\/p>\n<p class=\"p8\"><span class=\"s1\">- \u00eenv\u0103\u021b\u0103m\u00e2nt uni\u00adver\u00adsi\u00adtar cu ade\u00adv\u0103rat gra\u00adtu\u00adit<\/span><\/p>\n<p class=\"p8\"><span class=\"s1\">- un \u201cdrept la locuin\u021b\u0103\u201d con\u00adsa\u00adcrat<\/span><\/p>\n<p class=\"p8\"><span class=\"s1\">- pre\u021buri com\u00adpet\u00adi\u00adtive la asig\u00adur\u0103rile auto \u0219i multe altele.<\/span><\/p>\n<p class=\"p8\"><span class=\"s1\">Oare locuitorii din Dublin nu au nevoie de aces\u00adte lucruri? Oare nu mer\u00adit\u0103m aces\u00adte lucruri?<\/span><\/p>\n<p class=\"p8\"><span class=\"s1\">Pe l\u00e2ng\u0103 fap\u00adtul c\u0103 voi vor\u00adbi cu voce tare pen\u00adtru Dublin, pen\u00adtru a pune Dublin \u00een cen\u00adtrul Europei, voi aduce tot ceea ce tre\u00adbuie s\u0103 \u0219ti\u021bi despre ce este mai bun \u00een Europa cu privire la toate aces\u00adte aspecte \u0219i nu numai, chiar \u00een comu\u00adni\u00adtatea dum\u00adneav\u00adoas\u00adtr\u0103.<\/span><\/p>\n<p class=\"p8\"><span class=\"s1\">V\u0103 ofer un mod difer\u00adit de a privi Uni\u00adunea Euro\u00adpean\u0103, o abor\u00addare com\u00adplet nou\u0103. \u00cen cal\u00adi\u00adtate de europar\u00adla\u00admen\u00adtar inde\u00adpen\u00addent, voi livra 100% \u0219i un nou mod de a privi Europa, de a eval\u00adua cum s\u0103 rezolv\u0103m prob\u00adlemele Dublin\u00adu\u00adlui.<\/span><\/p>\n<p class=\"p8\"><span class=\"s1\">PUNE\u021aI DUBLINUL \u00ceN CENTRUL RUROPEI \u2014 FACE\u021aI CA DUBLINUL S\u0102 SE FAC\u0102 AUZIT<\/span><\/p>\n<h5 style=\"color: #1b3550;\"><span class=\"s1\"><b>Locuin\u021be<\/b><\/span><\/h5>\n<p class=\"p10\"><span class=\"s1\">Situ\u00ada\u021bia de urgen\u021b\u0103 \u00een materie de locuin\u021be este un rezul\u00adtat direct al politicii guver\u00adna\u00admen\u00adtale. Nu este vor\u00adba de un acci\u00addent sau de un \u201cact al lui Dum\u00adnezeu\u201d. Este rezul\u00adtat\u00adul direct \u0219i unicul rezul\u00adtat posi\u00adbil al unei alegeri clare a guver\u00adnu\u00adlui \u2014 acea alegere este de a nu con\u00adstrui locuin\u021be pub\u00adlice.<\/span><\/p>\n<p class=\"p10\"><span class=\"s1\">Geneza aces\u00adtei alegeri este ide\u00adolo\u00adgia thatch\u00aderist\u0103, care dateaz\u0103 de la \u00eenceputul anilor 1980, de a tra\u00adta nevoia uman\u0103 de baz\u0103 \u0219i drep\u00adtul de a avea un acoper\u00adi\u0219 dea\u00adsupra capu\u00adlui ca pe o mar\u00adf\u0103 pen\u00adtru prof\u00adit, chiar ca pe un lux, indifer\u00adent de con\u00adsecin\u021bele umane. De atun\u00adci, toate par\u00adtidele de guvernare au ader\u00adat la aceast\u0103 ide\u00adolo\u00adgie \u00eentr\u2011o aseme\u00adnea m\u0103sur\u0103 \u00eenc\u00e2t autorit\u0103\u021bile locale au fost lip\u00adsite de capac\u00adi\u00adtatea de a con\u00adstrui locuin\u021be \u0219i de com\u00adpe\u00adten\u021bele \u0219i resurse\u00adle nece\u00adsare pen\u00adtru a pro\u00adduce \u0219i a \u00eentre\u021bine locuin\u021be pub\u00adlice aut\u00aden\u00adtice. \u00cen schimb, ei au aban\u00addo\u00adnat acest bun pub\u00adlic \u00een \u00eentregime \u00een favoarea unui sec\u00adtor pri\u00advat avar \u0219i avar \u201cpen\u00adtru prof\u00adit\u201d, care este com\u00adplet lip\u00adsit de orice pre\u00adocu\u00adpare pen\u00adtru binele comun sau pen\u00adtru nevoile sociale.<\/span><\/p>\n<p class=\"p10\"><span class=\"s1\">Zeci de ani de ide\u00adolo\u00adgie de extrem\u0103 dreap\u00adta au dus la fap\u00adtul c\u0103 a r\u0103mas doar un mic stoc de locuin\u021be pub\u00adlice. \u00centre timp, exist\u0103 acum gen\u00ader\u00ada\u021bii de tineri ale c\u0103ror a\u0219tep\u00adt\u0103ri de a avea o cas\u0103 pro\u00adprie au devenit doar un vis la care se pot g\u00e2n\u00addi p\u00e2n\u0103 la 20, 30 \u0219i chiar 40 de ani, \u00een timp ce \u00ee\u0219i tr\u0103i\u00adesc vie\u021bile bizare, baz\u00e2n\u00addu-se pe p\u0103rin\u021bi sau pe alte familii, c\u00e2nd ar tre\u00adbui s\u0103 duc\u0103 o via\u021b\u0103 inde\u00adpen\u00adden\u00adt\u0103. Exist\u0103 multe alte con\u00adsecin\u021be bizare \u0219i inu\u00admane ale aces\u00adtei ide\u00adologii:<\/span><\/p>\n<ul class=\"ul1\">\n<li class=\"li11\"><span class=\"s1\">Cupluri sep\u00ada\u00adrate \u0219i divor\u021bate oblig\u00adate s\u0103 coabiteze<\/span><\/li>\n<li class=\"li11\"><span class=\"s1\">\u201cCouch\u00adsurf\u00ading\u201d \u0219i o cul\u00adtur\u0103 a depen\u00adden\u021bei for\u021bate de cas\u0103<\/span><\/li>\n<li class=\"li11\"><span class=\"s1\">Oameni care sunt for\u021ba\u021bi s\u0103 tr\u0103i\u00adasc\u0103 ore \u00eentre\u00adgi de la locul de munc\u0103, cu con\u00adsecin\u021be grave asupra s\u0103n\u0103t\u0103\u021bii \u0219i medi\u00adu\u00adlui.<\/span><\/li>\n<li class=\"li11\"><span class=\"s1\">Niveluri \u0219ocante ale per\u00adsoanelor f\u0103r\u0103 ad\u0103\u00adpost, inclu\u00adsiv ale copi\u00adilor, care dis\u00adtrug vie\u021bi \u0219i impun condi\u021bii de via\u021b\u0103 inu\u00admane, incom\u00adpat\u00adi\u00adbile cu o soci\u00adetate civ\u00adi\u00adliza\u00adt\u0103.<\/span><\/li>\n<\/ul>\n<p class=\"p10\"><span class=\"s1\">Irlan\u00adda are nevoie de un pro\u00adgram masiv de con\u00adstruc\u021bie de locuin\u021be pub\u00adlice care s\u0103 ofere con\u00adcuren\u021b\u0103 sec\u00adtoru\u00adlui pri\u00advat avar \u00een ceea ce prive\u0219te furnizarea de locuin\u021be. Acest lucru va avea dublul efect nece\u00adsar de cre\u0219tere a ofer\u00adtei \u0219i de reduc\u00adere a cos\u00adturilor, atenu\u00e2nd ast\u00adfel urgen\u021ba imo\u00adbil\u00adiar\u0103. La niv\u00adel cen\u00adtral \u0219i prin inter\u00admedi\u00adul autorit\u0103\u021bilor locale, un ast\u00adfel de pro\u00adgram de furnizare de case pub\u00adlice ar per\u00admite ca \u00eengri\u00adjirea oame\u00adnilor no\u0219tri \u0219i recrearea unor comu\u00adnit\u0103\u021bi func\u021bionale vibrante s\u0103 fie plasate mai pre\u00adsus de mod\u00adelul de locuin\u021be e\u0219u\u00adat de ast\u0103zi, care se bazeaz\u0103 exclu\u00adsiv pe prof\u00adit \u0219i pe ide\u00adolo\u00adgia thatch\u00aderist\u0103.<\/span><\/p>\n<p class=\"p8\"><span class=\"s2\">\u00cen \u00eentrea\u00adga Europ\u0103, o bun\u0103 politic\u0103 de s\u0103n\u0103\u00adtate pub\u00adlic\u0103 poate fi \u0219i este ade\u00adsea real\u00adiza\u00adt\u0103, exem\u00adple pre\u00adcum cel al Vienei dovedin\u00addu-se a fi un mod\u00adel la care putem aspi\u00adra. Tre\u00adbuie s\u0103 elim\u00adin\u0103m ide\u00adolo\u00adgia diviziv\u0103 din dome\u00adni\u00adul locuin\u021belor \u0219i s\u0103 con\u00adstru\u00adim locuin\u021be pub\u00adlice acum. Nim\u00adic altce\u00adva nu este capa\u00adbil s\u0103 rezolve aceast\u0103 urgen\u021b\u0103.<\/span><\/p>\n<h5 style=\"color: #1b3550;\"><span class=\"s1\"><b>Migra\u021bie<\/b><\/span><\/h5>\n<p class=\"p13\"><span class=\"s1\">Tex\u00adtul urmeaz\u0103 s\u0103 apar\u0103<\/span><\/p>\n<h5 style=\"color: #1b3550;\"><span class=\"s1\"><b>Asisten\u021b\u0103 medical\u0103<\/b><\/span><\/h5>\n<p class=\"p15\"><span class=\"s1\">\u00cen cal\u00adi\u00adtate de supravie\u021buitor al can\u00adceru\u00adlui, dar \u0219i din motive famil\u00adiale, sunt foarte famil\u00adiar\u00adizat cu sis\u00adtemul nos\u00adtru de s\u0103n\u0103\u00adtate. Este un sis\u00adtem dis\u00adfunc\u021bion\u00adal, plin de \u00eengri\u00adji\u00adtori ded\u00adi\u00adca\u021bi care lucreaz\u0103 din greu \u0219i care se ocup\u0103 c\u00e2t pot de bine de prob\u00adleme care nu \u021bin de ei. \u00cenc\u0103 o dat\u0103, geneza dis\u00adfunc\u021biei este ide\u00ado\u00adlog\u00adic\u0103. Solu\u021bia este evi\u00adden\u00adt\u0103 \u0219i a fost deja impus\u0103 de poporul irlan\u00addez.<\/span><\/p>\n<p class=\"p15\"><span class=\"s1\">Am votat \u0219i ni s\u2011a promis un sis\u00adtem de s\u0103n\u0103\u00adtate cu un sin\u00adgur niv\u00adel, gra\u00adtu\u00adit la locul de uti\u00adlizare \u0219i furnizat exclu\u00adsiv pe baza nevoilor de asis\u00adten\u021b\u0103 med\u00adical\u0103, f\u0103r\u0103 nici\u00adun alt fac\u00adtor. Nimeni nu ar tre\u00adbui s\u0103 moar\u0103 sau s\u0103 r\u0103m\u00e2n\u0103 bol\u00adnav din cauza lip\u00adsei de asis\u00adten\u021b\u0103 med\u00adical\u0103 disponi\u00adbil\u0103, pe care ar putea s\u0103 o primeasc\u0103 dac\u0103 ar avea mai mul\u021bi bani sau o asig\u00adu\u00adrare pri\u00advat\u0103 de s\u0103n\u0103\u00adtate. Este o obscen\u00adi\u00adtate. Refor\u00adma fun\u00adda\u00admen\u00adtal\u0103 nece\u00adsar\u0103 \u00een sis\u00adtemul nos\u00adtru a fost promis\u0103 de toate par\u00adtidele, dar nu a fost real\u00adiza\u00adt\u0103 de nici\u00adunul. Aceas\u00adta este o \u00eenc\u0103l\u00adcare fla\u00adgrant\u0103 a man\u00addat\u00adu\u00adlui prim\u00adit de la oamenii care i\u2011au ales.<\/span><\/p>\n<p class=\"p15\"><span class=\"s1\">\u201cSlain\u00adte\u00adcare\u201d tre\u00adbuie s\u0103 fie o pri\u00ador\u00adi\u00adtate \u0219i s\u0103 fie ofer\u00adit\u0103 \u00een mod transpar\u00adtinic pen\u00adtru noi to\u021bi. S\u0103n\u0103\u00adtatea oame\u00adnilor no\u0219tri este prea impor\u00adtan\u00adt\u0103 pen\u00adtru a fi supus\u0103 caprici\u00adilor politice sau unei moti\u00adva\u021bii de prof\u00adit nepotriv\u00adite care, une\u00adori, deter\u00admin\u0103 cine tr\u0103ie\u0219te \u0219i cine moare \u00een func\u021bie de c\u00e2t de bine se afl\u0103 oamenii. Acest lucru tre\u00adbuie s\u0103 \u00eenceteze.<\/span><\/p>\n<p>Pen\u00adtru mai multe infor\u00adma\u021bii v\u0103 rug\u0103m s\u0103 \u00eel con\u00adtac\u00adta\u021bi pe Bren\u00addan aici info@brendanogle.ie<\/p>\n<p>Face\u021bi clic pe link pen\u00adtru a v\u0103 \u00eentoarce la pag\u00adi\u00adna prin\u00adci\u00adpal\u0103 a plat\u00adformei politice cu imag\u00adi\u00adni \u0219i video <a href=\"https:\/\/brendanogle.ie\/political-platform\/\"><br>\n  <b>AICI<\/b><br>\n<\/a><\/p>\n","protected":false},"excerpt":{"rendered":"<p>PLATFORM\u0102 POLITIC\u0102 Face\u021bi ca Dublin s\u0103 fie auz\u00adit! \u2018Biroul meu de la Dublin va deveni un cen\u00adtru de infor\u00admare \u0219i \u00eenv\u0103\u021bare, unde se vor putea cunoa\u0219te cele mai bune prac\u00adti\u00adci din \u00eentrea\u00adga Europ\u0103, \u00een prob\u00adleme care afecteaz\u0103 \u00een mod fun\u00adda\u00admen\u00adtal pop\u00adu\u00adla\u021bia din Dublin. Voi orga\u00adni\u00adza ate\u00adliere de lucru \u0219i schim\u00adburi de infor\u00adma\u021bii \u0219i de com\u00adpe\u00adten\u021be.\u2026 <a class=\"continue\" href=\"https:\/\/brendanogle.ie\/ro\/platforma-politica-versiune-doar-text\/\">Con\u00adtin\u00adue Read\u00ading<span> Plat\u00adfor\u00adma politic\u0103 Ver\u00adsi\u00adune doar text<\/span><\/a><\/p>\n","protected":false},"author":1,"featured_media":0,"parent":0,"menu_order":0,"comment_status":"closed","ping_status":"closed","template":"","meta":{"_et_pb_use_builder":"","_et_pb_old_content":"","_et_gb_content_width":"","wp_typography_post_enhancements_disabled":false,"footnotes":""},"class_list":["post-4176","page","type-page","status-publish","hentry"],"_links":{"self":[{"href":"https:\/\/brendanogle.ie\/ro\/wp-json\/wp\/v2\/pages\/4176","targetHints":{"allow":["GET"]}}],"collection":[{"href":"https:\/\/brendanogle.ie\/ro\/wp-json\/wp\/v2\/pages"}],"about":[{"href":"https:\/\/brendanogle.ie\/ro\/wp-json\/wp\/v2\/types\/page"}],"author":[{"embeddable":true,"href":"https:\/\/brendanogle.ie\/ro\/wp-json\/wp\/v2\/users\/1"}],"replies":[{"embeddable":true,"href":"https:\/\/brendanogle.ie\/ro\/wp-json\/wp\/v2\/comments?post=4176"}],"version-history":[{"count":0,"href":"https:\/\/brendanogle.ie\/ro\/wp-json\/wp\/v2\/pages\/4176\/revisions"}],"wp:attachment":[{"href":"https:\/\/brendanogle.ie\/ro\/wp-json\/wp\/v2\/media?parent=4176"}],"curies":[{"name":"wp","href":"https:\/\/api.w.org\/{rel}","templated":true}]}}