{"id":4187,"date":"2024-04-15T19:09:09","date_gmt":"2024-04-15T19:09:09","guid":{"rendered":"https:\/\/brendanogle.ie\/politisk-plattform-endast-text-version\/"},"modified":"2024-04-15T19:09:09","modified_gmt":"2024-04-15T19:09:09","slug":"politisk-plattform-endast-text-version","status":"publish","type":"page","link":"https:\/\/brendanogle.ie\/sv\/politisk-plattform-endast-text-version\/","title":{"rendered":"Politisk plattform Endast text Version"},"content":{"rendered":"<h1 class=\"p1\" style=\"color: #1b3550;\"><span class=\"s1\">POLITISK PLATTFORM<\/span><\/h1>\n<h2 class=\"p3\"><span class=\"s1\">G\u00f6r Dublin h\u00f6rd!<\/span><\/h2>\n<p class=\"p4\"><span class=\"s1\">\u201cMitt kon\u00adtor i Dublin kom\u00admer att bli ett cen\u00adtrum f\u00f6r infor\u00adma\u00adtion och l\u00e4rande d\u00e4r man kan ta del av b\u00e4s\u00adta prax\u00adis i hela Europa i fr\u00e5\u00adgor som i grun\u00adden p\u00e5verkar Dublins befolkn\u00ading. Jag kom\u00admer att inr\u00e4t\u00adta work\u00adshops och utbyten av infor\u00adma\u00adtion och f\u00e4rdigheter. Dublin kom\u00admer f\u00f6r f\u00f6rs\u00adta g\u00e5n\u00adgen att p\u00e5 gemen\u00adskap\u00adsniv\u00e5 f\u00e5 se det all\u00adra b\u00e4s\u00adta som Europa har att erb\u00adju\u00adda.<\/span><\/p>\n<h3 style=\"color: #1b3550;\"><span class=\"s1\">En r\u00f6st f\u00f6r Dublin<\/span><\/h3>\n<h4 class=\"p7\"><span class=\"s1\">Politiska riktlinjer<\/span><\/h4>\n<h5 style=\"color: #1b3550;\"><span class=\"s1\"><b>Europeiska unionen<\/b><\/span><\/h5>\n<p class=\"p8\"><span class=\"s1\">Irl\u00e4nd\u00ads\u00adka Europa\u00adparla\u00admen\u00adtarik\u00ader har aldrig f\u00f6rt till\u00adba\u00adka det b\u00e4s\u00adta av Europa till Dublin. De har var\u00adit pas\u00adsi\u00adva och sj\u00e4lv\u00adbel\u00e5t\u00adna. Europeiska unio\u00adnen har m\u00e5n\u00adga bris\u00adter, bland annat ett demokratiskt under\u00adskott i sina struk\u00adtur\u00ader. Men allt \u00e4r inte d\u00e5ligt och Dublin\u00adbor\u00adna g\u00e5r miste om det b\u00e4s\u00adta av Europa<\/span><\/p>\n<p class=\"p8\"><span class=\"s1\">Var\u00adf\u00f6r kostar barnom\u00adsor\u00adgen i Tysk\u00adland en br\u00e5kdel av vad den kostar i Dublin, d\u00e4r den \u00e4r det st\u00f6rs\u00adta hin\u00addret f\u00f6r kvin\u00adnor att arbe\u00adta?<\/span><\/p>\n<p class=\"p8\"><span class=\"s1\">Hur kan Sverige ha ett utbild\u00adningssys\u00adtem som verk\u00adli\u00adgen \u00e4r \u201chela livet\u201d fr\u00e5n de tidi\u00adgaste \u00e5ldrar\u00adna och som ock\u00ads\u00e5 omfat\u00adtar \u201comsorg utan\u00adf\u00f6r skolan\u201d?<\/span><\/p>\n<p class=\"p8\"><span class=\"s1\">Hur kom\u00admer det sig att Fin\u00adland prak\u00adtiskt taget kan utro\u00adta hem\u00adl\u00f6sheten?<\/span><\/p>\n<p class=\"p8\"><span class=\"s1\">Skulle vi inte kun\u00adna dra nyt\u00adta av att \u00e5tmin\u00adstone diskutera och l\u00e4ra oss om Por\u00adtu\u00adgals sys\u00adtem f\u00f6r behan\u00addling av narkotikamiss\u00adbrukare?<\/span><\/p>\n<p class=\"p8\"><span class=\"s1\">Irl\u00e4n\u00addar\u00adna har aldrig f\u00e5tt se det transak\u00adtionel\u00adla gemen\u00adskapsv\u00e4rdet och den verk\u00adli\u00adga poten\u00adtialen i Europeiska unio\u00adnen. Som er oberoende par\u00adla\u00admentsledamot fr\u00e5n Dublin kom\u00admer jag att g\u00f6ra n\u00e5got som aldrig tidi\u00adgare har gjorts.<\/span><\/p>\n<p class=\"p8\"><span class=\"s1\">ANS\u00d6KAN \u2018<i>Mitt kon\u00adtor i Dublin kom\u00admer att bli ett cen\u00adtrum f\u00f6r infor\u00adma\u00adtion och l\u00e4rande d\u00e4r man kan ta del av de b\u00e4s\u00adta metoder\u00adna i Europa i fr\u00e5\u00adgor som i grun\u00adden p\u00e5verkar Dublins befolkn\u00ading. Jag kom\u00admer att inr\u00e4t\u00adta work\u00adshops och utbyten av infor\u00adma\u00adtion och f\u00e4rdigheter. Dublin kom\u00admer, f\u00f6r f\u00f6rs\u00adta g\u00e5n\u00adgen, att f\u00e5 se det all\u00adra b\u00e4s\u00adta som Europa har att erb\u00adju\u00adda p\u00e5 gemen\u00adskap\u00adsniv\u00e5.<\/i>\u2019<\/span><\/p>\n<p class=\"p8\"><span class=\"s1\">Jag har aldrig h\u00f6rt n\u00e5gon irl\u00e4nd\u00adsk par\u00adla\u00admentsledamot fr\u00e5\u00adga:<\/span><\/p>\n<p class=\"p8\"><span class=\"s1\">\u201cHur funger\u00adar Bel\u00adgiens strate\u00adgi f\u00f6r folkh\u00e4l\u00adsobest\u00e4m\u00admelser\u201d, eller<\/span><\/p>\n<p class=\"p8\"><span class=\"s1\">\u201cHur lyckas tyskar\u00adna h\u00e5l\u00adla kost\u00adnader\u00adna f\u00f6r barnom\u00adsorg s\u00e5 l\u00e5ga?\u201d, eller<\/span><\/p>\n<p class=\"p8\"><span class=\"s1\">\u201cHur till\u00adhan\u00addah\u00e5ller bostad\u00adsko\u00adop\u00ader\u00ada\u00adtiv\u00aden i st\u00e4der som Berlin och Antwer\u00adpen prisv\u00e4r\u00adda bost\u00e4der?\u201d.<\/span><\/p>\n<p class=\"p8\"><span class=\"s1\">Som er oberoende ledamot av Europa\u00adparla\u00admentet fr\u00e5n Dublin st\u00e4ller jag dessa fr\u00e5\u00adgor och tar med mig svaren och m\u00e4n\u00adnisko\u00adr\u00adna till er.<\/span><\/p>\n<p class=\"p8\"><span class=\"s1\">Jag \u00e4r inte pas\u00adsiv. Jag vill \u00e5stad\u00adkom\u00adma f\u00f6r\u00e4n\u00addring. Det \u00e4r vem jag \u00e4r och vad jag alltid har f\u00f6rs\u00f6kt att g\u00f6ra i mitt arbete och mitt liv. Jag vill bli er ledamot av Europa\u00adparla\u00admentet efter\u00adsom jag vill hj\u00e4l\u00adpa till att informera Dublins befolkn\u00ading om hur de har bliv\u00adit \u201cgasade\u201d till att acceptera att det nuvarande s\u00e4t\u00adtet att g\u00f6ra sak\u00ader p\u00e5, Fian\u00adna Fail och Fine Gaels s\u00e4tt, \u00e4r det enda s\u00e4t\u00adtet.<\/span><\/p>\n<p class=\"p8\"><span class=\"s1\">Det \u00e4r det inte, och det \u00e4r ett miss\u00adly\u00adckande! Vi m\u00e5ste \u00f6pp\u00adna v\u00e5ra sin\u00adnen och v\u00e5ra \u00f6gon f\u00f6r det b\u00e4s\u00adta av Europa.<\/span><\/p>\n<p class=\"p8\"><span class=\"s1\">Europeiska unio\u00adnen \u00e4r full\u00adprop\u00adpad med l\u00e4n\u00adder som \u00e4r lika h\u00e4n\u00adgiv\u00adna en kap\u00adi\u00adtal\u00adis\u00adtisk mod\u00adell som Irland alltid har var\u00adit och \u00e4nd\u00e5 kan den fak\u00adtiskt till\u00adhan\u00addah\u00e5l\u00adla :<\/span><\/p>\n<p class=\"p8\"><span class=\"s1\">-uni\u00adversell h\u00e4l\u00adso- och sjukv\u00e5rd<\/span><\/p>\n<p class=\"p8\"><span class=\"s1\">- bil\u00adlig barnom\u00adsorg,<\/span><\/p>\n<p class=\"p8\"><span class=\"s1\">- 4 dagars arbetsvec\u00adka<\/span><\/p>\n<p class=\"p8\"><span class=\"s1\">- 10 veck\u00ado\u00adrs semes\u00adter f\u00f6r arbet\u00adsta\u00adgare<\/span><\/p>\n<p class=\"p8\"><span class=\"s1\">- en verk\u00adligt kost\u00adnads\u00adfri uni\u00adver\u00adsitet\u00adsut\u00adbild\u00adning<\/span><\/p>\n<p class=\"p8\"><span class=\"s1\">- en lagf\u00e4st \u201cr\u00e4tt till bostad<\/span><\/p>\n<p class=\"p8\"><span class=\"s1\">- konkur\u00adren\u00adskrafti\u00adga bil\u00adf\u00f6rs\u00e4kring\u00adspris\u00ader och myck\u00adet mer.<\/span><\/p>\n<p class=\"p8\"><span class=\"s1\">Beh\u00f6ver inte m\u00e4n\u00adnisko\u00adr\u00adna i Dublin dessa sak\u00ader? F\u00f6rtj\u00e4\u00adnar vi inte dessa sak\u00ader?<\/span><\/p>\n<p class=\"p8\"><span class=\"s1\">F\u00f6ru\u00adtom att tala h\u00f6gt f\u00f6r Dublin, att s\u00e4t\u00adta Dublin i cen\u00adtrum f\u00f6r Europa, kom\u00admer jag att ta med allt ni beh\u00f6ver veta om det b\u00e4s\u00adta av Europa i alla dessa fr\u00e5\u00adgor och mer, rakt in i ert samh\u00e4lle.<\/span><\/p>\n<p class=\"p8\"><span class=\"s1\">Jag erb\u00adjud\u00ader ett annor\u00adlun\u00adda s\u00e4tt att se p\u00e5 er Europeiska union, ett helt nytt tillv\u00e4\u00adgag\u00e5ngss\u00e4tt. Som er oberoende par\u00adla\u00admentsledamot kom\u00admer jag att lev\u00ader\u00adera 100 pro\u00adcent och ett nytt fr\u00e4scht s\u00e4tt att se p\u00e5 Europa, att bed\u00f6\u00adma hur vi ska l\u00f6sa Dublins prob\u00adlem.<\/span><\/p>\n<p class=\"p8\"><span class=\"s1\">S\u00c4TTA DUBLIN I CENTRUM F\u00d6R RUROPA \u2014 G\u00d6RA DUBLIN H\u00d6RD<\/span><\/p>\n<h5 style=\"color: #1b3550;\"><span class=\"s1\"><b>Bost\u00e4der<\/b><\/span><\/h5>\n<p class=\"p10\"><span class=\"s1\">V\u00e5r bostad\u00adsn\u00f6d \u00e4r ett direkt resul\u00adtat av regerin\u00adgens poli\u00adtik. Det \u00e4r inte n\u00e5gon oly\u00adc\u00adka eller \u201cGuds han\u00addling\u201d. Det \u00e4r det direk\u00adta och enda m\u00f6jli\u00adga resul\u00adtatet av ett tydligt regerings\u00adbeslut \u2014 beslutet \u00e4r att inte byg\u00adga allm\u00e4n\u00adnyt\u00adti\u00adga bost\u00e4der.<\/span><\/p>\n<p class=\"p10\"><span class=\"s1\">Upprin\u00adnelsen till det\u00adta val \u00e4r Thatch\u00aderide\u00adolo\u00adgin, som g\u00e5r till\u00adba\u00adka till b\u00f6r\u00adjan av 1980-talet, att behand\u00adla det grundl\u00e4g\u00adgande m\u00e4n\u00adskli\u00adga behovet av och r\u00e4t\u00adten till tak \u00f6ver huvudet som en han\u00addelsvara f\u00f6r vinst, till och med som en lyx, oavsett de m\u00e4n\u00adskli\u00adga kon\u00adsekvenser\u00adna. Alla regeringsparti\u00ader har sedan dess k\u00f6pt den\u00adna ide\u00adolo\u00adgi i en s\u00e5dan utstr\u00e4ck\u00adn\u00ading att de lokala myn\u00addigheter\u00adna har ber\u00f6\u00advats sin f\u00f6r\u00adm\u00e5\u00adga att byg\u00adga bost\u00e4der och de f\u00e4rdigheter och resurs\u00ader som kr\u00e4vs f\u00f6r att pro\u00adduc\u00adera och under\u00adh\u00e5l\u00adla \u00e4kta allm\u00e4n\u00adnyt\u00adti\u00adga bost\u00e4der. I st\u00e4l\u00adlet har de helt och h\u00e5l\u00adlet \u00f6ver\u00adl\u00e5tit den\u00adna allm\u00e4n\u00adna nyt\u00adtighet till en girig pri\u00advat sek\u00adtor med vin\u00adst\u00adsyfte, som helt sak\u00adnar intresse f\u00f6r det allm\u00e4n\u00adna b\u00e4s\u00adta eller sociala behov.<\/span><\/p>\n<p class=\"p10\"><span class=\"s1\">\u00c5rtion\u00adden av den\u00adna extrema h\u00f6geride\u00adolo\u00adgi har lett till att det bara finns ett litet allm\u00e4n\u00adnyt\u00adtigt bostads\u00adbest\u00e5nd kvar. Sam\u00adtidigt finns det nu gen\u00ader\u00ada\u00adtioner av unga m\u00e4n\u00adniskor vars f\u00f6rv\u00e4nt\u00adningar p\u00e5 att ha ett eget hem inte har bliv\u00adit mer \u00e4n en \u00f6nske\u00addr\u00f6m som de har i 20\u2011, 30- och till och med 40-\u00e5rs\u00e5ldern medan de lever bis\u00adar\u00adra liv beroende av f\u00f6r\u00e4l\u00addrar eller annan familj n\u00e4r de bor\u00adde leva sj\u00e4lvst\u00e4ndi\u00adga liv. Det finns m\u00e5n\u00adga andra bis\u00adar\u00adra och om\u00e4n\u00adskli\u00adga kon\u00adsekvenser av den\u00adna ide\u00adolo\u00adgi:<\/span><\/p>\n<ul class=\"ul1\">\n<li class=\"li11\"><span class=\"s1\">Sep\u00ada\u00adr\u00aderade och fr\u00e5n\u00adskil\u00adda par som tvin\u00adgas leva till\u00adsam\u00admans<\/span><\/li>\n<li class=\"li11\"><span class=\"s1\">\u201cCouch\u00adsurf\u00ading\u201d och en kul\u00adtur av p\u00e5tvin\u00adgat hem\u00adberoende<\/span><\/li>\n<li class=\"li11\"><span class=\"s1\">M\u00e4n\u00adniskor tvin\u00adgas leva tim\u00admar fr\u00e5n sitt arbete med all\u00advarli\u00adga kon\u00adsekvenser f\u00f6r h\u00e4l\u00adsa och milj\u00f6<\/span><\/li>\n<li class=\"li11\"><span class=\"s1\">Chockerande niv\u00e5er av hem\u00adl\u00f6shet, inbe\u00adgripet hem\u00adl\u00f6shet bland barn, som f\u00f6rd\u00e4r\u00advar liv och med\u00adf\u00f6r om\u00e4n\u00adskli\u00adga lev\u00adnadsvil\u00adlkor som \u00e4r of\u00f6ren\u00adli\u00adga med ett civilis\u00ader\u00adat samh\u00e4lle.<\/span><\/li>\n<\/ul>\n<p class=\"p10\"><span class=\"s1\">Irland beh\u00f6ver ett mas\u00adsivt offentligt bostads\u00adbyg\u00adgnad\u00adspro\u00adgram som konkur\u00adrerar med den giri\u00adga pri\u00adva\u00adta sek\u00adtorn f\u00f6r bostads\u00adf\u00f6rs\u00f6r\u00adjn\u00ading. Det\u00adta kom\u00admer att ha den n\u00f6d\u00adv\u00e4ndi\u00adga dub\u00adbla effek\u00adten att \u00f6ka utbudet och dri\u00adva ned kost\u00adnader\u00adna och d\u00e4rigenom lin\u00addra bostad\u00adsn\u00f6\u00adden. Cen\u00adtralt, och genom lokala myn\u00addigheter, skulle ett s\u00e5dant pro\u00adgram f\u00f6r till\u00adhan\u00addah\u00e5l\u00adlande av offentli\u00adga lokaler inneb\u00e4ra att v\u00e5r\u00adden av v\u00e5ra med\u00adbor\u00adgare och \u00e5ter\u00adska\u00adpan\u00addet av liv\u00adful\u00adla funk\u00adtionel\u00adla samh\u00e4llen pri\u00ador\u00adit\u00aderas fram\u00adf\u00f6r dagens miss\u00adly\u00adck\u00adade bostadsmod\u00adell, som enbart byg\u00adger p\u00e5 vinst och Thatch\u00aderide\u00adolo\u00adgi.<\/span><\/p>\n<p class=\"p8\"><span class=\"s2\">I hela Europa kan en god folkh\u00e4l\u00adsopoli\u00adtik upp\u00adn\u00e5s, och den upp\u00adn\u00e5s ofta, och exem\u00adpel som Wien har s\u00e4rskilt visat sig vara en mod\u00adell som vi kan str\u00e4\u00adva efter. Vi m\u00e5ste ta bort den split\u00adtrande ide\u00adolo\u00adgin fr\u00e5n bost\u00e4der och byg\u00adga allm\u00e4n\u00adnyt\u00adti\u00adga bost\u00e4der nu. Det finns inget annat som kan hantera n\u00f6d\u00adsi\u00adt\u00adu\u00ada\u00adtio\u00adnen.<\/span><\/p>\n<h5 style=\"color: #1b3550;\"><span class=\"s1\"><b>Migration<\/b><\/span><\/h5>\n<p class=\"p13\"><span class=\"s1\">Text att kom\u00adma<\/span><\/p>\n<h5 style=\"color: #1b3550;\"><span class=\"s1\"><b>H\u00e4lso- och sjukv\u00e5rd<\/b><\/span><\/h5>\n<p class=\"p15\"><span class=\"s1\">Som can\u00adcer\u00f6ver\u00adl\u00adevare, och \u00e4ven av famil\u00adjesk\u00e4l, \u00e4r jag myck\u00adet bekant med v\u00e5rt sjukv\u00e5rdssys\u00adtem. Det \u00e4r ett dys\u00adfunk\u00adtionellt sys\u00adtem fyllt av h\u00e5rt arbe\u00adtande och engager\u00adade v\u00e5rd\u00adgi\u00advare som hanter\u00adar prob\u00adlem som de inte sj\u00e4l\u00adva har orsakat s\u00e5 bra de kan. \u00c5teri\u00adgen \u00e4r orsak\u00aden till dys\u00adfunk\u00adtio\u00adnen ide\u00adol\u00ado\u00adgisk. L\u00f6s\u00adnin\u00adgen \u00e4r uppen\u00adbar och har redan god\u00adk\u00e4nts av det irl\u00e4nd\u00ads\u00adka folket.<\/span><\/p>\n<p class=\"p15\"><span class=\"s1\">Vi har r\u00f6s\u00adtat f\u00f6r, och bliv\u00adit lovade, ett sjukv\u00e5rdssys\u00adtem med en enda niv\u00e5 som \u00e4r gratis vid anv\u00e4nd\u00adningstillf\u00e4l\u00adlet och som till\u00adhan\u00addah\u00e5lls enbart baser\u00adat p\u00e5 sjukv\u00e5rds\u00adbe\u00adhov och ingen annan fak\u00adtor. Ingen ska beh\u00f6\u00adva d\u00f6 eller f\u00f6r\u00adbli sjuk p\u00e5 grund av att de inte f\u00e5r till\u00adg\u00e5ng till den sjukv\u00e5rd som de skulle kun\u00adna f\u00e5 om de bara hade mer pen\u00adgar eller en pri\u00advat sjuk\u00adf\u00f6rs\u00e4kring. Det \u00e4r en obscen\u00aditet. Den grundl\u00e4g\u00adgande reform som beh\u00f6vs i v\u00e5rt sys\u00adtem har utlo\u00advats av alla parti\u00ader, men ingen har lyck\u00adats genom\u00adf\u00f6ra den. Det\u00adta \u00e4r en uppen\u00adbar \u00f6vertr\u00e4delse av deras man\u00addat fr\u00e5n de m\u00e4n\u00adniskor som valt dem.<\/span><\/p>\n<p class=\"p15\"><span class=\"s1\">\u201cSlain\u00adte\u00adcare\u201d m\u00e5ste pri\u00ador\u00adit\u00aderas och genom\u00adf\u00f6ras p\u00e5 par\u00adti\u00f6ver\u00adskri\u00addande basis f\u00f6r oss alla. V\u00e5r befolkn\u00adings h\u00e4l\u00adsa \u00e4r allt\u00adf\u00f6r vik\u00adtig f\u00f6r att bli f\u00f6rem\u00e5l f\u00f6r poli\u00adtiska nyck\u00adfull\u00adheter eller ett ol\u00e4mpligt vin\u00adst\u00admo\u00adtiv som ibland avg\u00f6r vem som lever och vem som d\u00f6r p\u00e5 grund\u00adval av hur v\u00e4lbest\u00e4ll\u00adda m\u00e4n\u00adniskor \u00e4r. Det\u00adta m\u00e5ste f\u00e5 ett slut.<\/span><\/p>\n<p>F\u00f6r mer infor\u00adma\u00adtion v\u00e4n\u00adli\u00adgen kon\u00adtak\u00adta Bren\u00addan h\u00e4r info@brendanogle.ie<\/p>\n<p>Klic\u00adka p\u00e5 l\u00e4nken f\u00f6r att g\u00e5 till\u00adba\u00adka till huvudsi\u00addan f\u00f6r den poli\u00adtiska plat\u00adtfor\u00admen med bilder och video <a href=\"https:\/\/brendanogle.ie\/political-platform\/\"><br>\n  <b>H\u00c4R<\/b><br>\n<\/a><\/p>\n","protected":false},"excerpt":{"rendered":"<p>POLITISK PLATTFORM G\u00f6r Dublin h\u00f6rd! \u201cMitt kon\u00adtor i Dublin kom\u00admer att bli ett cen\u00adtrum f\u00f6r infor\u00adma\u00adtion och l\u00e4rande d\u00e4r man kan ta del av b\u00e4s\u00adta prax\u00adis i hela Europa i fr\u00e5\u00adgor som i grun\u00adden p\u00e5verkar Dublins befolkn\u00ading. Jag kom\u00admer att inr\u00e4t\u00adta work\u00adshops och utbyten av infor\u00adma\u00adtion och f\u00e4rdigheter. Dublin kom\u00admer f\u00f6r f\u00f6rs\u00adta g\u00e5n\u00adgen att p\u00e5\u2026 <a class=\"continue\" href=\"https:\/\/brendanogle.ie\/sv\/politisk-plattform-endast-text-version\/\">Con\u00adtin\u00adue Read\u00ading<span> Poli\u00adtisk plat\u00adtform Endast text Ver\u00adsion<\/span><\/a><\/p>\n","protected":false},"author":1,"featured_media":0,"parent":0,"menu_order":0,"comment_status":"closed","ping_status":"closed","template":"","meta":{"_et_pb_use_builder":"","_et_pb_old_content":"","_et_gb_content_width":"","wp_typography_post_enhancements_disabled":false,"footnotes":""},"class_list":["post-4187","page","type-page","status-publish","hentry"],"_links":{"self":[{"href":"https:\/\/brendanogle.ie\/sv\/wp-json\/wp\/v2\/pages\/4187","targetHints":{"allow":["GET"]}}],"collection":[{"href":"https:\/\/brendanogle.ie\/sv\/wp-json\/wp\/v2\/pages"}],"about":[{"href":"https:\/\/brendanogle.ie\/sv\/wp-json\/wp\/v2\/types\/page"}],"author":[{"embeddable":true,"href":"https:\/\/brendanogle.ie\/sv\/wp-json\/wp\/v2\/users\/1"}],"replies":[{"embeddable":true,"href":"https:\/\/brendanogle.ie\/sv\/wp-json\/wp\/v2\/comments?post=4187"}],"version-history":[{"count":0,"href":"https:\/\/brendanogle.ie\/sv\/wp-json\/wp\/v2\/pages\/4187\/revisions"}],"wp:attachment":[{"href":"https:\/\/brendanogle.ie\/sv\/wp-json\/wp\/v2\/media?parent=4187"}],"curies":[{"name":"wp","href":"https:\/\/api.w.org\/{rel}","templated":true}]}}